{"id":3,"date":"2022-05-17T03:40:17","date_gmt":"2022-05-17T03:40:17","guid":{"rendered":"http:\/\/combustion.stagemysite.com\/?page_id=3"},"modified":"2022-06-14T17:35:09","modified_gmt":"2022-06-14T17:35:09","slug":"privacy-policy","status":"publish","type":"page","link":"https:\/\/combustionregulator.com\/es\/privacy-policy\/","title":{"rendered":"Pol\u00edtica de privacidad"},"content":{"rendered":"<div data-elementor-type=\"wp-page\" data-elementor-id=\"3\" class=\"elementor elementor-3\" data-elementor-post-type=\"page\">\n\t\t\t\t\t\t<section class=\"elementor-section elementor-top-section elementor-element elementor-element-2dc9189 elementor-section-boxed elementor-section-height-default elementor-section-height-default\" data-id=\"2dc9189\" data-element_type=\"section\" data-e-type=\"section\">\n\t\t\t\t\t\t<div class=\"elementor-container elementor-column-gap-default\">\n\t\t\t\t\t<div class=\"elementor-column elementor-col-50 elementor-top-column elementor-element elementor-element-83acba7\" data-id=\"83acba7\" data-element_type=\"column\" data-e-type=\"column\">\n\t\t\t<div class=\"elementor-widget-wrap elementor-element-populated\">\n\t\t\t\t\t\t<div class=\"elementor-element elementor-element-43d22fd elementor-widget elementor-widget-heading\" data-id=\"43d22fd\" data-element_type=\"widget\" data-e-type=\"widget\" data-widget_type=\"heading.default\">\n\t\t\t\t<div class=\"elementor-widget-container\">\n\t\t\t\t\t<h1 class=\"elementor-heading-title elementor-size-default\">Pol\u00edtica de privacidad<\/h1>\t\t\t\t<\/div>\n\t\t\t\t<\/div>\n\t\t\t\t<div class=\"elementor-element elementor-element-2bef9bd elementor-widget-divider--view-line elementor-widget elementor-widget-divider\" data-id=\"2bef9bd\" data-element_type=\"widget\" data-e-type=\"widget\" data-widget_type=\"divider.default\">\n\t\t\t\t<div class=\"elementor-widget-container\">\n\t\t\t\t\t\t\t<div class=\"elementor-divider\">\n\t\t\t<span class=\"elementor-divider-separator\">\n\t\t\t\t\t\t<\/span>\n\t\t<\/div>\n\t\t\t\t\t\t<\/div>\n\t\t\t\t<\/div>\n\t\t\t\t<div class=\"elementor-element elementor-element-0569e41 elementor-widget elementor-widget-spacer\" data-id=\"0569e41\" data-element_type=\"widget\" data-e-type=\"widget\" data-widget_type=\"spacer.default\">\n\t\t\t\t<div class=\"elementor-widget-container\">\n\t\t\t\t\t\t\t<div class=\"elementor-spacer\">\n\t\t\t<div class=\"elementor-spacer-inner\"><\/div>\n\t\t<\/div>\n\t\t\t\t\t\t<\/div>\n\t\t\t\t<\/div>\n\t\t\t\t<div class=\"elementor-element elementor-element-e98072e elementor-widget elementor-widget-text-editor\" data-id=\"e98072e\" data-element_type=\"widget\" data-e-type=\"widget\" data-widget_type=\"text-editor.default\">\n\t\t\t\t<div class=\"elementor-widget-container\">\n\t\t\t\t\t\t\t\t\t<p><strong>Correo electr\u00f3nico y otra informaci\u00f3n personal<\/strong><br \/>Nunca compartiremos, venderemos o alquilaremos su direcci\u00f3n de correo electr\u00f3nico, n\u00famero de tel\u00e9fono, direcci\u00f3n f\u00edsica o cualquier otra informaci\u00f3n personal con nadie a menos que lo ordene un tribunal de justicia. Utilizamos principalmente el correo electr\u00f3nico para comunicarnos con los clientes sobre solicitudes o pedidos. Ocasionalmente, enviamos mensajes de correo electr\u00f3nico sobre promociones, nuevos productos u otras noticias de la empresa. Cada uno de estos mensajes contiene una forma sencilla y automatizada de dejar de recibir correos electr\u00f3nicos nuestros.<\/p><p>Para cada visitante de nuestra p\u00e1gina web, nuestro servidor web reconoce y almacena autom\u00e1ticamente la direcci\u00f3n IP del visitante (siempre que sea posible), pero no la direcci\u00f3n de correo electr\u00f3nico. La informaci\u00f3n que recopilamos se utiliza para mejorar el contenido de nuestro sitio web y no se comparte con otras organizaciones con fines comerciales. No vendemos, alquilamos ni intercambiamos la informaci\u00f3n de nuestros visitantes con terceros, excepto seg\u00fan lo exija una citaci\u00f3n, una orden de allanamiento u otro proceso legal.<\/p><p><strong>Seguridad<\/strong><br \/>Siempre usamos encriptaci\u00f3n SSL cuando transferimos y recibimos datos de consumidores intercambiados con nuestro sitio.<\/p><p><strong>Galletas<\/strong><br \/>Una \u201ccookie\u201d es un peque\u00f1o archivo de datos transferido por un sitio web al disco duro de su computadora. La mayor\u00eda de los navegadores aceptan autom\u00e1ticamente las cookies de forma predeterminada, pero normalmente puede rechazar las cookies o aceptar determinadas cookies de forma selectiva ajustando las preferencias de su navegador. Si desactiva las cookies, es posible que algunas funciones de nuestro sitio no est\u00e9n disponibles para usted y que algunas p\u00e1ginas web no se muestren correctamente.<\/p><p>Nuestro sitio web utiliza cookies para:<br \/>\u2022 Recordar art\u00edculos en su carrito de compras.<br \/>\u2022 Habilitar el pago.<br \/>\u2022 Determine su pa\u00eds para que podamos mostrar las opciones de env\u00edo correctas<br \/>\u2022 Recopilar informaci\u00f3n agregada que nos permita analizar patrones de tr\u00e1fico en nuestro sitio (no se almacena informaci\u00f3n personal).<\/p><p><strong>Publicidad online<\/strong><br \/>Los proveedores externos, incluido Google, muestran nuestros anuncios en sitios de Internet.<br \/>Los proveedores de terceros, incluido Google, utilizan cookies para publicar nuestros anuncios en funci\u00f3n de las visitas anteriores de un usuario a nuestro sitio web.<br \/>Los usuarios pueden rechazar el uso de cookies por parte de Google visitando la p\u00e1gina de exclusi\u00f3n de publicidad de Google: http:\/\/www.google.com\/policies\/privacy\/ads\/<\/p><p><strong>\u00bfRetroalimentaci\u00f3n?<br \/><\/strong>Si cree que no estamos siguiendo nuestra pol\u00edtica de informaci\u00f3n establecida, por favor <a href=\"mailto:sales@equipmentcontrols.com\">Cont\u00e1ctenos.<\/a><\/p><p>Tambi\u00e9n puede comunicarse con:<br \/>\u2022 cap\u00edtulos estatales o locales del Better Business Bureau;<br \/>\u2022 Oficina de protecci\u00f3n al consumidor estatal o local; o,<br \/>\u2022 La Comisi\u00f3n Federal de Comercio por tel\u00e9fono al 202-FTC-HELP (202-382-4357) o electr\u00f3nicamente en http:\/\/www.ftc.gov\/ftc\/complaint.shtm.<\/p>\t\t\t\t\t\t\t\t<\/div>\n\t\t\t\t<\/div>\n\t\t\t\t<div class=\"elementor-element elementor-element-dea80c4 elementor-widget-divider--view-line elementor-widget elementor-widget-divider\" data-id=\"dea80c4\" data-element_type=\"widget\" data-e-type=\"widget\" data-widget_type=\"divider.default\">\n\t\t\t\t<div class=\"elementor-widget-container\">\n\t\t\t\t\t\t\t<div class=\"elementor-divider\">\n\t\t\t<span class=\"elementor-divider-separator\">\n\t\t\t\t\t\t<\/span>\n\t\t<\/div>\n\t\t\t\t\t\t<\/div>\n\t\t\t\t<\/div>\n\t\t\t\t<div class=\"elementor-element elementor-element-68414a2 elementor-widget elementor-widget-heading\" data-id=\"68414a2\" data-element_type=\"widget\" data-e-type=\"widget\" data-widget_type=\"heading.default\">\n\t\t\t\t<div class=\"elementor-widget-container\">\n\t\t\t\t\t<p class=\"elementor-heading-title elementor-size-default\">Para obtener m\u00e1s informaci\u00f3n sobre los reguladores de combusti\u00f3n, comun\u00edquese con nuestros especialistas al 800.554.1036.<\/p>\t\t\t\t<\/div>\n\t\t\t\t<\/div>\n\t\t\t\t\t<\/div>\n\t\t<\/div>\n\t\t\t\t<div class=\"elementor-column elementor-col-50 elementor-top-column elementor-element elementor-element-567ed1c\" data-id=\"567ed1c\" data-element_type=\"column\" data-e-type=\"column\">\n\t\t\t<div class=\"elementor-widget-wrap elementor-element-populated\">\n\t\t\t\t\t\t<div class=\"elementor-element elementor-element-3de58a0 elementor-widget elementor-widget-template\" data-id=\"3de58a0\" data-element_type=\"widget\" data-e-type=\"widget\" data-widget_type=\"template.default\">\n\t\t\t\t<div class=\"elementor-widget-container\">\n\t\t\t\t\t\t\t<div class=\"elementor-template\">\n\t\t\t\t\t<div data-elementor-type=\"section\" data-elementor-id=\"20\" class=\"elementor elementor-20\" data-elementor-post-type=\"elementor_library\">\n\t\t\t\t\t<section class=\"elementor-section elementor-inner-section elementor-element elementor-element-6b6f0ce1 elementor-section-full_width elementor-section-height-default elementor-section-height-default\" data-id=\"6b6f0ce1\" data-element_type=\"section\" data-e-type=\"section\" data-settings=\"{&quot;background_background&quot;:&quot;classic&quot;}\">\n\t\t\t\t\t\t<div class=\"elementor-container elementor-column-gap-no\">\n\t\t\t\t\t<div class=\"elementor-column elementor-col-100 elementor-inner-column elementor-element elementor-element-b9ca68c\" data-id=\"b9ca68c\" data-element_type=\"column\" data-e-type=\"column\">\n\t\t\t<div class=\"elementor-widget-wrap elementor-element-populated\">\n\t\t\t\t\t\t<div class=\"elementor-element elementor-element-673103d7 elementor-widget elementor-widget-heading\" data-id=\"673103d7\" data-element_type=\"widget\" data-e-type=\"widget\" data-widget_type=\"heading.default\">\n\t\t\t\t<div class=\"elementor-widget-container\">\n\t\t\t\t\t<h2 class=\"elementor-heading-title elementor-size-default\">Hablemos de reguladores<\/h2>\t\t\t\t<\/div>\n\t\t\t\t<\/div>\n\t\t\t\t<div class=\"elementor-element elementor-element-afa6154 elementor-widget elementor-widget-html\" data-id=\"afa6154\" data-element_type=\"widget\" data-e-type=\"widget\" data-widget_type=\"html.default\">\n\t\t\t\t<div class=\"elementor-widget-container\">\n\t\t\t\t\t<div data-form-block-id=\"b3d2a22a-526f-ed11-9563-6045bd0067b8\"><\/div>\n\n<!--\n<script src=\"https:\/\/mktdplp102cdn.azureedge.net\/public\/latest\/js\/form-loader.js?v=1.84.2007\"><\/script> <div id=\"dREA_yX40UhUkAcgwivMux-ZKP2eKMdTrXWp4nukV3Xc\"><\/div><script src=\"https:\/\/mktdplp102cdn.azureedge.net\/public\/latest\/js\/ws-tracking.js?v=1.84.2007\"><\/script><div class=\"d365-mkt-config\" style=\"display:none\" data-website-id=\"REA_yX40UhUkAcgwivMux-ZKP2eKMdTrXWp4nukV3Xc\" data-hostname=\"ace655ad32ba4c7ca0d5c6b3ade56548.svc.dynamics.com\"><\/div> -->\t\t\t\t<\/div>\n\t\t\t\t<\/div>\n\t\t\t\t\t<\/div>\n\t\t<\/div>\n\t\t\t\t\t<\/div>\n\t\t<\/section>\n\t\t\t\t<section class=\"elementor-section elementor-top-section elementor-element elementor-element-7a4456e6 elementor-section-full_width elementor-section-height-default elementor-section-height-default\" data-id=\"7a4456e6\" data-element_type=\"section\" data-e-type=\"section\">\n\t\t\t\t\t\t<div class=\"elementor-container elementor-column-gap-no\">\n\t\t\t\t\t<div class=\"elementor-column elementor-col-100 elementor-top-column elementor-element elementor-element-30cd8038\" data-id=\"30cd8038\" data-element_type=\"column\" data-e-type=\"column\">\n\t\t\t<div class=\"elementor-widget-wrap elementor-element-populated\">\n\t\t\t\t\t\t<section class=\"elementor-section elementor-inner-section elementor-element elementor-element-1ae498ca elementor-section-full_width elementor-section-height-default elementor-section-height-default\" data-id=\"1ae498ca\" data-element_type=\"section\" data-e-type=\"section\">\n\t\t\t\t\t\t<div class=\"elementor-container elementor-column-gap-no\">\n\t\t\t\t\t<div class=\"elementor-column elementor-col-100 elementor-inner-column elementor-element elementor-element-74249d4b\" data-id=\"74249d4b\" data-element_type=\"column\" data-e-type=\"column\">\n\t\t\t<div class=\"elementor-widget-wrap elementor-element-populated\">\n\t\t\t\t\t\t<div class=\"elementor-element elementor-element-233e1f30 elementor-widget elementor-widget-image\" data-id=\"233e1f30\" data-element_type=\"widget\" data-e-type=\"widget\" data-widget_type=\"image.default\">\n\t\t\t\t<div class=\"elementor-widget-container\">\n\t\t\t\t\t\t\t\t\t\t\t\t\t\t\t\t<a href=\"https:\/\/combustionregulator.com\/es\/resources\/\">\n\t\t\t\t\t\t\t<img fetchpriority=\"high\" decoding=\"async\" width=\"703\" height=\"307\" src=\"https:\/\/combustionregulator.com\/wp-content\/uploads\/2022\/05\/Resources-Green.jpg\" class=\"attachment-full size-full wp-image-90\" alt=\"Resources-Green\" srcset=\"https:\/\/combustionregulator.com\/wp-content\/uploads\/2022\/05\/Resources-Green.jpg 703w, https:\/\/combustionregulator.com\/wp-content\/uploads\/2022\/05\/Resources-Green-300x131.jpg 300w, https:\/\/combustionregulator.com\/wp-content\/uploads\/2022\/05\/Resources-Green-600x262.jpg 600w\" sizes=\"(max-width: 703px) 100vw, 703px\" \/>\t\t\t\t\t\t\t\t<\/a>\n\t\t\t\t\t\t\t\t\t\t\t\t\t\t\t<\/div>\n\t\t\t\t<\/div>\n\t\t\t\t\t<\/div>\n\t\t<\/div>\n\t\t\t\t\t<\/div>\n\t\t<\/section>\n\t\t\t\t\t<\/div>\n\t\t<\/div>\n\t\t\t\t\t<\/div>\n\t\t<\/section>\n\t\t\t\t<section class=\"elementor-section elementor-top-section elementor-element elementor-element-52ff22d elementor-section-full_width elementor-section-height-default elementor-section-height-default\" data-id=\"52ff22d\" data-element_type=\"section\" data-e-type=\"section\">\n\t\t\t\t\t\t<div class=\"elementor-container elementor-column-gap-no\">\n\t\t\t\t\t<div class=\"elementor-column elementor-col-100 elementor-top-column elementor-element elementor-element-173a27c7\" data-id=\"173a27c7\" data-element_type=\"column\" data-e-type=\"column\">\n\t\t\t<div class=\"elementor-widget-wrap elementor-element-populated\">\n\t\t\t\t\t\t<section class=\"elementor-section elementor-inner-section elementor-element elementor-element-69731ee7 elementor-section-full_width elementor-section-height-default elementor-section-height-default\" data-id=\"69731ee7\" data-element_type=\"section\" data-e-type=\"section\">\n\t\t\t\t\t\t<div class=\"elementor-container elementor-column-gap-no\">\n\t\t\t\t\t<div class=\"elementor-column elementor-col-100 elementor-inner-column elementor-element elementor-element-2fe66527\" data-id=\"2fe66527\" data-element_type=\"column\" data-e-type=\"column\">\n\t\t\t<div class=\"elementor-widget-wrap elementor-element-populated\">\n\t\t\t\t\t\t<div class=\"elementor-element elementor-element-7869c6d8 pdf-download elementor-widget elementor-widget-image\" data-id=\"7869c6d8\" data-element_type=\"widget\" data-e-type=\"widget\" data-widget_type=\"image.default\">\n\t\t\t\t<div class=\"elementor-widget-container\">\n\t\t\t\t\t\t\t\t\t\t\t\t\t\t\t\t<a href=\"https:\/\/combustionregulator.com\/wp-content\/uploads\/2022\/08\/ECCO-Regulator-Worksheet-CR-08.09.22.pdf\" target=\"_blank\">\n\t\t\t\t\t\t\t<img decoding=\"async\" width=\"703\" height=\"309\" src=\"https:\/\/combustionregulator.com\/wp-content\/uploads\/2022\/05\/Worksheet-Box.jpg\" class=\"attachment-full size-full wp-image-19\" alt=\"Download Regulator Application Worksheet\" srcset=\"https:\/\/combustionregulator.com\/wp-content\/uploads\/2022\/05\/Worksheet-Box.jpg 703w, https:\/\/combustionregulator.com\/wp-content\/uploads\/2022\/05\/Worksheet-Box-600x264.jpg 600w, https:\/\/combustionregulator.com\/wp-content\/uploads\/2022\/05\/Worksheet-Box-300x132.jpg 300w\" sizes=\"(max-width: 703px) 100vw, 703px\" \/>\t\t\t\t\t\t\t\t<\/a>\n\t\t\t\t\t\t\t\t\t\t\t\t\t\t\t<\/div>\n\t\t\t\t<\/div>\n\t\t\t\t<div class=\"elementor-element elementor-element-4468f56c elementor-widget elementor-widget-spacer\" data-id=\"4468f56c\" data-element_type=\"widget\" data-e-type=\"widget\" data-widget_type=\"spacer.default\">\n\t\t\t\t<div class=\"elementor-widget-container\">\n\t\t\t\t\t\t\t<div class=\"elementor-spacer\">\n\t\t\t<div class=\"elementor-spacer-inner\"><\/div>\n\t\t<\/div>\n\t\t\t\t\t\t<\/div>\n\t\t\t\t<\/div>\n\t\t\t\t\t<\/div>\n\t\t<\/div>\n\t\t\t\t\t<\/div>\n\t\t<\/section>\n\t\t\t\t\t<\/div>\n\t\t<\/div>\n\t\t\t\t\t<\/div>\n\t\t<\/section>\n\t\t\t\t<\/div>\n\t\t\t\t<\/div>\n\t\t\t\t\t\t<\/div>\n\t\t\t\t<\/div>\n\t\t\t\t\t<\/div>\n\t\t<\/div>\n\t\t\t\t\t<\/div>\n\t\t<\/section>\n\t\t\t\t<\/div>","protected":false},"excerpt":{"rendered":"<p>Privacy Policy E-mail and other personal informationWe will never share, sell, or rent your e-mail address, phone number, physical address or any other personal information with anyone unless ordered by a court of law. We primarily use email to communicate with customers about requests or orders. We occasionally send email messages about promotions, new products, [&hellip;]<\/p>\n","protected":false},"author":1,"featured_media":0,"parent":0,"menu_order":0,"comment_status":"closed","ping_status":"open","template":"elementor_header_footer","meta":{"footnotes":""},"class_list":["post-3","page","type-page","status-publish","hentry"],"yoast_head":"<!-- This site is optimized with the Yoast SEO plugin v27.2 - https:\/\/yoast.com\/product\/yoast-seo-wordpress\/ -->\n<title>Privacy Policy - Combustion Regulator<\/title>\n<meta name=\"robots\" content=\"index, follow, max-snippet:-1, max-image-preview:large, max-video-preview:-1\" \/>\n<link rel=\"canonical\" href=\"https:\/\/combustionregulator.com\/es\/privacy-policy\/\" \/>\n<meta property=\"og:locale\" content=\"es_MX\" \/>\n<meta property=\"og:type\" content=\"article\" \/>\n<meta property=\"og:title\" content=\"Privacy Policy - Combustion Regulator\" \/>\n<meta property=\"og:description\" content=\"Privacy Policy E-mail and other personal informationWe will never share, sell, or rent your e-mail address, phone number, physical address or any other personal information with anyone unless ordered by a court of law. We primarily use email to communicate with customers about requests or orders. We occasionally send email messages about promotions, new products, [&hellip;]\" \/>\n<meta property=\"og:url\" content=\"https:\/\/combustionregulator.com\/es\/privacy-policy\/\" \/>\n<meta property=\"og:site_name\" content=\"Combustion Regulator\" \/>\n<meta property=\"article:modified_time\" content=\"2022-06-14T17:35:09+00:00\" \/>\n<meta name=\"twitter:card\" content=\"summary_large_image\" \/>\n<meta name=\"twitter:label1\" content=\"Tiempo de lectura\" \/>\n\t<meta name=\"twitter:data1\" content=\"5 minutes\" \/>\n<script type=\"application\/ld+json\" class=\"yoast-schema-graph\">{\"@context\":\"https:\/\/schema.org\",\"@graph\":[{\"@type\":\"WebPage\",\"@id\":\"https:\/\/combustionregulator.com\/privacy-policy\/\",\"url\":\"https:\/\/combustionregulator.com\/privacy-policy\/\",\"name\":\"Privacy Policy - Combustion Regulator\",\"isPartOf\":{\"@id\":\"https:\/\/combustionregulator.com\/#website\"},\"datePublished\":\"2022-05-17T03:40:17+00:00\",\"dateModified\":\"2022-06-14T17:35:09+00:00\",\"breadcrumb\":{\"@id\":\"https:\/\/combustionregulator.com\/privacy-policy\/#breadcrumb\"},\"inLanguage\":\"es-MX\",\"potentialAction\":[{\"@type\":\"ReadAction\",\"target\":[\"https:\/\/combustionregulator.com\/privacy-policy\/\"]}]},{\"@type\":\"BreadcrumbList\",\"@id\":\"https:\/\/combustionregulator.com\/privacy-policy\/#breadcrumb\",\"itemListElement\":[{\"@type\":\"ListItem\",\"position\":1,\"name\":\"Home\",\"item\":\"https:\/\/combustionregulator.com\/\"},{\"@type\":\"ListItem\",\"position\":2,\"name\":\"Privacy Policy\"}]},{\"@type\":\"WebSite\",\"@id\":\"https:\/\/combustionregulator.com\/#website\",\"url\":\"https:\/\/combustionregulator.com\/\",\"name\":\"Combustion Regulator\",\"description\":\"What you need to know about combustion regulators\",\"potentialAction\":[{\"@type\":\"SearchAction\",\"target\":{\"@type\":\"EntryPoint\",\"urlTemplate\":\"https:\/\/combustionregulator.com\/?s={search_term_string}\"},\"query-input\":{\"@type\":\"PropertyValueSpecification\",\"valueRequired\":true,\"valueName\":\"search_term_string\"}}],\"inLanguage\":\"es-MX\"}]}<\/script>\n<!-- \/ Yoast SEO plugin. -->","yoast_head_json":{"title":"Privacy Policy - Combustion Regulator","robots":{"index":"index","follow":"follow","max-snippet":"max-snippet:-1","max-image-preview":"max-image-preview:large","max-video-preview":"max-video-preview:-1"},"canonical":"https:\/\/combustionregulator.com\/es\/privacy-policy\/","og_locale":"es_MX","og_type":"article","og_title":"Privacy Policy - Combustion Regulator","og_description":"Privacy Policy E-mail and other personal informationWe will never share, sell, or rent your e-mail address, phone number, physical address or any other personal information with anyone unless ordered by a court of law. We primarily use email to communicate with customers about requests or orders. We occasionally send email messages about promotions, new products, [&hellip;]","og_url":"https:\/\/combustionregulator.com\/es\/privacy-policy\/","og_site_name":"Combustion Regulator","article_modified_time":"2022-06-14T17:35:09+00:00","twitter_card":"summary_large_image","twitter_misc":{"Tiempo de lectura":"5 minutes"},"schema":{"@context":"https:\/\/schema.org","@graph":[{"@type":"WebPage","@id":"https:\/\/combustionregulator.com\/privacy-policy\/","url":"https:\/\/combustionregulator.com\/privacy-policy\/","name":"Privacy Policy - Combustion Regulator","isPartOf":{"@id":"https:\/\/combustionregulator.com\/#website"},"datePublished":"2022-05-17T03:40:17+00:00","dateModified":"2022-06-14T17:35:09+00:00","breadcrumb":{"@id":"https:\/\/combustionregulator.com\/privacy-policy\/#breadcrumb"},"inLanguage":"es-MX","potentialAction":[{"@type":"ReadAction","target":["https:\/\/combustionregulator.com\/privacy-policy\/"]}]},{"@type":"BreadcrumbList","@id":"https:\/\/combustionregulator.com\/privacy-policy\/#breadcrumb","itemListElement":[{"@type":"ListItem","position":1,"name":"Home","item":"https:\/\/combustionregulator.com\/"},{"@type":"ListItem","position":2,"name":"Privacy Policy"}]},{"@type":"WebSite","@id":"https:\/\/combustionregulator.com\/#website","url":"https:\/\/combustionregulator.com\/","name":"Regulador de combusti\u00f3n","description":"Lo que necesita saber sobre los reguladores de combusti\u00f3n","potentialAction":[{"@type":"SearchAction","target":{"@type":"EntryPoint","urlTemplate":"https:\/\/combustionregulator.com\/?s={search_term_string}"},"query-input":{"@type":"PropertyValueSpecification","valueRequired":true,"valueName":"search_term_string"}}],"inLanguage":"es-MX"}]}},"_links":{"self":[{"href":"https:\/\/combustionregulator.com\/es\/wp-json\/wp\/v2\/pages\/3","targetHints":{"allow":["GET"]}}],"collection":[{"href":"https:\/\/combustionregulator.com\/es\/wp-json\/wp\/v2\/pages"}],"about":[{"href":"https:\/\/combustionregulator.com\/es\/wp-json\/wp\/v2\/types\/page"}],"author":[{"embeddable":true,"href":"https:\/\/combustionregulator.com\/es\/wp-json\/wp\/v2\/users\/1"}],"replies":[{"embeddable":true,"href":"https:\/\/combustionregulator.com\/es\/wp-json\/wp\/v2\/comments?post=3"}],"version-history":[{"count":0,"href":"https:\/\/combustionregulator.com\/es\/wp-json\/wp\/v2\/pages\/3\/revisions"}],"wp:attachment":[{"href":"https:\/\/combustionregulator.com\/es\/wp-json\/wp\/v2\/media?parent=3"}],"curies":[{"name":"wp","href":"https:\/\/api.w.org\/{rel}","templated":true}]}}