{"id":568,"date":"2022-10-05T00:39:42","date_gmt":"2022-10-05T00:39:42","guid":{"rendered":"https:\/\/combustionregu.wpenginepowered.com\/?page_id=568"},"modified":"2023-12-30T16:29:30","modified_gmt":"2023-12-30T16:29:30","slug":"sustainability","status":"publish","type":"page","link":"https:\/\/combustionregulator.com\/es\/about-us\/sustainability\/","title":{"rendered":"Sostenibilidad"},"content":{"rendered":"<div data-elementor-type=\"wp-page\" data-elementor-id=\"568\" class=\"elementor elementor-568\" data-elementor-post-type=\"page\">\n\t\t\t\t\t\t<section class=\"elementor-section elementor-top-section elementor-element elementor-element-233e0a61 elementor-section-boxed elementor-section-height-default elementor-section-height-default\" data-id=\"233e0a61\" data-element_type=\"section\" data-e-type=\"section\" data-settings=\"{&quot;background_background&quot;:&quot;classic&quot;}\">\n\t\t\t\t\t\t<div class=\"elementor-container elementor-column-gap-default\">\n\t\t\t\t\t<div class=\"elementor-column elementor-col-100 elementor-top-column elementor-element elementor-element-5b6ff317\" data-id=\"5b6ff317\" data-element_type=\"column\" data-e-type=\"column\">\n\t\t\t<div class=\"elementor-widget-wrap elementor-element-populated\">\n\t\t\t\t\t\t<div class=\"elementor-element elementor-element-620c5a61 elementor-widget elementor-widget-heading\" data-id=\"620c5a61\" data-element_type=\"widget\" data-e-type=\"widget\" data-widget_type=\"heading.default\">\n\t\t\t\t<div class=\"elementor-widget-container\">\n\t\t\t\t\t<h2 class=\"elementor-heading-title elementor-size-default\">Sostenibilidad<\/h2>\t\t\t\t<\/div>\n\t\t\t\t<\/div>\n\t\t\t\t\t<\/div>\n\t\t<\/div>\n\t\t\t\t\t<\/div>\n\t\t<\/section>\n\t\t\t\t<section class=\"elementor-section elementor-top-section elementor-element elementor-element-575e49aa elementor-section-boxed elementor-section-height-default elementor-section-height-default\" data-id=\"575e49aa\" data-element_type=\"section\" data-e-type=\"section\">\n\t\t\t\t\t\t<div class=\"elementor-container elementor-column-gap-default\">\n\t\t\t\t\t<div class=\"elementor-column elementor-col-100 elementor-top-column elementor-element elementor-element-5b8b6300\" data-id=\"5b8b6300\" data-element_type=\"column\" data-e-type=\"column\">\n\t\t\t<div class=\"elementor-widget-wrap elementor-element-populated\">\n\t\t\t\t\t\t<div class=\"elementor-element elementor-element-4e561c69 elementor-widget elementor-widget-image\" data-id=\"4e561c69\" data-element_type=\"widget\" data-e-type=\"widget\" data-widget_type=\"image.default\">\n\t\t\t\t<div class=\"elementor-widget-container\">\n\t\t\t\t\t\t\t\t\t\t\t\t\t\t\t<img fetchpriority=\"high\" decoding=\"async\" width=\"2778\" height=\"750\" src=\"https:\/\/combustionregulator.com\/wp-content\/uploads\/2022\/10\/ESG-website-logo.png\" class=\"attachment-full size-full wp-image-550\" alt=\"\" srcset=\"https:\/\/combustionregulator.com\/wp-content\/uploads\/2022\/10\/ESG-website-logo.png 2778w, https:\/\/combustionregulator.com\/wp-content\/uploads\/2022\/10\/ESG-website-logo-300x81.png 300w, https:\/\/combustionregulator.com\/wp-content\/uploads\/2022\/10\/ESG-website-logo-1024x276.png 1024w, https:\/\/combustionregulator.com\/wp-content\/uploads\/2022\/10\/ESG-website-logo-768x207.png 768w, https:\/\/combustionregulator.com\/wp-content\/uploads\/2022\/10\/ESG-website-logo-1536x415.png 1536w, https:\/\/combustionregulator.com\/wp-content\/uploads\/2022\/10\/ESG-website-logo-2048x553.png 2048w, https:\/\/combustionregulator.com\/wp-content\/uploads\/2022\/10\/ESG-website-logo-600x162.png 600w\" sizes=\"(max-width: 2778px) 100vw, 2778px\" \/>\t\t\t\t\t\t\t\t\t\t\t\t\t\t\t<\/div>\n\t\t\t\t<\/div>\n\t\t\t\t<div class=\"elementor-element elementor-element-44cdf283 elementor-widget elementor-widget-text-editor\" data-id=\"44cdf283\" data-element_type=\"widget\" data-e-type=\"widget\" data-widget_type=\"text-editor.default\">\n\t\t\t\t<div class=\"elementor-widget-container\">\n\t\t\t\t\t\t\t\t\t<p><strong>Usando m\u00e9todos socialmente responsables, estamos conscientemente comprometidos a minimizar los impactos ambientales de nuestro negocio, involucrando a nuestros empleados y comunidades, y respetando los est\u00e1ndares \u00e9ticos y la diversidad.<br \/><br \/><\/strong><\/p><p><img decoding=\"async\" class=\"size-medium wp-image-2555 alignleft\" src=\"https:\/\/equipmentcontrols.com\/wp-content\/uploads\/2022\/06\/ECCONSERVATION-Logo-300x45.jpg\" alt=\"\" width=\"300\" height=\"45\" \/><\/p><p>\u00a0<\/p><p>\u00a0<\/p><p>Un enfoque de toda la empresa en nuestro impacto ambiental y la realizaci\u00f3n de nuevas formas de mejorar continuamente.<\/p><p>Estamos enfocados en el manejo cuidadoso y responsable de los impactos ambientales. Al adoptar los arreglos y la tecnolog\u00eda de trabajo remoto, hemos reducido la huella ambiental de nuestros espacios de oficina y disminuido la necesidad de que muchos de nuestros empleados se trasladen y viajen. Tambi\u00e9n hemos implementado varias medidas en nuestras oficinas, incluidos programas de reciclaje y clasificaci\u00f3n de desechos, proveedores neutrales en carbono y fabricantes conscientes del medio ambiente.<\/p><ul><li style=\"list-style-type: none;\"><ul><li style=\"list-style-type: none;\"><ul><li>Programa de reciclaje<\/li><li>Facturaci\u00f3n, facturaci\u00f3n y pagos sin papel\/electr\u00f3nicos<\/li><li>Fabricaci\u00f3n\/productos responsables<\/li><\/ul><\/li><\/ul><\/li><\/ul><p>\u00a0<\/p><p><img decoding=\"async\" class=\"size-medium wp-image-2556 alignnone\" src=\"https:\/\/equipmentcontrols.com\/wp-content\/uploads\/2022\/06\/ECCONNECTION-Logo-300x45.jpg\" alt=\"\" width=\"300\" height=\"45\" \/><\/p><p>Un \u00e9nfasis intencional en nuestra mentalidad de primero en las personas.<\/p><p>Creemos que las personas son el coraz\u00f3n de nuestro negocio. Es por eso que hemos creado y continuamos cultivando una cultura empresarial en la que todos pueden compartir abiertamente sus ideas, perspectivas y antecedentes. Fomentamos una atm\u00f3sfera de generosidad. Nuestro compromiso con nuestros empleados, clientes, proveedores y la industria se extiende a las comunidades que nos rodean. Apoyamos financieramente a organizaciones seleccionadas de manera constante, y tambi\u00e9n apoyamos a nuestros empleados en sus esfuerzos de voluntariado local.<\/p><ul><li style=\"list-style-type: none;\"><ul><li style=\"list-style-type: none;\"><ul><li>Monumento de las esquinas de Peachtree<\/li><li>eventos de voluntariado corporativo<\/li><li>Organizaciones a las que ECCO dona\/apoya<\/li><\/ul><\/li><\/ul><\/li><\/ul><p>\u00a0<\/p><p><img loading=\"lazy\" decoding=\"async\" class=\"alignnone size-medium wp-image-2557\" src=\"https:\/\/equipmentcontrols.com\/wp-content\/uploads\/2022\/06\/ECCOMPLIANCE-Logo-300x45.jpg\" alt=\"\" width=\"300\" height=\"45\" \/><\/p><p>Principios comerciales transformadores guiados por las mejores pr\u00e1cticas, est\u00e1ndares de la industria y certificaciones.<\/p><p>Estamos dedicados al gobierno responsable como esencial para proporcionar valor a nuestros clientes, empleados y otras partes interesadas. Esto incluye un enfoque s\u00f3lido del gobierno corporativo, as\u00ed como una adhesi\u00f3n inquebrantable a nuestros valores corporativos. Tambi\u00e9n priorizamos las asociaciones con vendedores y proveedores diversos y socialmente responsables en nuestras operaciones.<\/p><ul><li style=\"list-style-type: none;\"><ul><li style=\"list-style-type: none;\"><ul><li><a href=\"https:\/\/equipmentcontrols.com\/supplier-diversity\/\">Diversidad de Proveedor<\/a><\/li><li>La seguridad cibern\u00e9tica<\/li><li>OSHA<\/li><li>YO ASI<\/li><\/ul><\/li><\/ul><\/li><\/ul>\t\t\t\t\t\t\t\t<\/div>\n\t\t\t\t<\/div>\n\t\t\t\t<div class=\"elementor-element elementor-element-47ba2d4d elementor-widget elementor-widget-spacer\" data-id=\"47ba2d4d\" data-element_type=\"widget\" data-e-type=\"widget\" data-widget_type=\"spacer.default\">\n\t\t\t\t<div class=\"elementor-widget-container\">\n\t\t\t\t\t\t\t<div class=\"elementor-spacer\">\n\t\t\t<div class=\"elementor-spacer-inner\"><\/div>\n\t\t<\/div>\n\t\t\t\t\t\t<\/div>\n\t\t\t\t<\/div>\n\t\t\t\t\t<\/div>\n\t\t<\/div>\n\t\t\t\t\t<\/div>\n\t\t<\/section>\n\t\t\t\t<\/div>","protected":false},"excerpt":{"rendered":"<p>Sustainability Using socially responsible methods, we are consciously committed to minimizing the environmental impacts of our business, engaging our employees and communities, and respecting ethical standards and diversity. &nbsp; A company-wide focus on our environmental impact and realizing new ways to continually improve. We are focused on the careful and responsible management of environmental impacts. [&hellip;]<\/p>\n","protected":false},"author":1,"featured_media":0,"parent":553,"menu_order":0,"comment_status":"closed","ping_status":"closed","template":"elementor_header_footer","meta":{"footnotes":""},"class_list":["post-568","page","type-page","status-publish","hentry"],"yoast_head":"<!-- This site is optimized with the Yoast SEO plugin v27.2 - https:\/\/yoast.com\/product\/yoast-seo-wordpress\/ -->\n<title>Sustainability - Combustion Regulator<\/title>\n<meta name=\"description\" content=\"Using socially responsible methods, we aim to minimize environmental impacts, engage communities, and respect ethical standards and diversity.\" \/>\n<meta name=\"robots\" content=\"index, follow, max-snippet:-1, max-image-preview:large, max-video-preview:-1\" \/>\n<link rel=\"canonical\" href=\"https:\/\/combustionregulator.com\/es\/about-us\/sustainability\/\" \/>\n<meta property=\"og:locale\" content=\"es_MX\" \/>\n<meta property=\"og:type\" content=\"article\" \/>\n<meta property=\"og:title\" content=\"Sustainability - Combustion Regulator\" \/>\n<meta property=\"og:description\" content=\"Using socially responsible methods, we aim to minimize environmental impacts, engage communities, and respect ethical standards and diversity.\" \/>\n<meta property=\"og:url\" content=\"https:\/\/combustionregulator.com\/es\/about-us\/sustainability\/\" \/>\n<meta property=\"og:site_name\" content=\"Combustion Regulator\" \/>\n<meta property=\"article:modified_time\" content=\"2023-12-30T16:29:30+00:00\" \/>\n<meta property=\"og:image\" content=\"https:\/\/combustionregulator.com\/wp-content\/uploads\/2022\/10\/ESG-website-logo.png\" \/>\n<meta name=\"twitter:card\" content=\"summary_large_image\" \/>\n<meta name=\"twitter:label1\" content=\"Tiempo de lectura\" \/>\n\t<meta name=\"twitter:data1\" content=\"2 minutes\" \/>\n<script type=\"application\/ld+json\" class=\"yoast-schema-graph\">{\"@context\":\"https:\/\/schema.org\",\"@graph\":[{\"@type\":\"WebPage\",\"@id\":\"https:\/\/combustionregulator.com\/about-us\/sustainability\/\",\"url\":\"https:\/\/combustionregulator.com\/about-us\/sustainability\/\",\"name\":\"Sustainability - Combustion Regulator\",\"isPartOf\":{\"@id\":\"https:\/\/combustionregulator.com\/#website\"},\"primaryImageOfPage\":{\"@id\":\"https:\/\/combustionregulator.com\/about-us\/sustainability\/#primaryimage\"},\"image\":{\"@id\":\"https:\/\/combustionregulator.com\/about-us\/sustainability\/#primaryimage\"},\"thumbnailUrl\":\"https:\/\/combustionregulator.com\/wp-content\/uploads\/2022\/10\/ESG-website-logo.png\",\"datePublished\":\"2022-10-05T00:39:42+00:00\",\"dateModified\":\"2023-12-30T16:29:30+00:00\",\"description\":\"Using socially responsible methods, we aim to minimize environmental impacts, engage communities, and respect ethical standards and diversity.\",\"breadcrumb\":{\"@id\":\"https:\/\/combustionregulator.com\/about-us\/sustainability\/#breadcrumb\"},\"inLanguage\":\"es-MX\",\"potentialAction\":[{\"@type\":\"ReadAction\",\"target\":[\"https:\/\/combustionregulator.com\/about-us\/sustainability\/\"]}]},{\"@type\":\"ImageObject\",\"inLanguage\":\"es-MX\",\"@id\":\"https:\/\/combustionregulator.com\/about-us\/sustainability\/#primaryimage\",\"url\":\"https:\/\/combustionregulator.com\/wp-content\/uploads\/2022\/10\/ESG-website-logo.png\",\"contentUrl\":\"https:\/\/combustionregulator.com\/wp-content\/uploads\/2022\/10\/ESG-website-logo.png\"},{\"@type\":\"BreadcrumbList\",\"@id\":\"https:\/\/combustionregulator.com\/about-us\/sustainability\/#breadcrumb\",\"itemListElement\":[{\"@type\":\"ListItem\",\"position\":1,\"name\":\"Home\",\"item\":\"https:\/\/combustionregulator.com\/\"},{\"@type\":\"ListItem\",\"position\":2,\"name\":\"About Us\",\"item\":\"https:\/\/combustionregulator.com\/about-us\/\"},{\"@type\":\"ListItem\",\"position\":3,\"name\":\"Sustainability\"}]},{\"@type\":\"WebSite\",\"@id\":\"https:\/\/combustionregulator.com\/#website\",\"url\":\"https:\/\/combustionregulator.com\/\",\"name\":\"Combustion Regulator\",\"description\":\"What you need to know about combustion regulators\",\"potentialAction\":[{\"@type\":\"SearchAction\",\"target\":{\"@type\":\"EntryPoint\",\"urlTemplate\":\"https:\/\/combustionregulator.com\/?s={search_term_string}\"},\"query-input\":{\"@type\":\"PropertyValueSpecification\",\"valueRequired\":true,\"valueName\":\"search_term_string\"}}],\"inLanguage\":\"es-MX\"}]}<\/script>\n<!-- \/ Yoast SEO plugin. -->","yoast_head_json":{"title":"Sustainability - Combustion Regulator","description":"Using socially responsible methods, we aim to minimize environmental impacts, engage communities, and respect ethical standards and diversity.","robots":{"index":"index","follow":"follow","max-snippet":"max-snippet:-1","max-image-preview":"max-image-preview:large","max-video-preview":"max-video-preview:-1"},"canonical":"https:\/\/combustionregulator.com\/es\/about-us\/sustainability\/","og_locale":"es_MX","og_type":"article","og_title":"Sustainability - Combustion Regulator","og_description":"Using socially responsible methods, we aim to minimize environmental impacts, engage communities, and respect ethical standards and diversity.","og_url":"https:\/\/combustionregulator.com\/es\/about-us\/sustainability\/","og_site_name":"Combustion Regulator","article_modified_time":"2023-12-30T16:29:30+00:00","og_image":[{"url":"https:\/\/combustionregulator.com\/wp-content\/uploads\/2022\/10\/ESG-website-logo.png","type":"","width":"","height":""}],"twitter_card":"summary_large_image","twitter_misc":{"Tiempo de lectura":"2 minutes"},"schema":{"@context":"https:\/\/schema.org","@graph":[{"@type":"WebPage","@id":"https:\/\/combustionregulator.com\/about-us\/sustainability\/","url":"https:\/\/combustionregulator.com\/about-us\/sustainability\/","name":"Sustainability - Combustion Regulator","isPartOf":{"@id":"https:\/\/combustionregulator.com\/#website"},"primaryImageOfPage":{"@id":"https:\/\/combustionregulator.com\/about-us\/sustainability\/#primaryimage"},"image":{"@id":"https:\/\/combustionregulator.com\/about-us\/sustainability\/#primaryimage"},"thumbnailUrl":"https:\/\/combustionregulator.com\/wp-content\/uploads\/2022\/10\/ESG-website-logo.png","datePublished":"2022-10-05T00:39:42+00:00","dateModified":"2023-12-30T16:29:30+00:00","description":"Using socially responsible methods, we aim to minimize environmental impacts, engage communities, and respect ethical standards and diversity.","breadcrumb":{"@id":"https:\/\/combustionregulator.com\/about-us\/sustainability\/#breadcrumb"},"inLanguage":"es-MX","potentialAction":[{"@type":"ReadAction","target":["https:\/\/combustionregulator.com\/about-us\/sustainability\/"]}]},{"@type":"ImageObject","inLanguage":"es-MX","@id":"https:\/\/combustionregulator.com\/about-us\/sustainability\/#primaryimage","url":"https:\/\/combustionregulator.com\/wp-content\/uploads\/2022\/10\/ESG-website-logo.png","contentUrl":"https:\/\/combustionregulator.com\/wp-content\/uploads\/2022\/10\/ESG-website-logo.png"},{"@type":"BreadcrumbList","@id":"https:\/\/combustionregulator.com\/about-us\/sustainability\/#breadcrumb","itemListElement":[{"@type":"ListItem","position":1,"name":"Home","item":"https:\/\/combustionregulator.com\/"},{"@type":"ListItem","position":2,"name":"About Us","item":"https:\/\/combustionregulator.com\/about-us\/"},{"@type":"ListItem","position":3,"name":"Sustainability"}]},{"@type":"WebSite","@id":"https:\/\/combustionregulator.com\/#website","url":"https:\/\/combustionregulator.com\/","name":"Regulador de combusti\u00f3n","description":"Lo que necesita saber sobre los reguladores de combusti\u00f3n","potentialAction":[{"@type":"SearchAction","target":{"@type":"EntryPoint","urlTemplate":"https:\/\/combustionregulator.com\/?s={search_term_string}"},"query-input":{"@type":"PropertyValueSpecification","valueRequired":true,"valueName":"search_term_string"}}],"inLanguage":"es-MX"}]}},"_links":{"self":[{"href":"https:\/\/combustionregulator.com\/es\/wp-json\/wp\/v2\/pages\/568","targetHints":{"allow":["GET"]}}],"collection":[{"href":"https:\/\/combustionregulator.com\/es\/wp-json\/wp\/v2\/pages"}],"about":[{"href":"https:\/\/combustionregulator.com\/es\/wp-json\/wp\/v2\/types\/page"}],"author":[{"embeddable":true,"href":"https:\/\/combustionregulator.com\/es\/wp-json\/wp\/v2\/users\/1"}],"replies":[{"embeddable":true,"href":"https:\/\/combustionregulator.com\/es\/wp-json\/wp\/v2\/comments?post=568"}],"version-history":[{"count":0,"href":"https:\/\/combustionregulator.com\/es\/wp-json\/wp\/v2\/pages\/568\/revisions"}],"up":[{"embeddable":true,"href":"https:\/\/combustionregulator.com\/es\/wp-json\/wp\/v2\/pages\/553"}],"wp:attachment":[{"href":"https:\/\/combustionregulator.com\/es\/wp-json\/wp\/v2\/media?parent=568"}],"curies":[{"name":"wp","href":"https:\/\/api.w.org\/{rel}","templated":true}]}}