{"id":114,"date":"2022-05-17T19:37:49","date_gmt":"2022-05-17T19:37:49","guid":{"rendered":"http:\/\/combustion.stagemysite.com\/?post_type=product&#038;p=114"},"modified":"2023-11-30T02:14:25","modified_gmt":"2023-11-30T02:14:25","slug":"governor-standard-model-2-psig","status":"publish","type":"product","link":"https:\/\/combustionregulator.com\/es\/producto\/governor-standard-model-2-psig\/","title":{"rendered":"PF GOBERNADOR Modelo est\u00e1ndar 2 PSIG"},"content":{"rendered":"<p>La l\u00ednea de reguladores de gas GOVERNOR de Pietro Fiorentini est\u00e1 dise\u00f1ada para cumplir con los \u00faltimos est\u00e1ndares CSA e internacionales para reguladores aptos para instalaciones interiores y exteriores sin modificaciones.<\/p>\n<p>La familia de reguladores GOVERNOR es ideal para una amplia gama de aplicaciones residenciales e industriales de gran tama\u00f1o. Los materiales y partes blandas utilizadas en la construcci\u00f3n de los reguladores GOVERNOR los hacen aptos para uso con gas natural, GLP, Propano aire y otros gases no corrosivos.<\/p>\n<p>Todos los reguladores GOVERNOR est\u00e1n equipados con un dise\u00f1o de v\u00e1lvula balanceada para mejorar la precisi\u00f3n de la alta presi\u00f3n de salida, independientemente de la variaci\u00f3n de la presi\u00f3n de entrada. El diafragma doble con limitador de ventilaci\u00f3n integral brinda mayor seguridad. El limitador de ventilaci\u00f3n externo reduce los costos de tuber\u00eda y la necesidad de costosas tuber\u00edas de ventilaci\u00f3n para instalaciones interiores y cumple con las pautas de CSA.* La cantidad de opciones de alta capacidad y regulador a veces elimina la necesidad de unidades separadas y reduce significativamente los costos de instalaci\u00f3n.<\/p>\n<p><strong>Seguro, confiable y de alto rendimiento<\/strong><\/p>\n<p><strong>Principales caracter\u00edsticas:<\/strong><\/p>\n<ul>\n<li>ANSI Z21.80A-2019 \/ CSA 6.22A-2019 Clase I para presiones de salida de hasta 14\u201d WC certificado<\/li>\n<li>ANSI Z21.18B-2019 \/ CSA 6.3B-2019 para presi\u00f3n de entrada de hasta 5 PSIG certificado<\/li>\n<li>Limitador de ventilaci\u00f3n integral<\/li>\n<li>Limitador de ventilaci\u00f3n externa: no se requiere l\u00ednea de ventilaci\u00f3n**<\/li>\n<li>Bloqueo herm\u00e9tico de burbujas 100% positivo<\/li>\n<li>Puertos de prueba de entrada y salida<\/li>\n<li>500 a 1 cobertura<\/li>\n<li>Filtro incluido en todos los modelos<\/li>\n<\/ul>\n<p><strong>Tama\u00f1o de ventilaci\u00f3n<\/strong><\/p>\n<ul>\n<li>1\/4\u201d NPT \u2013 1\/2\u201d \u2013 1\u201d<\/li>\n<li>1\/2\u201d NPT \u2013 1 1\/4\u201d \u2013 4\u201d<\/li>\n<\/ul>\n<p><strong>Rango de resorte de salida:<\/strong><\/p>\n<ul>\n<li>Verde 2\u201d W .C. a 5.1\u201d inodoro*<\/li>\n<li>Rojo 2.75\u201d W .C. a 7.87\u201d inodoro*<\/li>\n<li>Negro 6\u201d WC a 14\u201d WC*<\/li>\n<li>Amarillo 9.8\u201d WC a 27.5\u201d WC<\/li>\n<li>Violeta 23.6\u201d WC a 2.13 PSIG<\/li>\n<li>Naranja 2 a 4.26 PSIG<\/li>\n<\/ul>\n<p><strong>Especificaciones:<\/strong><\/p>\n<ul>\n<li>Adecuado para usar con gas natural, GLP y cualquier gas limpio no corrosivo<\/li>\n<li>Presi\u00f3n de entrada: 3\u201d WC a 2 PSIG; m\u00e1x. Entrada: 7,25 PSIG para aplicaciones no CSA<\/li>\n<li>Presi\u00f3n de salida: 2\u201d WC a 14\u201d WC<\/li>\n<li>Rango de temperatura: -40F a 150F<\/li>\n<li>Conexiones: 1\/2\u201d a 4\u201d<\/li>\n<li>Presi\u00f3n m\u00e1xima de exposici\u00f3n de entrada de emergencia: 80 PSIG<\/li>\n<li>Adecuado para instalaci\u00f3n en interiores o exteriores.<\/li>\n<\/ul>\n<p>No use 31051, 31052 y 31053 en generadores o calderas de alta eficiencia<\/p>\n<p>*El resorte tiene certificaci\u00f3n de presi\u00f3n de salida CSA<br \/>\n**Seg\u00fan lo aprobado por los c\u00f3digos y est\u00e1ndares locales<br \/>\n*** El limitador de ventilaci\u00f3n de lat\u00f3n se debe quitar para la instalaci\u00f3n en exteriores<\/p>\n<p><strong>Descargas:<\/strong><br \/>\n<a href=\"https:\/\/combustionregulator.com\/wp-content\/uploads\/2022\/08\/PF-GOVERNOR400-Brochure-CR-08.29.22-FINAL.pdf\">PF GOVERNOR 400 Brochure &#8211; English<\/a><br \/>\n<a href=\"https:\/\/combustionregulator.com\/wp-content\/uploads\/2023\/11\/PF-GOVERNOR400-Brochure-ECCO-Spanish-CBR-10.30.23-FINAL.pdf\">PF GOVERNOR 400 Brochure &#8211; Spanish<\/a><br \/>\n<a href=\"https:\/\/combustionregulator.com\/wp-content\/uploads\/2023\/11\/PF-GOVERNOR400-Brochure-ECCO-French-Canadian-CBR-08.29.22-FINAL.pdf\">PF GOVERNOR 400 Brochure &#8211; French Canadian<\/a><br \/>\n<a href=\"https:\/\/linepressureregulator.com\/wp-content\/uploads\/2022\/05\/INSTALLATION-PROCEEDURE-FOR-ADDING-EXTERNAL-CONTROL-LINE-TO-SINGLE-GOVERNOR-9-30-2015.pdf\">MANUAL DE INSTALACI\u00d3N DEL REGULADOR PG<\/a><\/p>","protected":false},"excerpt":{"rendered":"<p>Pietro Fiorentini\u2019s GOVERNOR line of gas regulators are designed to comply with the latest CSA and international standards for regulators suitable for indoor and outdoor installations with no modifications. The GOVERNOR family of regulators are ideal for a wide range of residential through large industrial applications. The materials and soft parts used in the construction [&hellip;]<\/p>\n","protected":false},"featured_media":125,"comment_status":"open","ping_status":"closed","template":"","meta":[],"product_brand":[],"product_cat":[25],"product_tag":[],"class_list":{"0":"post-114","1":"product","2":"type-product","3":"status-publish","4":"has-post-thumbnail","6":"product_cat-up-to-2-psig-inlet","8":"first","9":"instock","10":"shipping-taxable","11":"product-type-simple"},"yoast_head":"<!-- This site is optimized with the Yoast SEO plugin v27.2 - https:\/\/yoast.com\/product\/yoast-seo-wordpress\/ -->\n<title>PF GOVERNOR Standard Model 2 PSIG - Combustion Regulator<\/title>\n<meta name=\"description\" content=\"Pietro Fiorentini\u2019s GOVERNOR line of gas regulators are designed to comply with the latest CSA and international standards for regulators suitable for indoor and outdoor installations with no modifications.The GOVERNOR family of regulators are ideal for a wide range of residential through large industrial applications. The materials and soft parts used in the construction of the GOVERNOR regulators make them suitable for use with natural gas, LPG, Propane air and other non-corrosive gases.\" \/>\n<meta name=\"robots\" content=\"index, follow, max-snippet:-1, max-image-preview:large, max-video-preview:-1\" \/>\n<link rel=\"canonical\" href=\"https:\/\/combustionregulator.com\/es\/producto\/governor-standard-model-2-psig\/\" \/>\n<meta property=\"og:locale\" content=\"es_MX\" \/>\n<meta property=\"og:type\" content=\"article\" \/>\n<meta property=\"og:title\" content=\"PF GOVERNOR Standard Model 2 PSIG - Combustion Regulator\" \/>\n<meta property=\"og:description\" content=\"Pietro Fiorentini\u2019s GOVERNOR line of gas regulators are designed to comply with the latest CSA and international standards for regulators suitable for indoor and outdoor installations with no modifications.The GOVERNOR family of regulators are ideal for a wide range of residential through large industrial applications. The materials and soft parts used in the construction of the GOVERNOR regulators make them suitable for use with natural gas, LPG, Propane air and other non-corrosive gases.\" \/>\n<meta property=\"og:url\" content=\"https:\/\/combustionregulator.com\/es\/producto\/governor-standard-model-2-psig\/\" \/>\n<meta property=\"og:site_name\" content=\"Combustion Regulator\" \/>\n<meta property=\"article:modified_time\" content=\"2023-11-30T02:14:25+00:00\" \/>\n<meta property=\"og:image\" content=\"https:\/\/combustionregulator.com\/wp-content\/uploads\/2022\/05\/LPR-01-Governor.jpg\" \/>\n\t<meta property=\"og:image:width\" content=\"434\" \/>\n\t<meta property=\"og:image:height\" content=\"459\" \/>\n\t<meta property=\"og:image:type\" content=\"image\/jpeg\" \/>\n<meta name=\"twitter:card\" content=\"summary_large_image\" \/>\n<meta name=\"twitter:label1\" content=\"Tiempo de lectura\" \/>\n\t<meta name=\"twitter:data1\" content=\"2 minutes\" \/>\n<script type=\"application\/ld+json\" class=\"yoast-schema-graph\">{\"@context\":\"https:\/\/schema.org\",\"@graph\":[{\"@type\":\"WebPage\",\"@id\":\"https:\/\/combustionregulator.com\/product\/governor-standard-model-2-psig\/\",\"url\":\"https:\/\/combustionregulator.com\/product\/governor-standard-model-2-psig\/\",\"name\":\"PF GOVERNOR Standard Model 2 PSIG - Combustion Regulator\",\"isPartOf\":{\"@id\":\"https:\/\/combustionregulator.com\/#website\"},\"primaryImageOfPage\":{\"@id\":\"https:\/\/combustionregulator.com\/product\/governor-standard-model-2-psig\/#primaryimage\"},\"image\":{\"@id\":\"https:\/\/combustionregulator.com\/product\/governor-standard-model-2-psig\/#primaryimage\"},\"thumbnailUrl\":\"https:\/\/combustionregulator.com\/wp-content\/uploads\/2022\/05\/LPR-01-Governor.jpg\",\"datePublished\":\"2022-05-17T19:37:49+00:00\",\"dateModified\":\"2023-11-30T02:14:25+00:00\",\"description\":\"Pietro Fiorentini\u2019s GOVERNOR line of gas regulators are designed to comply with the latest CSA and international standards for regulators suitable for indoor and outdoor installations with no modifications.The GOVERNOR family of regulators are ideal for a wide range of residential through large industrial applications. The materials and soft parts used in the construction of the GOVERNOR regulators make them suitable for use with natural gas, LPG, Propane air and other non-corrosive gases.\",\"breadcrumb\":{\"@id\":\"https:\/\/combustionregulator.com\/product\/governor-standard-model-2-psig\/#breadcrumb\"},\"inLanguage\":\"es-MX\",\"potentialAction\":[{\"@type\":\"ReadAction\",\"target\":[\"https:\/\/combustionregulator.com\/product\/governor-standard-model-2-psig\/\"]}]},{\"@type\":\"ImageObject\",\"inLanguage\":\"es-MX\",\"@id\":\"https:\/\/combustionregulator.com\/product\/governor-standard-model-2-psig\/#primaryimage\",\"url\":\"https:\/\/combustionregulator.com\/wp-content\/uploads\/2022\/05\/LPR-01-Governor.jpg\",\"contentUrl\":\"https:\/\/combustionregulator.com\/wp-content\/uploads\/2022\/05\/LPR-01-Governor.jpg\",\"width\":434,\"height\":459,\"caption\":\"PF GOVERNOR Standard Model 2 PSIG\"},{\"@type\":\"BreadcrumbList\",\"@id\":\"https:\/\/combustionregulator.com\/product\/governor-standard-model-2-psig\/#breadcrumb\",\"itemListElement\":[{\"@type\":\"ListItem\",\"position\":1,\"name\":\"Home\",\"item\":\"https:\/\/combustionregulator.com\/\"},{\"@type\":\"ListItem\",\"position\":2,\"name\":\"Shop\",\"item\":\"https:\/\/combustionregulator.com\/shop\/\"},{\"@type\":\"ListItem\",\"position\":3,\"name\":\"PF GOVERNOR Standard Model 2 PSIG\"}]},{\"@type\":\"WebSite\",\"@id\":\"https:\/\/combustionregulator.com\/#website\",\"url\":\"https:\/\/combustionregulator.com\/\",\"name\":\"Combustion Regulator\",\"description\":\"What you need to know about combustion regulators\",\"potentialAction\":[{\"@type\":\"SearchAction\",\"target\":{\"@type\":\"EntryPoint\",\"urlTemplate\":\"https:\/\/combustionregulator.com\/?s={search_term_string}\"},\"query-input\":{\"@type\":\"PropertyValueSpecification\",\"valueRequired\":true,\"valueName\":\"search_term_string\"}}],\"inLanguage\":\"es-MX\"}]}<\/script>\n<!-- \/ Yoast SEO plugin. -->","yoast_head_json":{"title":"PF GOVERNOR Standard Model 2 PSIG - Combustion Regulator","description":"Pietro Fiorentini\u2019s GOVERNOR line of gas regulators are designed to comply with the latest CSA and international standards for regulators suitable for indoor and outdoor installations with no modifications.The GOVERNOR family of regulators are ideal for a wide range of residential through large industrial applications. The materials and soft parts used in the construction of the GOVERNOR regulators make them suitable for use with natural gas, LPG, Propane air and other non-corrosive gases.","robots":{"index":"index","follow":"follow","max-snippet":"max-snippet:-1","max-image-preview":"max-image-preview:large","max-video-preview":"max-video-preview:-1"},"canonical":"https:\/\/combustionregulator.com\/es\/producto\/governor-standard-model-2-psig\/","og_locale":"es_MX","og_type":"article","og_title":"PF GOVERNOR Standard Model 2 PSIG - Combustion Regulator","og_description":"Pietro Fiorentini\u2019s GOVERNOR line of gas regulators are designed to comply with the latest CSA and international standards for regulators suitable for indoor and outdoor installations with no modifications.The GOVERNOR family of regulators are ideal for a wide range of residential through large industrial applications. The materials and soft parts used in the construction of the GOVERNOR regulators make them suitable for use with natural gas, LPG, Propane air and other non-corrosive gases.","og_url":"https:\/\/combustionregulator.com\/es\/producto\/governor-standard-model-2-psig\/","og_site_name":"Combustion Regulator","article_modified_time":"2023-11-30T02:14:25+00:00","og_image":[{"width":434,"height":459,"url":"https:\/\/combustionregulator.com\/wp-content\/uploads\/2022\/05\/LPR-01-Governor.jpg","type":"image\/jpeg"}],"twitter_card":"summary_large_image","twitter_misc":{"Tiempo de lectura":"2 minutes"},"schema":{"@context":"https:\/\/schema.org","@graph":[{"@type":"WebPage","@id":"https:\/\/combustionregulator.com\/product\/governor-standard-model-2-psig\/","url":"https:\/\/combustionregulator.com\/product\/governor-standard-model-2-psig\/","name":"PF GOVERNOR Standard Model 2 PSIG - Combustion Regulator","isPartOf":{"@id":"https:\/\/combustionregulator.com\/#website"},"primaryImageOfPage":{"@id":"https:\/\/combustionregulator.com\/product\/governor-standard-model-2-psig\/#primaryimage"},"image":{"@id":"https:\/\/combustionregulator.com\/product\/governor-standard-model-2-psig\/#primaryimage"},"thumbnailUrl":"https:\/\/combustionregulator.com\/wp-content\/uploads\/2022\/05\/LPR-01-Governor.jpg","datePublished":"2022-05-17T19:37:49+00:00","dateModified":"2023-11-30T02:14:25+00:00","description":"Pietro Fiorentini\u2019s GOVERNOR line of gas regulators are designed to comply with the latest CSA and international standards for regulators suitable for indoor and outdoor installations with no modifications.The GOVERNOR family of regulators are ideal for a wide range of residential through large industrial applications. The materials and soft parts used in the construction of the GOVERNOR regulators make them suitable for use with natural gas, LPG, Propane air and other non-corrosive gases.","breadcrumb":{"@id":"https:\/\/combustionregulator.com\/product\/governor-standard-model-2-psig\/#breadcrumb"},"inLanguage":"es-MX","potentialAction":[{"@type":"ReadAction","target":["https:\/\/combustionregulator.com\/product\/governor-standard-model-2-psig\/"]}]},{"@type":"ImageObject","inLanguage":"es-MX","@id":"https:\/\/combustionregulator.com\/product\/governor-standard-model-2-psig\/#primaryimage","url":"https:\/\/combustionregulator.com\/wp-content\/uploads\/2022\/05\/LPR-01-Governor.jpg","contentUrl":"https:\/\/combustionregulator.com\/wp-content\/uploads\/2022\/05\/LPR-01-Governor.jpg","width":434,"height":459,"caption":"PF GOVERNOR Standard Model 2 PSIG"},{"@type":"BreadcrumbList","@id":"https:\/\/combustionregulator.com\/product\/governor-standard-model-2-psig\/#breadcrumb","itemListElement":[{"@type":"ListItem","position":1,"name":"Home","item":"https:\/\/combustionregulator.com\/"},{"@type":"ListItem","position":2,"name":"Shop","item":"https:\/\/combustionregulator.com\/shop\/"},{"@type":"ListItem","position":3,"name":"PF GOVERNOR Standard Model 2 PSIG"}]},{"@type":"WebSite","@id":"https:\/\/combustionregulator.com\/#website","url":"https:\/\/combustionregulator.com\/","name":"Regulador de combusti\u00f3n","description":"Lo que necesita saber sobre los reguladores de combusti\u00f3n","potentialAction":[{"@type":"SearchAction","target":{"@type":"EntryPoint","urlTemplate":"https:\/\/combustionregulator.com\/?s={search_term_string}"},"query-input":{"@type":"PropertyValueSpecification","valueRequired":true,"valueName":"search_term_string"}}],"inLanguage":"es-MX"}]}},"_links":{"self":[{"href":"https:\/\/combustionregulator.com\/es\/wp-json\/wp\/v2\/product\/114","targetHints":{"allow":["GET"]}}],"collection":[{"href":"https:\/\/combustionregulator.com\/es\/wp-json\/wp\/v2\/product"}],"about":[{"href":"https:\/\/combustionregulator.com\/es\/wp-json\/wp\/v2\/types\/product"}],"replies":[{"embeddable":true,"href":"https:\/\/combustionregulator.com\/es\/wp-json\/wp\/v2\/comments?post=114"}],"wp:featuredmedia":[{"embeddable":true,"href":"https:\/\/combustionregulator.com\/es\/wp-json\/wp\/v2\/media\/125"}],"wp:attachment":[{"href":"https:\/\/combustionregulator.com\/es\/wp-json\/wp\/v2\/media?parent=114"}],"wp:term":[{"taxonomy":"product_brand","embeddable":true,"href":"https:\/\/combustionregulator.com\/es\/wp-json\/wp\/v2\/product_brand?post=114"},{"taxonomy":"product_cat","embeddable":true,"href":"https:\/\/combustionregulator.com\/es\/wp-json\/wp\/v2\/product_cat?post=114"},{"taxonomy":"product_tag","embeddable":true,"href":"https:\/\/combustionregulator.com\/es\/wp-json\/wp\/v2\/product_tag?post=114"}],"curies":[{"name":"wp","href":"https:\/\/api.w.org\/{rel}","templated":true}]}}