{"id":115,"date":"2022-05-17T19:37:49","date_gmt":"2022-05-17T19:37:49","guid":{"rendered":"http:\/\/combustion.stagemysite.com\/?post_type=product&#038;p=115"},"modified":"2023-11-30T02:09:27","modified_gmt":"2023-11-30T02:09:27","slug":"governor-over-pressure-device-opd-10-psig","status":"publish","type":"product","link":"https:\/\/combustionregulator.com\/es\/producto\/governor-over-pressure-device-opd-10-psig\/","title":{"rendered":"GOBERNADOR Dispositivo de sobrepresi\u00f3n (OPD) 10 PSIG"},"content":{"rendered":"<div class=\"elementor-element elementor-element-51e485e elementor-widget elementor-widget-woocommerce-product-content\" data-id=\"51e485e\" data-element_type=\"widget\" data-widget_type=\"woocommerce-product-content.default\">\n<div class=\"elementor-widget-container\">\n<p>Dise\u00f1o certificado por CSA Z21.80\/CSA 6.22 Regulador de presi\u00f3n de gas de l\u00ednea Clase I con protecci\u00f3n contra sobrepresi\u00f3n (OPD) para una presi\u00f3n de entrada de 10 PSIG, rango de presi\u00f3n de salida de 2\u201d WC a \u00bd PSIG. El GOBERNADOR permite la ventilaci\u00f3n limitada**, la instalaci\u00f3n de m\u00faltiples posiciones y el bloqueo de punto muerto positivo para \u00bd\u201d a 2\u2033. El regulador de presi\u00f3n de gas GOVERNOR tambi\u00e9n cuenta con limitador de ventilaci\u00f3n integral de doble diafragma con dise\u00f1o de v\u00e1lvula balanceada para brindar mayor capacidad y precisi\u00f3n. El GOBERNADOR es apto para instalaci\u00f3n en interiores y exteriores.<\/p>\n<p><strong>MODELO DE DISPOSITIVO DE SOBREPRESI\u00d3N (OPD)<\/strong><\/p>\n<p>Rango de presi\u00f3n de entrada: 7\u201d WC a 10 PSIG<\/p>\n<p><strong>Principales caracter\u00edsticas:<\/strong><\/p>\n<ul>\n<li>Trabajador y monitor para mayor seguridad<\/li>\n<li>ANSI Z21.80A-2019\/ CSA 6.22A-2019 Clase I hasta 14\u2033 WC y Clase II para presiones de salida de hasta 1 PSIG y presiones de entrada de hasta 10 PSIG Certificado<\/li>\n<li>ANSI Z21.18B-2019 \/ CSA 6.3B-2019 para presi\u00f3n de entrada de hasta 5 PSIG certificado<\/li>\n<li>Limitador de ventilaci\u00f3n integral Limitador de ventilaci\u00f3n externo: no se requiere l\u00ednea de ventilaci\u00f3n**<\/li>\n<li>Bloqueo herm\u00e9tico de burbujas 100% positivo<\/li>\n<li>Puertos de prueba de entrada y salida<\/li>\n<li>500 a 1 cobertura<\/li>\n<li>Filtro incluido en todos los modelos<\/li>\n<\/ul>\n<p><strong>Tama\u00f1o de ventilaci\u00f3n<\/strong><\/p>\n<ul>\n<li>1\/4\u201d NPT \u2013 1\/2\u201d \u2013 1\u201d<\/li>\n<li>1\/2\u201d NPT \u2013 1 1\/4\u201d \u2013 4\u201d<\/li>\n<\/ul>\n<p><strong>Rango de resorte de salida:<\/strong><\/p>\n<ul>\n<li>Verde 2\u201d W .C. a 5.1\u201d inodoro*<\/li>\n<li>Rojo 2.75\u201d W .C. a 7.87\u201d inodoro*<\/li>\n<li>Negro 6\u201d WC a 14\u201d WC*<\/li>\n<li>Amarillo 9.8\u201d WC a 27.5\u201d WC<\/li>\n<li>Violeta 23.6\u201d WC a 2.13 PSIG*<\/li>\n<li>Naranja 2 a 4.26 PSIG<\/li>\n<\/ul>\n<p><strong>Especificaciones:<\/strong><\/p>\n<ul>\n<li>Adecuado para usar con gas natural, GLP y otros gases limpios no corrosivos<\/li>\n<li>m\u00e1x. Presi\u00f3n de entrada: Clasificaci\u00f3n CSA - 10 PSIG<br \/>\nSin clasificaci\u00f3n CSA: 10 PSIG<\/li>\n<li>Presi\u00f3n de salida: 2\u201d WC a 1 PSIG para CSA y hasta 3 PSIG para aplicaciones que no son CSA<\/li>\n<li>Rango de temperatura: -40 \u00b0F a 150 \u00b0F<\/li>\n<li>Conexiones: \u00bd\u201d \u2013 4\u201d<\/li>\n<\/ul>\n<\/div>\n<\/div>\n<div class=\"elementor-element elementor-element-51e485e elementor-widget elementor-widget-woocommerce-product-content\" data-id=\"51e485e\" data-element_type=\"widget\" data-widget_type=\"woocommerce-product-content.default\">\n<div class=\"elementor-widget-container\">\n<p><em>Presi\u00f3n m\u00e1xima de exposici\u00f3n de entrada de emergencia: 80 PSIG<br \/>\nNo use 31051, 31052 y 31053 en generadores o calderas de alta eficiencia; <\/em><em>Adecuado para instalaci\u00f3n en interiores o exteriores***<\/em><\/p>\n<p>*El resorte tiene certificaci\u00f3n de presi\u00f3n de salida CSA **Aprobado por los c\u00f3digos y est\u00e1ndares locales ***El limitador de ventilaci\u00f3n de lat\u00f3n debe quitarse para la instalaci\u00f3n en exteriores<\/p>\n<p><strong>Descargas:<\/strong><br \/>\n<a href=\"https:\/\/combustionregulator.com\/wp-content\/uploads\/2022\/08\/PF-GOVERNOR400-Brochure-CR-08.29.22-FINAL.pdf\">PF GOVERNOR 400 Brochure &#8211; English<\/a><br \/>\n<a href=\"https:\/\/combustionregulator.com\/wp-content\/uploads\/2023\/11\/PF-GOVERNOR400-Brochure-ECCO-Spanish-CBR-10.30.23-FINAL.pdf\">PF GOVERNOR 400 Brochure &#8211; Spanish<\/a><br \/>\n<a href=\"https:\/\/combustionregulator.com\/wp-content\/uploads\/2023\/11\/PF-GOVERNOR400-Brochure-ECCO-French-Canadian-CBR-08.29.22-FINAL.pdf\">PF GOVERNOR 400 Brochure &#8211; French Canadian<\/a><br \/>\n<a href=\"https:\/\/equipmentcontrols.com\/wp-content\/uploads\/2020\/04\/1119_5-PSIG-Installation-Manual-2014.pdf\">Instrucciones de instalaci\u00f3n<\/a><br \/>\n<a href=\"https:\/\/linepressureregulator.com\/wp-content\/uploads\/2022\/05\/INSTALLATION-PROCEEDURE-FOR-ADDING-EXTERNAL-CONTROL-LINE-TO-OPD-GOVERNOR-9-30-2015.pdf\">Instalaci\u00f3n para agregar una l\u00ednea de control externa<\/a><\/p>\n<\/div>\n<\/div>","protected":false},"excerpt":{"rendered":"<p>CSA design certified Z21.80\/ CSA 6.22 Class I Line Gas Pressure Regulator with Over Pressure Protection (OPD) for 10 PSIG inlet pressure, outlet pressure range of 2\u201d W.C. to \u00bd PSIG. The GOVERNOR allows for vent limited**, multi-position installation and positive dead-end lockup for \u00bd\u201d through 2\u2033. The GOVERNOR Gas Pressure Regulator also features double [&hellip;]<\/p>\n","protected":false},"featured_media":126,"comment_status":"open","ping_status":"closed","template":"","meta":[],"product_brand":[],"product_cat":[26],"product_tag":[],"class_list":{"0":"post-115","1":"product","2":"type-product","3":"status-publish","4":"has-post-thumbnail","6":"product_cat-up-to-10-psig-inlet","8":"first","9":"instock","10":"shipping-taxable","11":"product-type-simple"},"yoast_head":"<!-- This site is optimized with the Yoast SEO plugin v27.2 - https:\/\/yoast.com\/product\/yoast-seo-wordpress\/ -->\n<title>GOVERNOR Over Pressure Device (OPD) 10 PSIG - Combustion Regulator<\/title>\n<meta name=\"description\" content=\"CSA design certified Z21.80\/ CSA 6.22 Class I Line Gas Pressure Regulator with Over Pressure Protection (OPD) for 10 PSIG inlet pressure, outlet pressure range of 2\u201d W.C. to \u00bd PSIG. The GOVERNOR allows for vent limited**, multi-position installation and positive dead-end lockup for \u00bd\u201d through 2\u2033. The GOVERNOR Gas Pressure Regulator also features double diaphragm, integral vent limiter with balanced valve design to provide increased capacity and accuracy. The GOVERNOR is suitable for indoor and outdoor installation.\" \/>\n<meta name=\"robots\" content=\"index, follow, max-snippet:-1, max-image-preview:large, max-video-preview:-1\" \/>\n<link rel=\"canonical\" href=\"https:\/\/combustionregulator.com\/es\/producto\/governor-over-pressure-device-opd-10-psig\/\" \/>\n<meta property=\"og:locale\" content=\"es_MX\" \/>\n<meta property=\"og:type\" content=\"article\" \/>\n<meta property=\"og:title\" content=\"GOVERNOR Over Pressure Device (OPD) 10 PSIG - Combustion Regulator\" \/>\n<meta property=\"og:description\" content=\"CSA design certified Z21.80\/ CSA 6.22 Class I Line Gas Pressure Regulator with Over Pressure Protection (OPD) for 10 PSIG inlet pressure, outlet pressure range of 2\u201d W.C. to \u00bd PSIG. The GOVERNOR allows for vent limited**, multi-position installation and positive dead-end lockup for \u00bd\u201d through 2\u2033. The GOVERNOR Gas Pressure Regulator also features double diaphragm, integral vent limiter with balanced valve design to provide increased capacity and accuracy. The GOVERNOR is suitable for indoor and outdoor installation.\" \/>\n<meta property=\"og:url\" content=\"https:\/\/combustionregulator.com\/es\/producto\/governor-over-pressure-device-opd-10-psig\/\" \/>\n<meta property=\"og:site_name\" content=\"Combustion Regulator\" \/>\n<meta property=\"article:modified_time\" content=\"2023-11-30T02:09:27+00:00\" \/>\n<meta property=\"og:image\" content=\"https:\/\/combustionregulator.com\/wp-content\/uploads\/2022\/05\/LPR-02-Gov-OPD.jpg\" \/>\n\t<meta property=\"og:image:width\" content=\"434\" \/>\n\t<meta property=\"og:image:height\" content=\"459\" \/>\n\t<meta property=\"og:image:type\" content=\"image\/jpeg\" \/>\n<meta name=\"twitter:card\" content=\"summary_large_image\" \/>\n<meta name=\"twitter:label1\" content=\"Tiempo de lectura\" \/>\n\t<meta name=\"twitter:data1\" content=\"2 minutes\" \/>\n<script type=\"application\/ld+json\" class=\"yoast-schema-graph\">{\"@context\":\"https:\/\/schema.org\",\"@graph\":[{\"@type\":\"WebPage\",\"@id\":\"https:\/\/combustionregulator.com\/product\/governor-over-pressure-device-opd-10-psig\/\",\"url\":\"https:\/\/combustionregulator.com\/product\/governor-over-pressure-device-opd-10-psig\/\",\"name\":\"GOVERNOR Over Pressure Device (OPD) 10 PSIG - Combustion Regulator\",\"isPartOf\":{\"@id\":\"https:\/\/combustionregulator.com\/#website\"},\"primaryImageOfPage\":{\"@id\":\"https:\/\/combustionregulator.com\/product\/governor-over-pressure-device-opd-10-psig\/#primaryimage\"},\"image\":{\"@id\":\"https:\/\/combustionregulator.com\/product\/governor-over-pressure-device-opd-10-psig\/#primaryimage\"},\"thumbnailUrl\":\"https:\/\/combustionregulator.com\/wp-content\/uploads\/2022\/05\/LPR-02-Gov-OPD.jpg\",\"datePublished\":\"2022-05-17T19:37:49+00:00\",\"dateModified\":\"2023-11-30T02:09:27+00:00\",\"description\":\"CSA design certified Z21.80\/ CSA 6.22 Class I Line Gas Pressure Regulator with Over Pressure Protection (OPD) for 10 PSIG inlet pressure, outlet pressure range of 2\u201d W.C. to \u00bd PSIG. The GOVERNOR allows for vent limited**, multi-position installation and positive dead-end lockup for \u00bd\u201d through 2\u2033. The GOVERNOR Gas Pressure Regulator also features double diaphragm, integral vent limiter with balanced valve design to provide increased capacity and accuracy. The GOVERNOR is suitable for indoor and outdoor installation.\",\"breadcrumb\":{\"@id\":\"https:\/\/combustionregulator.com\/product\/governor-over-pressure-device-opd-10-psig\/#breadcrumb\"},\"inLanguage\":\"es-MX\",\"potentialAction\":[{\"@type\":\"ReadAction\",\"target\":[\"https:\/\/combustionregulator.com\/product\/governor-over-pressure-device-opd-10-psig\/\"]}]},{\"@type\":\"ImageObject\",\"inLanguage\":\"es-MX\",\"@id\":\"https:\/\/combustionregulator.com\/product\/governor-over-pressure-device-opd-10-psig\/#primaryimage\",\"url\":\"https:\/\/combustionregulator.com\/wp-content\/uploads\/2022\/05\/LPR-02-Gov-OPD.jpg\",\"contentUrl\":\"https:\/\/combustionregulator.com\/wp-content\/uploads\/2022\/05\/LPR-02-Gov-OPD.jpg\",\"width\":434,\"height\":459,\"caption\":\"GOVERNOR Over Pressure Device 10 PSIG\"},{\"@type\":\"BreadcrumbList\",\"@id\":\"https:\/\/combustionregulator.com\/product\/governor-over-pressure-device-opd-10-psig\/#breadcrumb\",\"itemListElement\":[{\"@type\":\"ListItem\",\"position\":1,\"name\":\"Home\",\"item\":\"https:\/\/combustionregulator.com\/\"},{\"@type\":\"ListItem\",\"position\":2,\"name\":\"Shop\",\"item\":\"https:\/\/combustionregulator.com\/shop\/\"},{\"@type\":\"ListItem\",\"position\":3,\"name\":\"GOVERNOR Over Pressure Device (OPD) 10 PSIG\"}]},{\"@type\":\"WebSite\",\"@id\":\"https:\/\/combustionregulator.com\/#website\",\"url\":\"https:\/\/combustionregulator.com\/\",\"name\":\"Combustion Regulator\",\"description\":\"What you need to know about combustion regulators\",\"potentialAction\":[{\"@type\":\"SearchAction\",\"target\":{\"@type\":\"EntryPoint\",\"urlTemplate\":\"https:\/\/combustionregulator.com\/?s={search_term_string}\"},\"query-input\":{\"@type\":\"PropertyValueSpecification\",\"valueRequired\":true,\"valueName\":\"search_term_string\"}}],\"inLanguage\":\"es-MX\"}]}<\/script>\n<!-- \/ Yoast SEO plugin. -->","yoast_head_json":{"title":"GOVERNOR Over Pressure Device (OPD) 10 PSIG - Combustion Regulator","description":"Dise\u00f1o certificado por CSA Z21.80\/CSA 6.22 Regulador de presi\u00f3n de gas de l\u00ednea Clase I con protecci\u00f3n contra sobrepresi\u00f3n (OPD) para una presi\u00f3n de entrada de 10 PSIG, rango de presi\u00f3n de salida de 2\u201d WC a \u00bd PSIG. El GOBERNADOR permite la ventilaci\u00f3n limitada**, la instalaci\u00f3n de m\u00faltiples posiciones y el bloqueo de punto muerto positivo para \u00bd\u201d a 2\u2033. El regulador de presi\u00f3n de gas GOVERNOR tambi\u00e9n cuenta con limitador de ventilaci\u00f3n integral de doble diafragma con dise\u00f1o de v\u00e1lvula balanceada para brindar mayor capacidad y precisi\u00f3n. El GOBERNADOR es apto para instalaci\u00f3n en interiores y exteriores.","robots":{"index":"index","follow":"follow","max-snippet":"max-snippet:-1","max-image-preview":"max-image-preview:large","max-video-preview":"max-video-preview:-1"},"canonical":"https:\/\/combustionregulator.com\/es\/producto\/governor-over-pressure-device-opd-10-psig\/","og_locale":"es_MX","og_type":"article","og_title":"GOVERNOR Over Pressure Device (OPD) 10 PSIG - Combustion Regulator","og_description":"CSA design certified Z21.80\/ CSA 6.22 Class I Line Gas Pressure Regulator with Over Pressure Protection (OPD) for 10 PSIG inlet pressure, outlet pressure range of 2\u201d W.C. to \u00bd PSIG. The GOVERNOR allows for vent limited**, multi-position installation and positive dead-end lockup for \u00bd\u201d through 2\u2033. The GOVERNOR Gas Pressure Regulator also features double diaphragm, integral vent limiter with balanced valve design to provide increased capacity and accuracy. The GOVERNOR is suitable for indoor and outdoor installation.","og_url":"https:\/\/combustionregulator.com\/es\/producto\/governor-over-pressure-device-opd-10-psig\/","og_site_name":"Combustion Regulator","article_modified_time":"2023-11-30T02:09:27+00:00","og_image":[{"width":434,"height":459,"url":"https:\/\/combustionregulator.com\/wp-content\/uploads\/2022\/05\/LPR-02-Gov-OPD.jpg","type":"image\/jpeg"}],"twitter_card":"summary_large_image","twitter_misc":{"Tiempo de lectura":"2 minutes"},"schema":{"@context":"https:\/\/schema.org","@graph":[{"@type":"WebPage","@id":"https:\/\/combustionregulator.com\/product\/governor-over-pressure-device-opd-10-psig\/","url":"https:\/\/combustionregulator.com\/product\/governor-over-pressure-device-opd-10-psig\/","name":"GOVERNOR Over Pressure Device (OPD) 10 PSIG - Combustion Regulator","isPartOf":{"@id":"https:\/\/combustionregulator.com\/#website"},"primaryImageOfPage":{"@id":"https:\/\/combustionregulator.com\/product\/governor-over-pressure-device-opd-10-psig\/#primaryimage"},"image":{"@id":"https:\/\/combustionregulator.com\/product\/governor-over-pressure-device-opd-10-psig\/#primaryimage"},"thumbnailUrl":"https:\/\/combustionregulator.com\/wp-content\/uploads\/2022\/05\/LPR-02-Gov-OPD.jpg","datePublished":"2022-05-17T19:37:49+00:00","dateModified":"2023-11-30T02:09:27+00:00","description":"Dise\u00f1o certificado por CSA Z21.80\/CSA 6.22 Regulador de presi\u00f3n de gas de l\u00ednea Clase I con protecci\u00f3n contra sobrepresi\u00f3n (OPD) para una presi\u00f3n de entrada de 10 PSIG, rango de presi\u00f3n de salida de 2\u201d WC a \u00bd PSIG. El GOBERNADOR permite la ventilaci\u00f3n limitada**, la instalaci\u00f3n de m\u00faltiples posiciones y el bloqueo de punto muerto positivo para \u00bd\u201d a 2\u2033. El regulador de presi\u00f3n de gas GOVERNOR tambi\u00e9n cuenta con limitador de ventilaci\u00f3n integral de doble diafragma con dise\u00f1o de v\u00e1lvula balanceada para brindar mayor capacidad y precisi\u00f3n. El GOBERNADOR es apto para instalaci\u00f3n en interiores y exteriores.","breadcrumb":{"@id":"https:\/\/combustionregulator.com\/product\/governor-over-pressure-device-opd-10-psig\/#breadcrumb"},"inLanguage":"es-MX","potentialAction":[{"@type":"ReadAction","target":["https:\/\/combustionregulator.com\/product\/governor-over-pressure-device-opd-10-psig\/"]}]},{"@type":"ImageObject","inLanguage":"es-MX","@id":"https:\/\/combustionregulator.com\/product\/governor-over-pressure-device-opd-10-psig\/#primaryimage","url":"https:\/\/combustionregulator.com\/wp-content\/uploads\/2022\/05\/LPR-02-Gov-OPD.jpg","contentUrl":"https:\/\/combustionregulator.com\/wp-content\/uploads\/2022\/05\/LPR-02-Gov-OPD.jpg","width":434,"height":459,"caption":"GOVERNOR Over Pressure Device 10 PSIG"},{"@type":"BreadcrumbList","@id":"https:\/\/combustionregulator.com\/product\/governor-over-pressure-device-opd-10-psig\/#breadcrumb","itemListElement":[{"@type":"ListItem","position":1,"name":"Home","item":"https:\/\/combustionregulator.com\/"},{"@type":"ListItem","position":2,"name":"Shop","item":"https:\/\/combustionregulator.com\/shop\/"},{"@type":"ListItem","position":3,"name":"GOVERNOR Over Pressure Device (OPD) 10 PSIG"}]},{"@type":"WebSite","@id":"https:\/\/combustionregulator.com\/#website","url":"https:\/\/combustionregulator.com\/","name":"Regulador de combusti\u00f3n","description":"Lo que necesita saber sobre los reguladores de combusti\u00f3n","potentialAction":[{"@type":"SearchAction","target":{"@type":"EntryPoint","urlTemplate":"https:\/\/combustionregulator.com\/?s={search_term_string}"},"query-input":{"@type":"PropertyValueSpecification","valueRequired":true,"valueName":"search_term_string"}}],"inLanguage":"es-MX"}]}},"_links":{"self":[{"href":"https:\/\/combustionregulator.com\/es\/wp-json\/wp\/v2\/product\/115","targetHints":{"allow":["GET"]}}],"collection":[{"href":"https:\/\/combustionregulator.com\/es\/wp-json\/wp\/v2\/product"}],"about":[{"href":"https:\/\/combustionregulator.com\/es\/wp-json\/wp\/v2\/types\/product"}],"replies":[{"embeddable":true,"href":"https:\/\/combustionregulator.com\/es\/wp-json\/wp\/v2\/comments?post=115"}],"wp:featuredmedia":[{"embeddable":true,"href":"https:\/\/combustionregulator.com\/es\/wp-json\/wp\/v2\/media\/126"}],"wp:attachment":[{"href":"https:\/\/combustionregulator.com\/es\/wp-json\/wp\/v2\/media?parent=115"}],"wp:term":[{"taxonomy":"product_brand","embeddable":true,"href":"https:\/\/combustionregulator.com\/es\/wp-json\/wp\/v2\/product_brand?post=115"},{"taxonomy":"product_cat","embeddable":true,"href":"https:\/\/combustionregulator.com\/es\/wp-json\/wp\/v2\/product_cat?post=115"},{"taxonomy":"product_tag","embeddable":true,"href":"https:\/\/combustionregulator.com\/es\/wp-json\/wp\/v2\/product_tag?post=115"}],"curies":[{"name":"wp","href":"https:\/\/api.w.org\/{rel}","templated":true}]}}