{"id":117,"date":"2022-05-17T19:37:50","date_gmt":"2022-05-17T19:37:50","guid":{"rendered":"http:\/\/combustion.stagemysite.com\/?post_type=product&#038;p=117"},"modified":"2023-11-30T02:07:26","modified_gmt":"2023-11-30T02:07:26","slug":"zero-governor-f3z","status":"publish","type":"product","link":"https:\/\/combustionregulator.com\/es\/producto\/zero-governor-f3z\/","title":{"rendered":"Reguladores PF Zero GOBERNADOR"},"content":{"rendered":"<p>La serie ZERO GOVERNOR F3Z de Pietro Fiorentini est\u00e1 dise\u00f1ada para cumplir con el est\u00e1ndar ANSI Z21.8.<\/p>\n<p>The F3Z family of regulators are ideal for all burner installations, nozzle mixers, mixing tees, and proportional pre-mixers. Their function is to regulate the pressure and to maintain constant air\/gas ratio. The materials and soft parts used in the construction of the ZERO GOVERNOR regulators make them suitable for use with natural gas, LPG, city gas and all other non corrosive gases.<\/p>\n<p>Todos los reguladores F3Z est\u00e1n equipados con un dise\u00f1o de dispositivo equilibrado para una alta precisi\u00f3n de la presi\u00f3n de salida, independientemente de cualquier variaci\u00f3n de la presi\u00f3n de entrada. El doble diafragma brinda mayor seguridad en caso de falla del diafragma primario.<\/p>\n<p><strong>Principales caracter\u00edsticas:<\/strong><br \/>\n\u2022 Relaci\u00f3n aire\/gas: 1:1<br \/>\n\u2022 Presi\u00f3n de dise\u00f1o: 14,5 PSIG<br \/>\n\u2022 Presi\u00f3n m\u00e1xima de salida: 7,25 PSIG<br \/>\n\u2022 Presi\u00f3n de salida: 0.2 \u2013 60.2\u2033 WC<br \/>\n\u2022 Control de presi\u00f3n de aire: 0.2 \u2013 60.2\u2033 WC<br \/>\n\u2022 \u0394P m\u00ednimo entre Pu y Pd: 8\u2033 WC<br \/>\n\u2022 Rango de temperatura ambiente: 14 \u00b0F \u2013 140 \u00b0F<br \/>\n\u2022 Filtro: S\u00ed (opcional)<br \/>\n\u2022 Conexi\u00f3n de aire: 1\/4\u2033 NPT<br \/>\n\u2022 Conexiones: 1\/2\u201d, 3\/4\u201d, 1\u201d, 1 1\/4\u2033, 1 1\/2\u2033, 2\u2033 NPT<br \/>\n2 1\/2\u2033, 3\u2033, 4\u2033 ANSI 150RF<\/p>\n<p><strong>Descargas:<\/strong><br \/>\n<a href=\"https:\/\/combustionregulator.com\/wp-content\/uploads\/2022\/09\/PF-ZERO-GOVERNOR-Brochure-CBR-08.16.22-FINAL-.pdf\">Folleto del producto del gobernador cero PF<\/a><\/p>","protected":false},"excerpt":{"rendered":"<p>Pietro Fiorentini\u2019s ZERO GOVERNOR F3Z series, are designed to comply with the ANSI Z21.8 standard. The F3Z family of regulators are ideal for all burner installations, nozzle mixers, mixing tees, and proportional pre-mixers. Their function is to regulate the pressure and to maintain constant air\/gas ratio. The materials and soft parts used in the construction [&hellip;]<\/p>\n","protected":false},"featured_media":714,"comment_status":"open","ping_status":"closed","template":"","meta":[],"product_brand":[],"product_cat":[32],"product_tag":[],"class_list":{"0":"post-117","1":"product","2":"type-product","3":"status-publish","4":"has-post-thumbnail","6":"product_cat-specialty-regulators","8":"first","9":"instock","10":"shipping-taxable","11":"product-type-simple"},"yoast_head":"<!-- This site is optimized with the Yoast SEO plugin v27.2 - https:\/\/yoast.com\/product\/yoast-seo-wordpress\/ -->\n<title>PF Zero GOVERNOR Regulators - Combustion Regulator<\/title>\n<meta name=\"description\" content=\"The Pietro Fiorentini F3Z family of regulators are ideal for all burner installations, nozzle mixers, mixing tees, and proportional pre-mixers. Their function is to regulate the pressure and to maintain constant the air\/gas ratio. The materials and soft parts used in the construction of the ZERO GOVERNOR regulators make them suitable for use with natural gas, LPG, city gas and all other non corrosive gases.\" \/>\n<meta name=\"robots\" content=\"index, follow, max-snippet:-1, max-image-preview:large, max-video-preview:-1\" \/>\n<link rel=\"canonical\" href=\"https:\/\/combustionregulator.com\/es\/producto\/zero-governor-f3z\/\" \/>\n<meta property=\"og:locale\" content=\"es_MX\" \/>\n<meta property=\"og:type\" content=\"article\" \/>\n<meta property=\"og:title\" content=\"PF Zero GOVERNOR Regulators - Combustion Regulator\" \/>\n<meta property=\"og:description\" content=\"The Pietro Fiorentini F3Z family of regulators are ideal for all burner installations, nozzle mixers, mixing tees, and proportional pre-mixers. Their function is to regulate the pressure and to maintain constant the air\/gas ratio. The materials and soft parts used in the construction of the ZERO GOVERNOR regulators make them suitable for use with natural gas, LPG, city gas and all other non corrosive gases.\" \/>\n<meta property=\"og:url\" content=\"https:\/\/combustionregulator.com\/es\/producto\/zero-governor-f3z\/\" \/>\n<meta property=\"og:site_name\" content=\"Combustion Regulator\" \/>\n<meta property=\"article:modified_time\" content=\"2023-11-30T02:07:26+00:00\" \/>\n<meta property=\"og:image\" content=\"https:\/\/combustionregulator.com\/wp-content\/uploads\/2023\/01\/PF-Zero-regulator.jpeg\" \/>\n\t<meta property=\"og:image:width\" content=\"860\" \/>\n\t<meta property=\"og:image:height\" content=\"860\" \/>\n\t<meta property=\"og:image:type\" content=\"image\/jpeg\" \/>\n<meta name=\"twitter:card\" content=\"summary_large_image\" \/>\n<meta name=\"twitter:label1\" content=\"Tiempo de lectura\" \/>\n\t<meta name=\"twitter:data1\" content=\"1 minute\" \/>\n<script type=\"application\/ld+json\" class=\"yoast-schema-graph\">{\"@context\":\"https:\/\/schema.org\",\"@graph\":[{\"@type\":\"WebPage\",\"@id\":\"https:\/\/combustionregulator.com\/product\/zero-governor-f3z\/\",\"url\":\"https:\/\/combustionregulator.com\/product\/zero-governor-f3z\/\",\"name\":\"PF Zero GOVERNOR Regulators - Combustion Regulator\",\"isPartOf\":{\"@id\":\"https:\/\/combustionregulator.com\/#website\"},\"primaryImageOfPage\":{\"@id\":\"https:\/\/combustionregulator.com\/product\/zero-governor-f3z\/#primaryimage\"},\"image\":{\"@id\":\"https:\/\/combustionregulator.com\/product\/zero-governor-f3z\/#primaryimage\"},\"thumbnailUrl\":\"https:\/\/combustionregulator.com\/wp-content\/uploads\/2023\/01\/PF-Zero-regulator.jpeg\",\"datePublished\":\"2022-05-17T19:37:50+00:00\",\"dateModified\":\"2023-11-30T02:07:26+00:00\",\"description\":\"The Pietro Fiorentini F3Z family of regulators are ideal for all burner installations, nozzle mixers, mixing tees, and proportional pre-mixers. Their function is to regulate the pressure and to maintain constant the air\/gas ratio. The materials and soft parts used in the construction of the ZERO GOVERNOR regulators make them suitable for use with natural gas, LPG, city gas and all other non corrosive gases.\",\"breadcrumb\":{\"@id\":\"https:\/\/combustionregulator.com\/product\/zero-governor-f3z\/#breadcrumb\"},\"inLanguage\":\"es-MX\",\"potentialAction\":[{\"@type\":\"ReadAction\",\"target\":[\"https:\/\/combustionregulator.com\/product\/zero-governor-f3z\/\"]}]},{\"@type\":\"ImageObject\",\"inLanguage\":\"es-MX\",\"@id\":\"https:\/\/combustionregulator.com\/product\/zero-governor-f3z\/#primaryimage\",\"url\":\"https:\/\/combustionregulator.com\/wp-content\/uploads\/2023\/01\/PF-Zero-regulator.jpeg\",\"contentUrl\":\"https:\/\/combustionregulator.com\/wp-content\/uploads\/2023\/01\/PF-Zero-regulator.jpeg\",\"width\":860,\"height\":860,\"caption\":\"PF Zero GOVERNOR Regulators\"},{\"@type\":\"BreadcrumbList\",\"@id\":\"https:\/\/combustionregulator.com\/product\/zero-governor-f3z\/#breadcrumb\",\"itemListElement\":[{\"@type\":\"ListItem\",\"position\":1,\"name\":\"Home\",\"item\":\"https:\/\/combustionregulator.com\/\"},{\"@type\":\"ListItem\",\"position\":2,\"name\":\"Shop\",\"item\":\"https:\/\/combustionregulator.com\/shop\/\"},{\"@type\":\"ListItem\",\"position\":3,\"name\":\"PF Zero GOVERNOR Regulators\"}]},{\"@type\":\"WebSite\",\"@id\":\"https:\/\/combustionregulator.com\/#website\",\"url\":\"https:\/\/combustionregulator.com\/\",\"name\":\"Combustion Regulator\",\"description\":\"What you need to know about combustion regulators\",\"potentialAction\":[{\"@type\":\"SearchAction\",\"target\":{\"@type\":\"EntryPoint\",\"urlTemplate\":\"https:\/\/combustionregulator.com\/?s={search_term_string}\"},\"query-input\":{\"@type\":\"PropertyValueSpecification\",\"valueRequired\":true,\"valueName\":\"search_term_string\"}}],\"inLanguage\":\"es-MX\"}]}<\/script>\n<!-- \/ Yoast SEO plugin. -->","yoast_head_json":{"title":"PF Zero GOVERNOR Regulators - Combustion Regulator","description":"The Pietro Fiorentini F3Z family of regulators are ideal for all burner installations, nozzle mixers, mixing tees, and proportional pre-mixers. Their function is to regulate the pressure and to maintain constant the air\/gas ratio. The materials and soft parts used in the construction of the ZERO GOVERNOR regulators make them suitable for use with natural gas, LPG, city gas and all other non corrosive gases.","robots":{"index":"index","follow":"follow","max-snippet":"max-snippet:-1","max-image-preview":"max-image-preview:large","max-video-preview":"max-video-preview:-1"},"canonical":"https:\/\/combustionregulator.com\/es\/producto\/zero-governor-f3z\/","og_locale":"es_MX","og_type":"article","og_title":"PF Zero GOVERNOR Regulators - Combustion Regulator","og_description":"The Pietro Fiorentini F3Z family of regulators are ideal for all burner installations, nozzle mixers, mixing tees, and proportional pre-mixers. Their function is to regulate the pressure and to maintain constant the air\/gas ratio. The materials and soft parts used in the construction of the ZERO GOVERNOR regulators make them suitable for use with natural gas, LPG, city gas and all other non corrosive gases.","og_url":"https:\/\/combustionregulator.com\/es\/producto\/zero-governor-f3z\/","og_site_name":"Combustion Regulator","article_modified_time":"2023-11-30T02:07:26+00:00","og_image":[{"width":860,"height":860,"url":"https:\/\/combustionregulator.com\/wp-content\/uploads\/2023\/01\/PF-Zero-regulator.jpeg","type":"image\/jpeg"}],"twitter_card":"summary_large_image","twitter_misc":{"Tiempo de lectura":"1 minute"},"schema":{"@context":"https:\/\/schema.org","@graph":[{"@type":"WebPage","@id":"https:\/\/combustionregulator.com\/product\/zero-governor-f3z\/","url":"https:\/\/combustionregulator.com\/product\/zero-governor-f3z\/","name":"PF Zero GOVERNOR Regulators - Combustion Regulator","isPartOf":{"@id":"https:\/\/combustionregulator.com\/#website"},"primaryImageOfPage":{"@id":"https:\/\/combustionregulator.com\/product\/zero-governor-f3z\/#primaryimage"},"image":{"@id":"https:\/\/combustionregulator.com\/product\/zero-governor-f3z\/#primaryimage"},"thumbnailUrl":"https:\/\/combustionregulator.com\/wp-content\/uploads\/2023\/01\/PF-Zero-regulator.jpeg","datePublished":"2022-05-17T19:37:50+00:00","dateModified":"2023-11-30T02:07:26+00:00","description":"The Pietro Fiorentini F3Z family of regulators are ideal for all burner installations, nozzle mixers, mixing tees, and proportional pre-mixers. Their function is to regulate the pressure and to maintain constant the air\/gas ratio. The materials and soft parts used in the construction of the ZERO GOVERNOR regulators make them suitable for use with natural gas, LPG, city gas and all other non corrosive gases.","breadcrumb":{"@id":"https:\/\/combustionregulator.com\/product\/zero-governor-f3z\/#breadcrumb"},"inLanguage":"es-MX","potentialAction":[{"@type":"ReadAction","target":["https:\/\/combustionregulator.com\/product\/zero-governor-f3z\/"]}]},{"@type":"ImageObject","inLanguage":"es-MX","@id":"https:\/\/combustionregulator.com\/product\/zero-governor-f3z\/#primaryimage","url":"https:\/\/combustionregulator.com\/wp-content\/uploads\/2023\/01\/PF-Zero-regulator.jpeg","contentUrl":"https:\/\/combustionregulator.com\/wp-content\/uploads\/2023\/01\/PF-Zero-regulator.jpeg","width":860,"height":860,"caption":"PF Zero GOVERNOR Regulators"},{"@type":"BreadcrumbList","@id":"https:\/\/combustionregulator.com\/product\/zero-governor-f3z\/#breadcrumb","itemListElement":[{"@type":"ListItem","position":1,"name":"Home","item":"https:\/\/combustionregulator.com\/"},{"@type":"ListItem","position":2,"name":"Shop","item":"https:\/\/combustionregulator.com\/shop\/"},{"@type":"ListItem","position":3,"name":"PF Zero GOVERNOR Regulators"}]},{"@type":"WebSite","@id":"https:\/\/combustionregulator.com\/#website","url":"https:\/\/combustionregulator.com\/","name":"Regulador de combusti\u00f3n","description":"Lo que necesita saber sobre los reguladores de combusti\u00f3n","potentialAction":[{"@type":"SearchAction","target":{"@type":"EntryPoint","urlTemplate":"https:\/\/combustionregulator.com\/?s={search_term_string}"},"query-input":{"@type":"PropertyValueSpecification","valueRequired":true,"valueName":"search_term_string"}}],"inLanguage":"es-MX"}]}},"_links":{"self":[{"href":"https:\/\/combustionregulator.com\/es\/wp-json\/wp\/v2\/product\/117","targetHints":{"allow":["GET"]}}],"collection":[{"href":"https:\/\/combustionregulator.com\/es\/wp-json\/wp\/v2\/product"}],"about":[{"href":"https:\/\/combustionregulator.com\/es\/wp-json\/wp\/v2\/types\/product"}],"replies":[{"embeddable":true,"href":"https:\/\/combustionregulator.com\/es\/wp-json\/wp\/v2\/comments?post=117"}],"wp:featuredmedia":[{"embeddable":true,"href":"https:\/\/combustionregulator.com\/es\/wp-json\/wp\/v2\/media\/714"}],"wp:attachment":[{"href":"https:\/\/combustionregulator.com\/es\/wp-json\/wp\/v2\/media?parent=117"}],"wp:term":[{"taxonomy":"product_brand","embeddable":true,"href":"https:\/\/combustionregulator.com\/es\/wp-json\/wp\/v2\/product_brand?post=117"},{"taxonomy":"product_cat","embeddable":true,"href":"https:\/\/combustionregulator.com\/es\/wp-json\/wp\/v2\/product_cat?post=117"},{"taxonomy":"product_tag","embeddable":true,"href":"https:\/\/combustionregulator.com\/es\/wp-json\/wp\/v2\/product_tag?post=117"}],"curies":[{"name":"wp","href":"https:\/\/api.w.org\/{rel}","templated":true}]}}