{"id":118,"date":"2022-05-17T19:37:50","date_gmt":"2022-05-17T19:37:50","guid":{"rendered":"http:\/\/combustion.stagemysite.com\/?post_type=product&#038;p=118"},"modified":"2023-11-27T19:13:07","modified_gmt":"2023-11-27T19:13:07","slug":"governor-pf400-vent-limiter","status":"publish","type":"product","link":"https:\/\/combustionregulator.com\/es\/producto\/governor-pf400-vent-limiter\/","title":{"rendered":"REGULADOR PF400 Con limitador de ventilaci\u00f3n"},"content":{"rendered":"<p>La l\u00ednea de reguladores de gas PF400 de Pietro Fiorentini est\u00e1 dise\u00f1ada para cumplir con las \u00faltimas normas CSA e internacionales para reguladores aptos para instalaciones interiores y exteriores sin modificaciones.<\/p>\n<p>La familia de reguladores PF400 es ideal para una amplia gama de aplicaciones residenciales e industriales de gran tama\u00f1o. Los materiales y las partes blandas utilizadas en la construcci\u00f3n de los reguladores PF400 los hacen aptos para su uso con gas natural, GLP, propano aire y otros gases no corrosivos.<\/p>\n<p>Todos los PF400 pueden lograr una alta precisi\u00f3n de presi\u00f3n de salida independientemente de la variaci\u00f3n de la presi\u00f3n de entrada. El limitador de ventilaci\u00f3n externo reduce los costos de tuber\u00eda y la necesidad de costosas tuber\u00edas de ventilaci\u00f3n para instalaciones en interiores y cumple con las pautas de CSA.*<\/p>\n<p><strong>Seguro, confiable y de alto rendimiento<\/strong><\/p>\n<ul>\n<li>Opci\u00f3n de limitador de ventilaci\u00f3n externa certificado por CSA para instalaciones en interiores*.<\/li>\n<li>Ambas posiciones de instalaci\u00f3n vertical y horizontal.<\/li>\n<li>Bloqueo completo en ausencia de flujo de gas, cierre a prueba de burbujas 100%.<\/li>\n<li>Dise\u00f1ado para ser utilizado en hornos y cargas simples de encendido y apagado.<\/li>\n<\/ul>\n<p>*Seg\u00fan lo aprobado por los c\u00f3digos y est\u00e1ndares locales<br \/>\n**El limitador de ventilaci\u00f3n de lat\u00f3n se debe quitar para la instalaci\u00f3n al aire libre<\/p>\n<p><strong>Descargas:<\/strong><br \/>\n<a href=\"https:\/\/combustionregulator.com\/wp-content\/uploads\/2022\/08\/PF-GOVERNOR400-Brochure-CR-08.29.22-FINAL.pdf\">PF GOVERNOR 400 Brochure &#8211; English<\/a><br \/>\n<a href=\"https:\/\/combustionregulator.com\/wp-content\/uploads\/2023\/11\/PF-GOVERNOR400-Brochure-ECCO-Spanish-CBR-10.30.23-FINAL.pdf\">PF GOVERNOR 400 Brochure &#8211; Spanish<\/a><br \/>\n<a href=\"https:\/\/combustionregulator.com\/wp-content\/uploads\/2023\/11\/PF-GOVERNOR400-Brochure-ECCO-French-Canadian-CBR-08.29.22-FINAL.pdf\">PF GOVERNOR 400 Brochure &#8211; French Canadian<\/a><\/p>\n<p>&nbsp;<\/p>","protected":false},"excerpt":{"rendered":"<p>Pietro Fiorentini\u2019s PF400 line of gas regulators are designed to comply with the latest CSA and international standards for regulators suitable for indoor and outdoor installations with no modifications. The PF400 family of regulators are ideal for a wide range of residential through large industrial applications. The materials and soft parts used in the construction [&hellip;]<\/p>\n","protected":false},"featured_media":129,"comment_status":"open","ping_status":"closed","template":"","meta":[],"product_brand":[],"product_cat":[25],"product_tag":[],"class_list":{"0":"post-118","1":"product","2":"type-product","3":"status-publish","4":"has-post-thumbnail","6":"product_cat-up-to-2-psig-inlet","8":"first","9":"instock","10":"shipping-taxable","11":"product-type-simple"},"yoast_head":"<!-- This site is optimized with the Yoast SEO plugin v27.2 - https:\/\/yoast.com\/product\/yoast-seo-wordpress\/ -->\n<title>GOVERNOR PF400 With Vent Limiter - Combustion Regulator<\/title>\n<meta name=\"description\" content=\"Pietro Fiorentini\u2019s PF400 line of gas regulators are designed to comply with the latest CSA and international standards for regulators suitable for indoor and outdoor installations with no modifications.The PF400 family of regulators are ideal for a wide range of residential through large industrial applications. The materials and soft parts used in the construction of the PF400 regulators make them suitable for use with natural gas, LPG, Propane air and other non-corrosive gases.All PF400 can achieve high outlet pressure accuracy regardless of Inlet pressure variation. The external vent limiter reduces piping costs and the need for costly vent piping for indoor installations and complies with CSA guidelines.*\" \/>\n<meta name=\"robots\" content=\"index, follow, max-snippet:-1, max-image-preview:large, max-video-preview:-1\" \/>\n<link rel=\"canonical\" href=\"https:\/\/combustionregulator.com\/es\/producto\/governor-pf400-vent-limiter\/\" \/>\n<meta property=\"og:locale\" content=\"es_MX\" \/>\n<meta property=\"og:type\" content=\"article\" \/>\n<meta property=\"og:title\" content=\"GOVERNOR PF400 With Vent Limiter - Combustion Regulator\" \/>\n<meta property=\"og:description\" content=\"Pietro Fiorentini\u2019s PF400 line of gas regulators are designed to comply with the latest CSA and international standards for regulators suitable for indoor and outdoor installations with no modifications.The PF400 family of regulators are ideal for a wide range of residential through large industrial applications. The materials and soft parts used in the construction of the PF400 regulators make them suitable for use with natural gas, LPG, Propane air and other non-corrosive gases.All PF400 can achieve high outlet pressure accuracy regardless of Inlet pressure variation. The external vent limiter reduces piping costs and the need for costly vent piping for indoor installations and complies with CSA guidelines.*\" \/>\n<meta property=\"og:url\" content=\"https:\/\/combustionregulator.com\/es\/producto\/governor-pf400-vent-limiter\/\" \/>\n<meta property=\"og:site_name\" content=\"Combustion Regulator\" \/>\n<meta property=\"article:modified_time\" content=\"2023-11-27T19:13:07+00:00\" \/>\n<meta property=\"og:image\" content=\"https:\/\/combustionregulator.com\/wp-content\/uploads\/2022\/05\/LPR-05-PF400.jpg\" \/>\n\t<meta property=\"og:image:width\" content=\"434\" \/>\n\t<meta property=\"og:image:height\" content=\"459\" \/>\n\t<meta property=\"og:image:type\" content=\"image\/jpeg\" \/>\n<meta name=\"twitter:card\" content=\"summary_large_image\" \/>\n<meta name=\"twitter:label1\" content=\"Tiempo de lectura\" \/>\n\t<meta name=\"twitter:data1\" content=\"1 minute\" \/>\n<script type=\"application\/ld+json\" class=\"yoast-schema-graph\">{\"@context\":\"https:\/\/schema.org\",\"@graph\":[{\"@type\":\"WebPage\",\"@id\":\"https:\/\/combustionregulator.com\/product\/governor-pf400-vent-limiter\/\",\"url\":\"https:\/\/combustionregulator.com\/product\/governor-pf400-vent-limiter\/\",\"name\":\"GOVERNOR PF400 With Vent Limiter - Combustion Regulator\",\"isPartOf\":{\"@id\":\"https:\/\/combustionregulator.com\/#website\"},\"primaryImageOfPage\":{\"@id\":\"https:\/\/combustionregulator.com\/product\/governor-pf400-vent-limiter\/#primaryimage\"},\"image\":{\"@id\":\"https:\/\/combustionregulator.com\/product\/governor-pf400-vent-limiter\/#primaryimage\"},\"thumbnailUrl\":\"https:\/\/combustionregulator.com\/wp-content\/uploads\/2022\/05\/LPR-05-PF400.jpg\",\"datePublished\":\"2022-05-17T19:37:50+00:00\",\"dateModified\":\"2023-11-27T19:13:07+00:00\",\"description\":\"Pietro Fiorentini\u2019s PF400 line of gas regulators are designed to comply with the latest CSA and international standards for regulators suitable for indoor and outdoor installations with no modifications.The PF400 family of regulators are ideal for a wide range of residential through large industrial applications. The materials and soft parts used in the construction of the PF400 regulators make them suitable for use with natural gas, LPG, Propane air and other non-corrosive gases.All PF400 can achieve high outlet pressure accuracy regardless of Inlet pressure variation. The external vent limiter reduces piping costs and the need for costly vent piping for indoor installations and complies with CSA guidelines.*\",\"breadcrumb\":{\"@id\":\"https:\/\/combustionregulator.com\/product\/governor-pf400-vent-limiter\/#breadcrumb\"},\"inLanguage\":\"es-MX\",\"potentialAction\":[{\"@type\":\"ReadAction\",\"target\":[\"https:\/\/combustionregulator.com\/product\/governor-pf400-vent-limiter\/\"]}]},{\"@type\":\"ImageObject\",\"inLanguage\":\"es-MX\",\"@id\":\"https:\/\/combustionregulator.com\/product\/governor-pf400-vent-limiter\/#primaryimage\",\"url\":\"https:\/\/combustionregulator.com\/wp-content\/uploads\/2022\/05\/LPR-05-PF400.jpg\",\"contentUrl\":\"https:\/\/combustionregulator.com\/wp-content\/uploads\/2022\/05\/LPR-05-PF400.jpg\",\"width\":434,\"height\":459,\"caption\":\"LPR-Products-2021\"},{\"@type\":\"BreadcrumbList\",\"@id\":\"https:\/\/combustionregulator.com\/product\/governor-pf400-vent-limiter\/#breadcrumb\",\"itemListElement\":[{\"@type\":\"ListItem\",\"position\":1,\"name\":\"Home\",\"item\":\"https:\/\/combustionregulator.com\/\"},{\"@type\":\"ListItem\",\"position\":2,\"name\":\"Shop\",\"item\":\"https:\/\/combustionregulator.com\/shop\/\"},{\"@type\":\"ListItem\",\"position\":3,\"name\":\"GOVERNOR PF400 With Vent Limiter\"}]},{\"@type\":\"WebSite\",\"@id\":\"https:\/\/combustionregulator.com\/#website\",\"url\":\"https:\/\/combustionregulator.com\/\",\"name\":\"Combustion Regulator\",\"description\":\"What you need to know about combustion regulators\",\"potentialAction\":[{\"@type\":\"SearchAction\",\"target\":{\"@type\":\"EntryPoint\",\"urlTemplate\":\"https:\/\/combustionregulator.com\/?s={search_term_string}\"},\"query-input\":{\"@type\":\"PropertyValueSpecification\",\"valueRequired\":true,\"valueName\":\"search_term_string\"}}],\"inLanguage\":\"es-MX\"}]}<\/script>\n<!-- \/ Yoast SEO plugin. -->","yoast_head_json":{"title":"GOVERNOR PF400 With Vent Limiter - Combustion Regulator","description":"Pietro Fiorentini\u2019s PF400 line of gas regulators are designed to comply with the latest CSA and international standards for regulators suitable for indoor and outdoor installations with no modifications.The PF400 family of regulators are ideal for a wide range of residential through large industrial applications. The materials and soft parts used in the construction of the PF400 regulators make them suitable for use with natural gas, LPG, Propane air and other non-corrosive gases.All PF400 can achieve high outlet pressure accuracy regardless of Inlet pressure variation. The external vent limiter reduces piping costs and the need for costly vent piping for indoor installations and complies with CSA guidelines.*","robots":{"index":"index","follow":"follow","max-snippet":"max-snippet:-1","max-image-preview":"max-image-preview:large","max-video-preview":"max-video-preview:-1"},"canonical":"https:\/\/combustionregulator.com\/es\/producto\/governor-pf400-vent-limiter\/","og_locale":"es_MX","og_type":"article","og_title":"GOVERNOR PF400 With Vent Limiter - Combustion Regulator","og_description":"Pietro Fiorentini\u2019s PF400 line of gas regulators are designed to comply with the latest CSA and international standards for regulators suitable for indoor and outdoor installations with no modifications.The PF400 family of regulators are ideal for a wide range of residential through large industrial applications. The materials and soft parts used in the construction of the PF400 regulators make them suitable for use with natural gas, LPG, Propane air and other non-corrosive gases.All PF400 can achieve high outlet pressure accuracy regardless of Inlet pressure variation. The external vent limiter reduces piping costs and the need for costly vent piping for indoor installations and complies with CSA guidelines.*","og_url":"https:\/\/combustionregulator.com\/es\/producto\/governor-pf400-vent-limiter\/","og_site_name":"Combustion Regulator","article_modified_time":"2023-11-27T19:13:07+00:00","og_image":[{"width":434,"height":459,"url":"https:\/\/combustionregulator.com\/wp-content\/uploads\/2022\/05\/LPR-05-PF400.jpg","type":"image\/jpeg"}],"twitter_card":"summary_large_image","twitter_misc":{"Tiempo de lectura":"1 minute"},"schema":{"@context":"https:\/\/schema.org","@graph":[{"@type":"WebPage","@id":"https:\/\/combustionregulator.com\/product\/governor-pf400-vent-limiter\/","url":"https:\/\/combustionregulator.com\/product\/governor-pf400-vent-limiter\/","name":"GOVERNOR PF400 With Vent Limiter - Combustion Regulator","isPartOf":{"@id":"https:\/\/combustionregulator.com\/#website"},"primaryImageOfPage":{"@id":"https:\/\/combustionregulator.com\/product\/governor-pf400-vent-limiter\/#primaryimage"},"image":{"@id":"https:\/\/combustionregulator.com\/product\/governor-pf400-vent-limiter\/#primaryimage"},"thumbnailUrl":"https:\/\/combustionregulator.com\/wp-content\/uploads\/2022\/05\/LPR-05-PF400.jpg","datePublished":"2022-05-17T19:37:50+00:00","dateModified":"2023-11-27T19:13:07+00:00","description":"Pietro Fiorentini\u2019s PF400 line of gas regulators are designed to comply with the latest CSA and international standards for regulators suitable for indoor and outdoor installations with no modifications.The PF400 family of regulators are ideal for a wide range of residential through large industrial applications. The materials and soft parts used in the construction of the PF400 regulators make them suitable for use with natural gas, LPG, Propane air and other non-corrosive gases.All PF400 can achieve high outlet pressure accuracy regardless of Inlet pressure variation. The external vent limiter reduces piping costs and the need for costly vent piping for indoor installations and complies with CSA guidelines.*","breadcrumb":{"@id":"https:\/\/combustionregulator.com\/product\/governor-pf400-vent-limiter\/#breadcrumb"},"inLanguage":"es-MX","potentialAction":[{"@type":"ReadAction","target":["https:\/\/combustionregulator.com\/product\/governor-pf400-vent-limiter\/"]}]},{"@type":"ImageObject","inLanguage":"es-MX","@id":"https:\/\/combustionregulator.com\/product\/governor-pf400-vent-limiter\/#primaryimage","url":"https:\/\/combustionregulator.com\/wp-content\/uploads\/2022\/05\/LPR-05-PF400.jpg","contentUrl":"https:\/\/combustionregulator.com\/wp-content\/uploads\/2022\/05\/LPR-05-PF400.jpg","width":434,"height":459,"caption":"LPR-Products-2021"},{"@type":"BreadcrumbList","@id":"https:\/\/combustionregulator.com\/product\/governor-pf400-vent-limiter\/#breadcrumb","itemListElement":[{"@type":"ListItem","position":1,"name":"Home","item":"https:\/\/combustionregulator.com\/"},{"@type":"ListItem","position":2,"name":"Shop","item":"https:\/\/combustionregulator.com\/shop\/"},{"@type":"ListItem","position":3,"name":"GOVERNOR PF400 With Vent Limiter"}]},{"@type":"WebSite","@id":"https:\/\/combustionregulator.com\/#website","url":"https:\/\/combustionregulator.com\/","name":"Regulador de combusti\u00f3n","description":"Lo que necesita saber sobre los reguladores de combusti\u00f3n","potentialAction":[{"@type":"SearchAction","target":{"@type":"EntryPoint","urlTemplate":"https:\/\/combustionregulator.com\/?s={search_term_string}"},"query-input":{"@type":"PropertyValueSpecification","valueRequired":true,"valueName":"search_term_string"}}],"inLanguage":"es-MX"}]}},"_links":{"self":[{"href":"https:\/\/combustionregulator.com\/es\/wp-json\/wp\/v2\/product\/118","targetHints":{"allow":["GET"]}}],"collection":[{"href":"https:\/\/combustionregulator.com\/es\/wp-json\/wp\/v2\/product"}],"about":[{"href":"https:\/\/combustionregulator.com\/es\/wp-json\/wp\/v2\/types\/product"}],"replies":[{"embeddable":true,"href":"https:\/\/combustionregulator.com\/es\/wp-json\/wp\/v2\/comments?post=118"}],"wp:featuredmedia":[{"embeddable":true,"href":"https:\/\/combustionregulator.com\/es\/wp-json\/wp\/v2\/media\/129"}],"wp:attachment":[{"href":"https:\/\/combustionregulator.com\/es\/wp-json\/wp\/v2\/media?parent=118"}],"wp:term":[{"taxonomy":"product_brand","embeddable":true,"href":"https:\/\/combustionregulator.com\/es\/wp-json\/wp\/v2\/product_brand?post=118"},{"taxonomy":"product_cat","embeddable":true,"href":"https:\/\/combustionregulator.com\/es\/wp-json\/wp\/v2\/product_cat?post=118"},{"taxonomy":"product_tag","embeddable":true,"href":"https:\/\/combustionregulator.com\/es\/wp-json\/wp\/v2\/product_tag?post=118"}],"curies":[{"name":"wp","href":"https:\/\/api.w.org\/{rel}","templated":true}]}}