{"id":121,"date":"2022-05-17T19:37:50","date_gmt":"2022-05-17T19:37:50","guid":{"rendered":"http:\/\/combustion.stagemysite.com\/?post_type=product&#038;p=121"},"modified":"2023-11-30T02:05:12","modified_gmt":"2023-11-30T02:05:12","slug":"governor-pf400-dual-cut-model","status":"publish","type":"product","link":"https:\/\/combustionregulator.com\/es\/producto\/governor-pf400-dual-cut-model\/","title":{"rendered":"GOBERNADOR PF400 Modelo de doble corte"},"content":{"rendered":"<p>Los reguladores de presi\u00f3n de l\u00ednea PF400 de Pietro Fiorentini est\u00e1n dise\u00f1ados para cumplir con los \u00faltimos est\u00e1ndares CSA e internacionales para reguladores aptos para instalaciones interiores y exteriores sin modificaciones.<\/p>\n<p>La familia de reguladores PF400 es ideal para una amplia gama de aplicaciones residenciales e industriales de gran tama\u00f1o. Los materiales y las partes blandas utilizadas en la construcci\u00f3n de los reguladores PF400 los hacen aptos para su uso con gas natural, GLP, propano aire y otros gases no corrosivos.<\/p>\n<p>Todos los reguladores PF400 pueden lograr una alta precisi\u00f3n de presi\u00f3n de salida independientemente de la variaci\u00f3n de la presi\u00f3n de entrada. El limitador de ventilaci\u00f3n externo reduce los costos de tuber\u00eda y la necesidad de costosas tuber\u00edas de ventilaci\u00f3n para instalaciones en interiores y cumple con las pautas de CSA.*<\/p>\n<p><strong>Seguro, confiable y de alto rendimiento<\/strong><\/p>\n<ul>\n<li>Opci\u00f3n de limitador de ventilaci\u00f3n externo certificado por CSA para instalaciones en interiores**<\/li>\n<li>Posiciones de instalaci\u00f3n tanto verticales como horizontales<\/li>\n<li>Bloqueo completo en ausencia de flujo de gas, cierre a prueba de burbujas 100%<\/li>\n<li>Dise\u00f1ado para ser utilizado en hornos y cargas simples de encendido y apagado.<\/li>\n<\/ul>\n<p><strong>Tama\u00f1o de ventilaci\u00f3n<\/strong><\/p>\n<ul>\n<li>NPT de 1\/8\u201d<\/li>\n<\/ul>\n<p><strong>Rango de resorte de salida:<\/strong><\/p>\n<ul>\n<li>Rojo 2.5\u201d W .C. a inodoro de 7\u201d*<\/li>\n<li>Negro 7\u201d WC a 10\u201d WC*<\/li>\n<li>Amarillo 10\u201d WC a 14\u201d WC*<\/li>\n<li>Violeta 1.65 PSIG a 2 PSIG<\/li>\n<\/ul>\n<p><strong>Especificaciones:<\/strong><\/p>\n<ul>\n<li>Adecuado para usar con gas natural, GLP y otros gases limpios no corrosivos<\/li>\n<li>m\u00e1x. Presi\u00f3n de entrada: Clasificaci\u00f3n CSA - 10 PSIG<br \/>\nPietro Fiorentini calific\u00f3 -10 PSIG<\/li>\n<li>Presi\u00f3n de salida: 2.5\u201d WC a 14\u201d WC<\/li>\n<li>Rango de temperatura: -40 \u00b0F a 150 \u00b0F<\/li>\n<li>Conexiones: 3\/8\u201d y 1\/2\u201d<\/li>\n<li>Presi\u00f3n m\u00e1xima de exposici\u00f3n de entrada de emergencia: 65 PSIG<\/li>\n<li>Adecuado para instalaci\u00f3n en interiores o exteriores***<\/li>\n<\/ul>\n<p>Capacidad m\u00e1xima de un solo aparato 140 SCF\/H. El caudal es el mismo, con o sin filtro.<\/p>\n<p>*El resorte tiene certificaci\u00f3n de presi\u00f3n de salida CSA<br \/>\n**Seg\u00fan lo aprobado por los c\u00f3digos y est\u00e1ndares locales<br \/>\n*** El limitador de ventilaci\u00f3n de lat\u00f3n se debe quitar para la instalaci\u00f3n en exteriores<\/p>\n<p><strong>Descargas:<\/strong><br \/>\n<a href=\"https:\/\/combustionregulator.com\/wp-content\/uploads\/2022\/08\/PF-GOVERNOR400-Brochure-CR-08.29.22-FINAL.pdf\">PF GOVERNOR 400 Brochure &#8211; English<\/a><br \/>\n<a href=\"https:\/\/combustionregulator.com\/wp-content\/uploads\/2023\/11\/PF-GOVERNOR400-Brochure-ECCO-Spanish-CBR-10.30.23-FINAL.pdf\">PF GOVERNOR 400 Brochure &#8211; Spanish<\/a><br \/>\n<a href=\"https:\/\/combustionregulator.com\/wp-content\/uploads\/2023\/11\/PF-GOVERNOR400-Brochure-ECCO-French-Canadian-CBR-08.29.22-FINAL.pdf\">PF GOVERNOR 400 Brochure &#8211; French Canadian<\/a><br \/>\n<a href=\"https:\/\/linepressureregulator.com\/wp-content\/uploads\/2022\/05\/INSTALLATION-PROCEEDURE-FOR-ADDING-EXTERNAL-CONTROL-LINE-TO-DC-GOVERNOR-9-30-2015.pdf\">Manual de instalaci\u00f3n de PF GOBERNADOR<\/a><\/p>","protected":false},"excerpt":{"rendered":"<p>Pietro Fiorentini\u2019s PF400 line pressure regulators are designed to comply with the latest CSA and international standards for regulators suitable for indoor and outdoor installations with no modifications. The PF400 family of regulators are ideal for a wide range of residential through large industrial applications. The materials and soft parts used in the construction of [&hellip;]<\/p>\n","protected":false},"featured_media":132,"comment_status":"open","ping_status":"closed","template":"","meta":[],"product_brand":[],"product_cat":[26],"product_tag":[],"class_list":{"0":"post-121","1":"product","2":"type-product","3":"status-publish","4":"has-post-thumbnail","6":"product_cat-up-to-10-psig-inlet","8":"first","9":"instock","10":"shipping-taxable","11":"product-type-simple"},"yoast_head":"<!-- This site is optimized with the Yoast SEO plugin v27.2 - https:\/\/yoast.com\/product\/yoast-seo-wordpress\/ -->\n<title>GOVERNOR PF400 Dual Cut Model\u200b - Combustion Regulator<\/title>\n<meta name=\"description\" content=\"Pietro Fiorentini\u2019s PF400 line pressure regulators are designed to comply with the latest CSA and international standards for regulators suitable for indoor and outdoor installations with no modifications.The PF400 family of regulators are ideal for a wide range of residential through large industrial applications. The materials and soft parts used in the construction of the PF400 regulators make them suitable for use with natural gas, LPG, Propane air and other non-corrosive gases.All PF400 regulators can achieve high outlet pressure accuracy regardless of Inlet pressure variation.\" \/>\n<meta name=\"robots\" content=\"index, follow, max-snippet:-1, max-image-preview:large, max-video-preview:-1\" \/>\n<link rel=\"canonical\" href=\"https:\/\/combustionregulator.com\/es\/producto\/governor-pf400-dual-cut-model\/\" \/>\n<meta property=\"og:locale\" content=\"es_MX\" \/>\n<meta property=\"og:type\" content=\"article\" \/>\n<meta property=\"og:title\" content=\"GOVERNOR PF400 Dual Cut Model\u200b - Combustion Regulator\" \/>\n<meta property=\"og:description\" content=\"Pietro Fiorentini\u2019s PF400 line pressure regulators are designed to comply with the latest CSA and international standards for regulators suitable for indoor and outdoor installations with no modifications.The PF400 family of regulators are ideal for a wide range of residential through large industrial applications. The materials and soft parts used in the construction of the PF400 regulators make them suitable for use with natural gas, LPG, Propane air and other non-corrosive gases.All PF400 regulators can achieve high outlet pressure accuracy regardless of Inlet pressure variation.\" \/>\n<meta property=\"og:url\" content=\"https:\/\/combustionregulator.com\/es\/producto\/governor-pf400-dual-cut-model\/\" \/>\n<meta property=\"og:site_name\" content=\"Combustion Regulator\" \/>\n<meta property=\"article:modified_time\" content=\"2023-11-30T02:05:12+00:00\" \/>\n<meta property=\"og:image\" content=\"https:\/\/combustionregulator.com\/wp-content\/uploads\/2022\/05\/LPR-08-PF400-DC.jpg\" \/>\n\t<meta property=\"og:image:width\" content=\"434\" \/>\n\t<meta property=\"og:image:height\" content=\"459\" \/>\n\t<meta property=\"og:image:type\" content=\"image\/jpeg\" \/>\n<meta name=\"twitter:card\" content=\"summary_large_image\" \/>\n<meta name=\"twitter:label1\" content=\"Tiempo de lectura\" \/>\n\t<meta name=\"twitter:data1\" content=\"2 minutes\" \/>\n<script type=\"application\/ld+json\" class=\"yoast-schema-graph\">{\"@context\":\"https:\/\/schema.org\",\"@graph\":[{\"@type\":\"WebPage\",\"@id\":\"https:\/\/combustionregulator.com\/product\/governor-pf400-dual-cut-model\/\",\"url\":\"https:\/\/combustionregulator.com\/product\/governor-pf400-dual-cut-model\/\",\"name\":\"GOVERNOR PF400 Dual Cut Model\u200b - Combustion Regulator\",\"isPartOf\":{\"@id\":\"https:\/\/combustionregulator.com\/#website\"},\"primaryImageOfPage\":{\"@id\":\"https:\/\/combustionregulator.com\/product\/governor-pf400-dual-cut-model\/#primaryimage\"},\"image\":{\"@id\":\"https:\/\/combustionregulator.com\/product\/governor-pf400-dual-cut-model\/#primaryimage\"},\"thumbnailUrl\":\"https:\/\/combustionregulator.com\/wp-content\/uploads\/2022\/05\/LPR-08-PF400-DC.jpg\",\"datePublished\":\"2022-05-17T19:37:50+00:00\",\"dateModified\":\"2023-11-30T02:05:12+00:00\",\"description\":\"Pietro Fiorentini\u2019s PF400 line pressure regulators are designed to comply with the latest CSA and international standards for regulators suitable for indoor and outdoor installations with no modifications.The PF400 family of regulators are ideal for a wide range of residential through large industrial applications. The materials and soft parts used in the construction of the PF400 regulators make them suitable for use with natural gas, LPG, Propane air and other non-corrosive gases.All PF400 regulators can achieve high outlet pressure accuracy regardless of Inlet pressure variation.\",\"breadcrumb\":{\"@id\":\"https:\/\/combustionregulator.com\/product\/governor-pf400-dual-cut-model\/#breadcrumb\"},\"inLanguage\":\"es-MX\",\"potentialAction\":[{\"@type\":\"ReadAction\",\"target\":[\"https:\/\/combustionregulator.com\/product\/governor-pf400-dual-cut-model\/\"]}]},{\"@type\":\"ImageObject\",\"inLanguage\":\"es-MX\",\"@id\":\"https:\/\/combustionregulator.com\/product\/governor-pf400-dual-cut-model\/#primaryimage\",\"url\":\"https:\/\/combustionregulator.com\/wp-content\/uploads\/2022\/05\/LPR-08-PF400-DC.jpg\",\"contentUrl\":\"https:\/\/combustionregulator.com\/wp-content\/uploads\/2022\/05\/LPR-08-PF400-DC.jpg\",\"width\":434,\"height\":459,\"caption\":\"PF Dual Cut Governor 400\"},{\"@type\":\"BreadcrumbList\",\"@id\":\"https:\/\/combustionregulator.com\/product\/governor-pf400-dual-cut-model\/#breadcrumb\",\"itemListElement\":[{\"@type\":\"ListItem\",\"position\":1,\"name\":\"Home\",\"item\":\"https:\/\/combustionregulator.com\/\"},{\"@type\":\"ListItem\",\"position\":2,\"name\":\"Shop\",\"item\":\"https:\/\/combustionregulator.com\/shop\/\"},{\"@type\":\"ListItem\",\"position\":3,\"name\":\"GOVERNOR PF400 Dual Cut Model\u200b\"}]},{\"@type\":\"WebSite\",\"@id\":\"https:\/\/combustionregulator.com\/#website\",\"url\":\"https:\/\/combustionregulator.com\/\",\"name\":\"Combustion Regulator\",\"description\":\"What you need to know about combustion regulators\",\"potentialAction\":[{\"@type\":\"SearchAction\",\"target\":{\"@type\":\"EntryPoint\",\"urlTemplate\":\"https:\/\/combustionregulator.com\/?s={search_term_string}\"},\"query-input\":{\"@type\":\"PropertyValueSpecification\",\"valueRequired\":true,\"valueName\":\"search_term_string\"}}],\"inLanguage\":\"es-MX\"}]}<\/script>\n<!-- \/ Yoast SEO plugin. -->","yoast_head_json":{"title":"GOVERNOR PF400 Dual Cut Model\u200b - Combustion Regulator","description":"Pietro Fiorentini\u2019s PF400 line pressure regulators are designed to comply with the latest CSA and international standards for regulators suitable for indoor and outdoor installations with no modifications.The PF400 family of regulators are ideal for a wide range of residential through large industrial applications. The materials and soft parts used in the construction of the PF400 regulators make them suitable for use with natural gas, LPG, Propane air and other non-corrosive gases.All PF400 regulators can achieve high outlet pressure accuracy regardless of Inlet pressure variation.","robots":{"index":"index","follow":"follow","max-snippet":"max-snippet:-1","max-image-preview":"max-image-preview:large","max-video-preview":"max-video-preview:-1"},"canonical":"https:\/\/combustionregulator.com\/es\/producto\/governor-pf400-dual-cut-model\/","og_locale":"es_MX","og_type":"article","og_title":"GOVERNOR PF400 Dual Cut Model\u200b - Combustion Regulator","og_description":"Pietro Fiorentini\u2019s PF400 line pressure regulators are designed to comply with the latest CSA and international standards for regulators suitable for indoor and outdoor installations with no modifications.The PF400 family of regulators are ideal for a wide range of residential through large industrial applications. The materials and soft parts used in the construction of the PF400 regulators make them suitable for use with natural gas, LPG, Propane air and other non-corrosive gases.All PF400 regulators can achieve high outlet pressure accuracy regardless of Inlet pressure variation.","og_url":"https:\/\/combustionregulator.com\/es\/producto\/governor-pf400-dual-cut-model\/","og_site_name":"Combustion Regulator","article_modified_time":"2023-11-30T02:05:12+00:00","og_image":[{"width":434,"height":459,"url":"https:\/\/combustionregulator.com\/wp-content\/uploads\/2022\/05\/LPR-08-PF400-DC.jpg","type":"image\/jpeg"}],"twitter_card":"summary_large_image","twitter_misc":{"Tiempo de lectura":"2 minutes"},"schema":{"@context":"https:\/\/schema.org","@graph":[{"@type":"WebPage","@id":"https:\/\/combustionregulator.com\/product\/governor-pf400-dual-cut-model\/","url":"https:\/\/combustionregulator.com\/product\/governor-pf400-dual-cut-model\/","name":"GOVERNOR PF400 Dual Cut Model\u200b - Combustion Regulator","isPartOf":{"@id":"https:\/\/combustionregulator.com\/#website"},"primaryImageOfPage":{"@id":"https:\/\/combustionregulator.com\/product\/governor-pf400-dual-cut-model\/#primaryimage"},"image":{"@id":"https:\/\/combustionregulator.com\/product\/governor-pf400-dual-cut-model\/#primaryimage"},"thumbnailUrl":"https:\/\/combustionregulator.com\/wp-content\/uploads\/2022\/05\/LPR-08-PF400-DC.jpg","datePublished":"2022-05-17T19:37:50+00:00","dateModified":"2023-11-30T02:05:12+00:00","description":"Pietro Fiorentini\u2019s PF400 line pressure regulators are designed to comply with the latest CSA and international standards for regulators suitable for indoor and outdoor installations with no modifications.The PF400 family of regulators are ideal for a wide range of residential through large industrial applications. The materials and soft parts used in the construction of the PF400 regulators make them suitable for use with natural gas, LPG, Propane air and other non-corrosive gases.All PF400 regulators can achieve high outlet pressure accuracy regardless of Inlet pressure variation.","breadcrumb":{"@id":"https:\/\/combustionregulator.com\/product\/governor-pf400-dual-cut-model\/#breadcrumb"},"inLanguage":"es-MX","potentialAction":[{"@type":"ReadAction","target":["https:\/\/combustionregulator.com\/product\/governor-pf400-dual-cut-model\/"]}]},{"@type":"ImageObject","inLanguage":"es-MX","@id":"https:\/\/combustionregulator.com\/product\/governor-pf400-dual-cut-model\/#primaryimage","url":"https:\/\/combustionregulator.com\/wp-content\/uploads\/2022\/05\/LPR-08-PF400-DC.jpg","contentUrl":"https:\/\/combustionregulator.com\/wp-content\/uploads\/2022\/05\/LPR-08-PF400-DC.jpg","width":434,"height":459,"caption":"PF Dual Cut Governor 400"},{"@type":"BreadcrumbList","@id":"https:\/\/combustionregulator.com\/product\/governor-pf400-dual-cut-model\/#breadcrumb","itemListElement":[{"@type":"ListItem","position":1,"name":"Home","item":"https:\/\/combustionregulator.com\/"},{"@type":"ListItem","position":2,"name":"Shop","item":"https:\/\/combustionregulator.com\/shop\/"},{"@type":"ListItem","position":3,"name":"GOVERNOR PF400 Dual Cut Model\u200b"}]},{"@type":"WebSite","@id":"https:\/\/combustionregulator.com\/#website","url":"https:\/\/combustionregulator.com\/","name":"Regulador de combusti\u00f3n","description":"Lo que necesita saber sobre los reguladores de combusti\u00f3n","potentialAction":[{"@type":"SearchAction","target":{"@type":"EntryPoint","urlTemplate":"https:\/\/combustionregulator.com\/?s={search_term_string}"},"query-input":{"@type":"PropertyValueSpecification","valueRequired":true,"valueName":"search_term_string"}}],"inLanguage":"es-MX"}]}},"_links":{"self":[{"href":"https:\/\/combustionregulator.com\/es\/wp-json\/wp\/v2\/product\/121","targetHints":{"allow":["GET"]}}],"collection":[{"href":"https:\/\/combustionregulator.com\/es\/wp-json\/wp\/v2\/product"}],"about":[{"href":"https:\/\/combustionregulator.com\/es\/wp-json\/wp\/v2\/types\/product"}],"replies":[{"embeddable":true,"href":"https:\/\/combustionregulator.com\/es\/wp-json\/wp\/v2\/comments?post=121"}],"wp:featuredmedia":[{"embeddable":true,"href":"https:\/\/combustionregulator.com\/es\/wp-json\/wp\/v2\/media\/132"}],"wp:attachment":[{"href":"https:\/\/combustionregulator.com\/es\/wp-json\/wp\/v2\/media?parent=121"}],"wp:term":[{"taxonomy":"product_brand","embeddable":true,"href":"https:\/\/combustionregulator.com\/es\/wp-json\/wp\/v2\/product_brand?post=121"},{"taxonomy":"product_cat","embeddable":true,"href":"https:\/\/combustionregulator.com\/es\/wp-json\/wp\/v2\/product_cat?post=121"},{"taxonomy":"product_tag","embeddable":true,"href":"https:\/\/combustionregulator.com\/es\/wp-json\/wp\/v2\/product_tag?post=121"}],"curies":[{"name":"wp","href":"https:\/\/api.w.org\/{rel}","templated":true}]}}