{"id":248,"date":"2022-06-06T16:28:22","date_gmt":"2022-06-06T16:28:22","guid":{"rendered":"http:\/\/combustion.stagemysite.com\/?post_type=product&#038;p=248"},"modified":"2023-08-30T16:57:30","modified_gmt":"2023-08-30T16:57:30","slug":"pf-dival-600","status":"publish","type":"product","link":"https:\/\/combustionregulator.com\/es\/producto\/pf-dival-600\/","title":{"rendered":"PF Dival 600"},"content":{"rendered":"<p><strong>PF Dival 600 <\/strong><strong>Reguladores de presi\u00f3n de gas de acci\u00f3n directa<\/strong><\/p>\n<div class=\"col-lg-8 col-md-8 col-sm-8 col-xs-12\">\n<p>Los reguladores de presi\u00f3n de la serie Dival 600 de Pietro Fiorentini son dispositivos de acci\u00f3n directa para aplicaciones de baja y media presi\u00f3n controlados por un diafragma y un contramuelle.<\/p>\n<p>Estos reguladores son adecuados para su uso con gases no corrosivos previamente filtrados.<\/p>\n<p>El dise\u00f1o modular de la serie Dival 600 permite agregar un dispositivo de cierre r\u00e1pido o un monitor en l\u00ednea en el mismo cuerpo sin cambiar las dimensiones cara a cara.<\/p>\n<p>El dise\u00f1o de entrada superior permite un f\u00e1cil mantenimiento peri\u00f3dico sin quitar el cuerpo de la l\u00ednea.<\/p>\n<p>Las caracter\u00edsticas de los reguladores de la serie Dival 600 lo convierten en un producto apto para cualquier aplicaci\u00f3n. El r\u00e1pido tiempo de respuesta lo hace ideal para aplicaciones industriales o de quemadores o siempre que los cambios repentinos de caudal sean parte del proceso. La alta precisi\u00f3n frente a cualquier variaci\u00f3n de la presi\u00f3n de entrada hace que la serie Dival 600 sea un producto \u00f3ptimo para sistemas de distrito de gas y aplicaciones que generalmente no son adecuadas para reguladores de acci\u00f3n directa.<\/p>\n<p>El mantenimiento extremadamente f\u00e1cil y el n\u00famero reducido de piezas conducen a menores gastos operativos y mano de obra.<\/p>\n<p><strong>Accesorios bajo pedido:<\/strong><br \/>\n\u2013 Silenciador<br \/>\n\u2013 V\u00e1lvula de alivio de fichas<\/p>\n<p><strong>Caracter\u00edsticas:<\/strong><br \/>\n\u2022 presi\u00f3n de dise\u00f1o 290 PSIG para todos los componentes<br \/>\n\u2022 precisi\u00f3n (AC): 5% del set-point de presi\u00f3n para aumento de presi\u00f3n; 15% para disminuci\u00f3n de presi\u00f3n<br \/>\n\u2022 derivaci\u00f3n interna<br \/>\n\u2022 intervenci\u00f3n por sobrepresi\u00f3n y\/o baja presi\u00f3n<br \/>\n\u2022 control de bot\u00f3n manual<br \/>\n\u2022 Opciones de control remoto neum\u00e1tico o electromagn\u00e9tico<br \/>\n\u2022 dimensiones totales compactas<br \/>\n\u2022   facil mantenimiento<br \/>\n\u2022 posibilidad de aplicaci\u00f3n de dispositivos para se\u00f1al remota (microinterruptores de contacto o inductivos)<\/p>\n<\/div>\n<p><strong>Caracter\u00edsticas<\/strong><br \/>\nDatos t\u00e9cnicos<br \/>\n\u2022 Presi\u00f3n de dise\u00f1o PS: cuerpo de hierro d\u00factil 246 PSIG para cuerpo de acero 275 PSIG<br \/>\n\u2022 Temperatura de dise\u00f1o: -4\u00b0 F a + 140\u00b0 F<br \/>\n\u2022 Temperatura ambiente: -4\u00b0 F a + 140\u00b0 F<br \/>\n\u2022 Presi\u00f3n m\u00e1xima de entrada Pu: 290 PSIG versiones roscadas de acero<br \/>\n\u2022 Rango de presi\u00f3n de salida de Wd:<br \/>\n-Tama\u00f1o 1\u201d: 5\u201d WC a 4.9 PSIG para cabezal de control BP\/MP 4 PSIG a 63.8 PSIG para cabezal de control TR<br \/>\n-Tama\u00f1o 1 1\/2\u201d \u2013 2\u201d: 5\u201dWC a 34\u201dWC para cabezal de control BP BP 32 WC a 4.9 PSIG para cabezal de control MP, 4.3 PSIG a 60.9 PSIG para cabezal de control TR<br \/>\n\u2022 Clase de precisi\u00f3n AC: hasta 5<br \/>\n\u2022 Clase de presi\u00f3n de bloqueo SG: hasta 10<br \/>\n\u2022 Tama\u00f1o disponible: 1\u201d \u2013 1 1\/2\u201d \u2013 2\u201d<br \/>\n\u2022 Brida: clase PN 16\/25 seg\u00fan ISO 7005-1, ISO 7005-2; clase ANSI 150RF seg\u00fan ANSI B16.5, ASME B16.42 y clase ANSI 125 FF seg\u00fan ASME B16.1<br \/>\n\u2022 Conexiones roscadas: Tama\u00f1o 2\u201d NPT ASME B1.20.1 (solo disponible en Cuerpo de Acero)<\/p>\n<p><strong>Descargas:<\/strong><br \/>\n<a title=\"Manual T\u00e9cnico Dival 160 Ap (ENG-ITA)\" href=\"https:\/\/equipmentcontrols.com\/wp-content\/uploads\/2022\/01\/PF-Dival-600-Brochure-ECCO-01.25.22.pdf\" target=\"_blank\" rel=\"noopener noreferrer\">Folleto Dival 600<\/a><\/p>","protected":false},"excerpt":{"rendered":"<p>PF Dival 600 Direct-Acting Gas Pressure Regulators Pietro Fiorentini&#8217;s Dival 600 series pressure regulators are direct acting devices for low and medium pressure applications controlled by a diaphragm and counter spring. These regulators are suitable for use with previously filtered, non corrosive gases. The modular design of the Dival 600 series allows for the addition [&hellip;]<\/p>\n","protected":false},"featured_media":266,"comment_status":"open","ping_status":"closed","template":"","meta":[],"product_brand":[],"product_cat":[29],"product_tag":[],"class_list":{"0":"post-248","1":"product","2":"type-product","3":"status-publish","4":"has-post-thumbnail","6":"product_cat-over-75-psig-inlet","8":"first","9":"instock","10":"shipping-taxable","11":"product-type-simple"},"yoast_head":"<!-- This site is optimized with the Yoast SEO plugin v27.2 - https:\/\/yoast.com\/product\/yoast-seo-wordpress\/ -->\n<title>PF Dival 600 - Combustion Regulator<\/title>\n<meta name=\"description\" content=\"Dival 600 series pressure regulators are direct acting devices for low and medium pressure applications controlled by a diaphragm and counter spring. These regulators are suitable for use with previously filtered, non corrosive gases.The modular design of the Dival 600 series allows for the addition of a slam-shut or an in-line monitor device in the same body without changing the face-to-face dimensions. The top-entry design allows easy periodic maintenance without removing body from the line. The features of Dival 600 series regulators make it a product suitable for any application.\" \/>\n<meta name=\"robots\" content=\"index, follow, max-snippet:-1, max-image-preview:large, max-video-preview:-1\" \/>\n<link rel=\"canonical\" href=\"https:\/\/combustionregulator.com\/es\/producto\/pf-dival-600\/\" \/>\n<meta property=\"og:locale\" content=\"es_MX\" \/>\n<meta property=\"og:type\" content=\"article\" \/>\n<meta property=\"og:title\" content=\"PF Dival 600 - Combustion Regulator\" \/>\n<meta property=\"og:description\" content=\"Dival 600 series pressure regulators are direct acting devices for low and medium pressure applications controlled by a diaphragm and counter spring. These regulators are suitable for use with previously filtered, non corrosive gases.The modular design of the Dival 600 series allows for the addition of a slam-shut or an in-line monitor device in the same body without changing the face-to-face dimensions. The top-entry design allows easy periodic maintenance without removing body from the line. The features of Dival 600 series regulators make it a product suitable for any application.\" \/>\n<meta property=\"og:url\" content=\"https:\/\/combustionregulator.com\/es\/producto\/pf-dival-600\/\" \/>\n<meta property=\"og:site_name\" content=\"Combustion Regulator\" \/>\n<meta property=\"article:modified_time\" content=\"2023-08-30T16:57:30+00:00\" \/>\n<meta property=\"og:image\" content=\"https:\/\/combustionregulator.com\/wp-content\/uploads\/2022\/06\/Dival600.jpeg\" \/>\n\t<meta property=\"og:image:width\" content=\"860\" \/>\n\t<meta property=\"og:image:height\" content=\"860\" \/>\n\t<meta property=\"og:image:type\" content=\"image\/jpeg\" \/>\n<meta name=\"twitter:card\" content=\"summary_large_image\" \/>\n<meta name=\"twitter:label1\" content=\"Tiempo de lectura\" \/>\n\t<meta name=\"twitter:data1\" content=\"2 minutes\" \/>\n<script type=\"application\/ld+json\" class=\"yoast-schema-graph\">{\"@context\":\"https:\/\/schema.org\",\"@graph\":[{\"@type\":\"WebPage\",\"@id\":\"https:\/\/combustionregulator.com\/product\/pf-dival-600\/\",\"url\":\"https:\/\/combustionregulator.com\/product\/pf-dival-600\/\",\"name\":\"PF Dival 600 - Combustion Regulator\",\"isPartOf\":{\"@id\":\"https:\/\/combustionregulator.com\/#website\"},\"primaryImageOfPage\":{\"@id\":\"https:\/\/combustionregulator.com\/product\/pf-dival-600\/#primaryimage\"},\"image\":{\"@id\":\"https:\/\/combustionregulator.com\/product\/pf-dival-600\/#primaryimage\"},\"thumbnailUrl\":\"https:\/\/combustionregulator.com\/wp-content\/uploads\/2022\/06\/Dival600.jpeg\",\"datePublished\":\"2022-06-06T16:28:22+00:00\",\"dateModified\":\"2023-08-30T16:57:30+00:00\",\"description\":\"Dival 600 series pressure regulators are direct acting devices for low and medium pressure applications controlled by a diaphragm and counter spring. These regulators are suitable for use with previously filtered, non corrosive gases.The modular design of the Dival 600 series allows for the addition of a slam-shut or an in-line monitor device in the same body without changing the face-to-face dimensions. The top-entry design allows easy periodic maintenance without removing body from the line. The features of Dival 600 series regulators make it a product suitable for any application.\",\"breadcrumb\":{\"@id\":\"https:\/\/combustionregulator.com\/product\/pf-dival-600\/#breadcrumb\"},\"inLanguage\":\"es-MX\",\"potentialAction\":[{\"@type\":\"ReadAction\",\"target\":[\"https:\/\/combustionregulator.com\/product\/pf-dival-600\/\"]}]},{\"@type\":\"ImageObject\",\"inLanguage\":\"es-MX\",\"@id\":\"https:\/\/combustionregulator.com\/product\/pf-dival-600\/#primaryimage\",\"url\":\"https:\/\/combustionregulator.com\/wp-content\/uploads\/2022\/06\/Dival600.jpeg\",\"contentUrl\":\"https:\/\/combustionregulator.com\/wp-content\/uploads\/2022\/06\/Dival600.jpeg\",\"width\":860,\"height\":860,\"caption\":\"Dival600\"},{\"@type\":\"BreadcrumbList\",\"@id\":\"https:\/\/combustionregulator.com\/product\/pf-dival-600\/#breadcrumb\",\"itemListElement\":[{\"@type\":\"ListItem\",\"position\":1,\"name\":\"Home\",\"item\":\"https:\/\/combustionregulator.com\/\"},{\"@type\":\"ListItem\",\"position\":2,\"name\":\"Shop\",\"item\":\"https:\/\/combustionregulator.com\/shop\/\"},{\"@type\":\"ListItem\",\"position\":3,\"name\":\"PF Dival 600\"}]},{\"@type\":\"WebSite\",\"@id\":\"https:\/\/combustionregulator.com\/#website\",\"url\":\"https:\/\/combustionregulator.com\/\",\"name\":\"Combustion Regulator\",\"description\":\"What you need to know about combustion regulators\",\"potentialAction\":[{\"@type\":\"SearchAction\",\"target\":{\"@type\":\"EntryPoint\",\"urlTemplate\":\"https:\/\/combustionregulator.com\/?s={search_term_string}\"},\"query-input\":{\"@type\":\"PropertyValueSpecification\",\"valueRequired\":true,\"valueName\":\"search_term_string\"}}],\"inLanguage\":\"es-MX\"}]}<\/script>\n<!-- \/ Yoast SEO plugin. -->","yoast_head_json":{"title":"PF Dival 600 - Combustion Regulator","description":"Dival 600 series pressure regulators are direct acting devices for low and medium pressure applications controlled by a diaphragm and counter spring. These regulators are suitable for use with previously filtered, non corrosive gases.The modular design of the Dival 600 series allows for the addition of a slam-shut or an in-line monitor device in the same body without changing the face-to-face dimensions. The top-entry design allows easy periodic maintenance without removing body from the line. The features of Dival 600 series regulators make it a product suitable for any application.","robots":{"index":"index","follow":"follow","max-snippet":"max-snippet:-1","max-image-preview":"max-image-preview:large","max-video-preview":"max-video-preview:-1"},"canonical":"https:\/\/combustionregulator.com\/es\/producto\/pf-dival-600\/","og_locale":"es_MX","og_type":"article","og_title":"PF Dival 600 - Combustion Regulator","og_description":"Dival 600 series pressure regulators are direct acting devices for low and medium pressure applications controlled by a diaphragm and counter spring. These regulators are suitable for use with previously filtered, non corrosive gases.The modular design of the Dival 600 series allows for the addition of a slam-shut or an in-line monitor device in the same body without changing the face-to-face dimensions. The top-entry design allows easy periodic maintenance without removing body from the line. The features of Dival 600 series regulators make it a product suitable for any application.","og_url":"https:\/\/combustionregulator.com\/es\/producto\/pf-dival-600\/","og_site_name":"Combustion Regulator","article_modified_time":"2023-08-30T16:57:30+00:00","og_image":[{"width":860,"height":860,"url":"https:\/\/combustionregulator.com\/wp-content\/uploads\/2022\/06\/Dival600.jpeg","type":"image\/jpeg"}],"twitter_card":"summary_large_image","twitter_misc":{"Tiempo de lectura":"2 minutes"},"schema":{"@context":"https:\/\/schema.org","@graph":[{"@type":"WebPage","@id":"https:\/\/combustionregulator.com\/product\/pf-dival-600\/","url":"https:\/\/combustionregulator.com\/product\/pf-dival-600\/","name":"PF Dival 600 - Combustion Regulator","isPartOf":{"@id":"https:\/\/combustionregulator.com\/#website"},"primaryImageOfPage":{"@id":"https:\/\/combustionregulator.com\/product\/pf-dival-600\/#primaryimage"},"image":{"@id":"https:\/\/combustionregulator.com\/product\/pf-dival-600\/#primaryimage"},"thumbnailUrl":"https:\/\/combustionregulator.com\/wp-content\/uploads\/2022\/06\/Dival600.jpeg","datePublished":"2022-06-06T16:28:22+00:00","dateModified":"2023-08-30T16:57:30+00:00","description":"Dival 600 series pressure regulators are direct acting devices for low and medium pressure applications controlled by a diaphragm and counter spring. These regulators are suitable for use with previously filtered, non corrosive gases.The modular design of the Dival 600 series allows for the addition of a slam-shut or an in-line monitor device in the same body without changing the face-to-face dimensions. The top-entry design allows easy periodic maintenance without removing body from the line. The features of Dival 600 series regulators make it a product suitable for any application.","breadcrumb":{"@id":"https:\/\/combustionregulator.com\/product\/pf-dival-600\/#breadcrumb"},"inLanguage":"es-MX","potentialAction":[{"@type":"ReadAction","target":["https:\/\/combustionregulator.com\/product\/pf-dival-600\/"]}]},{"@type":"ImageObject","inLanguage":"es-MX","@id":"https:\/\/combustionregulator.com\/product\/pf-dival-600\/#primaryimage","url":"https:\/\/combustionregulator.com\/wp-content\/uploads\/2022\/06\/Dival600.jpeg","contentUrl":"https:\/\/combustionregulator.com\/wp-content\/uploads\/2022\/06\/Dival600.jpeg","width":860,"height":860,"caption":"Dival600"},{"@type":"BreadcrumbList","@id":"https:\/\/combustionregulator.com\/product\/pf-dival-600\/#breadcrumb","itemListElement":[{"@type":"ListItem","position":1,"name":"Home","item":"https:\/\/combustionregulator.com\/"},{"@type":"ListItem","position":2,"name":"Shop","item":"https:\/\/combustionregulator.com\/shop\/"},{"@type":"ListItem","position":3,"name":"PF Dival 600"}]},{"@type":"WebSite","@id":"https:\/\/combustionregulator.com\/#website","url":"https:\/\/combustionregulator.com\/","name":"Regulador de combusti\u00f3n","description":"Lo que necesita saber sobre los reguladores de combusti\u00f3n","potentialAction":[{"@type":"SearchAction","target":{"@type":"EntryPoint","urlTemplate":"https:\/\/combustionregulator.com\/?s={search_term_string}"},"query-input":{"@type":"PropertyValueSpecification","valueRequired":true,"valueName":"search_term_string"}}],"inLanguage":"es-MX"}]}},"_links":{"self":[{"href":"https:\/\/combustionregulator.com\/es\/wp-json\/wp\/v2\/product\/248","targetHints":{"allow":["GET"]}}],"collection":[{"href":"https:\/\/combustionregulator.com\/es\/wp-json\/wp\/v2\/product"}],"about":[{"href":"https:\/\/combustionregulator.com\/es\/wp-json\/wp\/v2\/types\/product"}],"replies":[{"embeddable":true,"href":"https:\/\/combustionregulator.com\/es\/wp-json\/wp\/v2\/comments?post=248"}],"wp:featuredmedia":[{"embeddable":true,"href":"https:\/\/combustionregulator.com\/es\/wp-json\/wp\/v2\/media\/266"}],"wp:attachment":[{"href":"https:\/\/combustionregulator.com\/es\/wp-json\/wp\/v2\/media?parent=248"}],"wp:term":[{"taxonomy":"product_brand","embeddable":true,"href":"https:\/\/combustionregulator.com\/es\/wp-json\/wp\/v2\/product_brand?post=248"},{"taxonomy":"product_cat","embeddable":true,"href":"https:\/\/combustionregulator.com\/es\/wp-json\/wp\/v2\/product_cat?post=248"},{"taxonomy":"product_tag","embeddable":true,"href":"https:\/\/combustionregulator.com\/es\/wp-json\/wp\/v2\/product_tag?post=248"}],"curies":[{"name":"wp","href":"https:\/\/api.w.org\/{rel}","templated":true}]}}