{"id":249,"date":"2022-06-06T16:29:10","date_gmt":"2022-06-06T16:29:10","guid":{"rendered":"http:\/\/combustion.stagemysite.com\/?post_type=product&#038;p=249"},"modified":"2023-08-30T17:00:36","modified_gmt":"2023-08-30T17:00:36","slug":"pf-norval","status":"publish","type":"product","link":"https:\/\/combustionregulator.com\/es\/producto\/pf-norval\/","title":{"rendered":"PF Norval"},"content":{"rendered":"<p><strong>PF Norval <\/strong><strong>Reguladores de presi\u00f3n de gas de acci\u00f3n directa<\/strong><\/p>\n<p>El NORVAL es un regulador de presi\u00f3n aguas abajo, auto accionado, accionado por resorte para aplicaciones de media y baja presi\u00f3n. Es adecuado para fluidos gaseosos, no corrosivos, previamente filtrados.<\/p>\n<p>Su dise\u00f1o de v\u00e1lvula balanceada brinda una respuesta r\u00e1pida a las diferentes condiciones de operaci\u00f3n, lo que lo hace particularmente adecuado para usar cuando se atienden quemadores ON-OFF y en cualquier proceso industrial donde se requiera un cambio r\u00e1pido de caudal.<\/p>\n<p>Sus caracter\u00edsticas de buena precisi\u00f3n de regulaci\u00f3n, incluso en presencia de cambios significativos de presi\u00f3n y\/o caudal aguas arriba, hacen que el regulador Norval tambi\u00e9n sea particularmente adecuado en estaciones de compuerta de gas natural y aplicaciones industriales y comerciales.<\/p>\n<p>El regulador NORVAL, en su versi\u00f3n b\u00e1sica, est\u00e1 clasificado como un regulador que falla al abrir (Fail to Open). Es verdaderamente un dise\u00f1o TOP ENTRY, que le confiere al regulador ventajas de gesti\u00f3n, por ejemplo, la capacidad de realizar un mantenimiento completo sin quitarlo de la tuber\u00eda conectada.<\/p>\n<p><strong>Caracter\u00edsticas funcionales: *<\/strong><br \/>\n\u2022 Presi\u00f3n m\u00e1xima de entrada hasta:<br \/>\n275 PSIG para reguladores de 1\u201d a 4\u201d<br \/>\n116 PSIG para reguladores de 4\u201d a 8\u201d<br \/>\n275 PSIG para cuerpo de acero y 246 PSIG para hierro d\u00factil<br \/>\n\u2022 Presi\u00f3n m\u00e1xima del cabezal de control hasta: 232 PSIG para reguladores de 1\u2033- 8\u2033 375 TR, 375, 495 Head, 145 PSIG para reguladores de 2 1\/2\u2033 a 8\u201d 630 Head, 26.1 PSIG para 232 PSIG para reguladores de 1\u2033- 8\u2033 375 TR, 6\u2033 y 8\u2033 658 y 817 Cabeza<br \/>\n\u2022 Rango de presi\u00f3n aguas abajo:<br \/>\nde 4.0\u2033 WC a 63.81 PSIG para reguladores de 1\u201d a 4\u201d<br \/>\ndesde 4.8\u201d WC hasta 26.10 PSIG para reguladores (6\u201d) y (8\u201d)<br \/>\n\u2022 Temperatura ambiente m\u00ednima: Ejecuci\u00f3n hasta -40\u00b0F (a especificar en la solicitud)<br \/>\n\u2022 Temperatura ambiente m\u00e1xima: +140\u00b0F<br \/>\n\u2022 Temperatura del gas que fluye: hasta -4 \u00b0F + 140 \u00b0F<br \/>\n\u2022 Clase de precisi\u00f3n AC: hasta 5<br \/>\n\u2022 Clase de presi\u00f3n de b\u00fasqueda SG: hasta 10<\/p>\n<p><strong>Caracteristicas de dise\u00f1o:<\/strong><br \/>\n\u2022 Dimensiones nominales DN: 1\u201d \u2013 1\u201d -1\/2 \u2013 2\u201d \u2013 2\u201d1\/2 \u2013 3\u201d \u2013 4\u201d \u2013 16\u201d \u2013 8\u201d<br \/>\n\u2022 Conexiones bridadas: UNI PN 16; clase 150 RF<\/p>\n<p><strong>Materiales:**<\/strong><br \/>\n\u2022 Cuerpo: Fundici\u00f3n de acero ASTM A 216 WCB (todos los DN).<br \/>\n\u2022 Hierro d\u00factil esferoidal GS 400 \u2013 18 ISO 1083 DN 150 (6\u201d) incluido.<br \/>\n\u2022 Tapas: Di\u00e1metro de 375 a 630 Acero al carbono forjado en estampa \/ de 658 a 817 Aluminio<br \/>\n\u2022 Diafragma: Lona cauchutada (realizada por proceso de prensado en caliente)<br \/>\n\u2022 Asiento: Acero inoxidable<br \/>\n\u2022 Anillo de estanqueidad: caucho de nitrilo<br \/>\n\u2022 Accesorios de conexi\u00f3n: En acero al carbono zincado seg\u00fan DIN 2353; Acero inoxidable bajo pedido<\/p>\n<p><em>* Distintas caracter\u00edsticas funcionales disponibles bajo pedido.<\/em><br \/>\n<em>** Los materiales arriba indicados se refieren a los modelos est\u00e1ndar.<\/em><br \/>\n<em>Se pueden proporcionar diferentes materiales seg\u00fan las necesidades espec\u00edficas.<\/em><\/p>\n<p><strong>Descargas:<\/strong><br \/>\n<a href=\"https:\/\/combustionregulator.com\/wp-content\/uploads\/2022\/06\/PF-Norval-Brochure-ECCO-01.24.22-FINAL.pdf\">Folleto de PF Norval<\/a><br \/>\n<a href=\"https:\/\/combustionregulator.com\/wp-content\/uploads\/2022\/06\/405_norval_po_ps505_eng.pdf\">P\u00f3ster<\/a><\/p>\n<p>&nbsp;<\/p>","protected":false},"excerpt":{"rendered":"<p>PF Norval Direct-Acting Gas Pressure Regulators The NORVAL is a downstream pressure regulator, self actuated, spring loaded for medium and low pressure applications. It is suitable for gaseous, non-corrosive, previously filtered fluids. It&#8217;s balanced valve design gives quick response to varying operating conditions, which make it particularly suitable for use when serving ON-OFF burners and [&hellip;]<\/p>\n","protected":false},"featured_media":254,"comment_status":"open","ping_status":"closed","template":"","meta":[],"product_brand":[],"product_cat":[29],"product_tag":[],"class_list":{"0":"post-249","1":"product","2":"type-product","3":"status-publish","4":"has-post-thumbnail","6":"product_cat-over-75-psig-inlet","8":"first","9":"instock","10":"shipping-taxable","11":"product-type-simple"},"yoast_head":"<!-- This site is optimized with the Yoast SEO plugin v27.2 - https:\/\/yoast.com\/product\/yoast-seo-wordpress\/ -->\n<title>PF Norval - Combustion Regulator<\/title>\n<meta name=\"description\" content=\"The Pietro Fiorentini NORVAL is a downstream pressure regulator, self actuated, spring loaded for medium and low pressure applications. It is suitable for gaseous, non-corrosive, previously filtered fluids.It&#039;s balanced valve design gives quick response to varying operating conditions, which make it particularly suitable for use when serving ON-OFF burners and in any industrial process where you have a quick change of the flow rate.\" \/>\n<meta name=\"robots\" content=\"index, follow, max-snippet:-1, max-image-preview:large, max-video-preview:-1\" \/>\n<link rel=\"canonical\" href=\"https:\/\/combustionregulator.com\/es\/producto\/pf-norval\/\" \/>\n<meta property=\"og:locale\" content=\"es_MX\" \/>\n<meta property=\"og:type\" content=\"article\" \/>\n<meta property=\"og:title\" content=\"PF Norval - Combustion Regulator\" \/>\n<meta property=\"og:description\" content=\"The Pietro Fiorentini NORVAL is a downstream pressure regulator, self actuated, spring loaded for medium and low pressure applications. It is suitable for gaseous, non-corrosive, previously filtered fluids.It&#039;s balanced valve design gives quick response to varying operating conditions, which make it particularly suitable for use when serving ON-OFF burners and in any industrial process where you have a quick change of the flow rate.\" \/>\n<meta property=\"og:url\" content=\"https:\/\/combustionregulator.com\/es\/producto\/pf-norval\/\" \/>\n<meta property=\"og:site_name\" content=\"Combustion Regulator\" \/>\n<meta property=\"article:modified_time\" content=\"2023-08-30T17:00:36+00:00\" \/>\n<meta property=\"og:image\" content=\"https:\/\/combustionregulator.com\/wp-content\/uploads\/2022\/06\/PF20Norval.jpg\" \/>\n\t<meta property=\"og:image:width\" content=\"860\" \/>\n\t<meta property=\"og:image:height\" content=\"860\" \/>\n\t<meta property=\"og:image:type\" content=\"image\/jpeg\" \/>\n<meta name=\"twitter:card\" content=\"summary_large_image\" \/>\n<meta name=\"twitter:label1\" content=\"Tiempo de lectura\" \/>\n\t<meta name=\"twitter:data1\" content=\"2 minutes\" \/>\n<script type=\"application\/ld+json\" class=\"yoast-schema-graph\">{\"@context\":\"https:\/\/schema.org\",\"@graph\":[{\"@type\":\"WebPage\",\"@id\":\"https:\/\/combustionregulator.com\/product\/pf-norval\/\",\"url\":\"https:\/\/combustionregulator.com\/product\/pf-norval\/\",\"name\":\"PF Norval - Combustion Regulator\",\"isPartOf\":{\"@id\":\"https:\/\/combustionregulator.com\/#website\"},\"primaryImageOfPage\":{\"@id\":\"https:\/\/combustionregulator.com\/product\/pf-norval\/#primaryimage\"},\"image\":{\"@id\":\"https:\/\/combustionregulator.com\/product\/pf-norval\/#primaryimage\"},\"thumbnailUrl\":\"https:\/\/combustionregulator.com\/wp-content\/uploads\/2022\/06\/PF20Norval.jpg\",\"datePublished\":\"2022-06-06T16:29:10+00:00\",\"dateModified\":\"2023-08-30T17:00:36+00:00\",\"description\":\"The Pietro Fiorentini NORVAL is a downstream pressure regulator, self actuated, spring loaded for medium and low pressure applications. It is suitable for gaseous, non-corrosive, previously filtered fluids.It's balanced valve design gives quick response to varying operating conditions, which make it particularly suitable for use when serving ON-OFF burners and in any industrial process where you have a quick change of the flow rate.\",\"breadcrumb\":{\"@id\":\"https:\/\/combustionregulator.com\/product\/pf-norval\/#breadcrumb\"},\"inLanguage\":\"es-MX\",\"potentialAction\":[{\"@type\":\"ReadAction\",\"target\":[\"https:\/\/combustionregulator.com\/product\/pf-norval\/\"]}]},{\"@type\":\"ImageObject\",\"inLanguage\":\"es-MX\",\"@id\":\"https:\/\/combustionregulator.com\/product\/pf-norval\/#primaryimage\",\"url\":\"https:\/\/combustionregulator.com\/wp-content\/uploads\/2022\/06\/PF20Norval.jpg\",\"contentUrl\":\"https:\/\/combustionregulator.com\/wp-content\/uploads\/2022\/06\/PF20Norval.jpg\",\"width\":860,\"height\":860,\"caption\":\"Pietro Fiorentini 20Norval\"},{\"@type\":\"BreadcrumbList\",\"@id\":\"https:\/\/combustionregulator.com\/product\/pf-norval\/#breadcrumb\",\"itemListElement\":[{\"@type\":\"ListItem\",\"position\":1,\"name\":\"Home\",\"item\":\"https:\/\/combustionregulator.com\/\"},{\"@type\":\"ListItem\",\"position\":2,\"name\":\"Shop\",\"item\":\"https:\/\/combustionregulator.com\/shop\/\"},{\"@type\":\"ListItem\",\"position\":3,\"name\":\"PF Norval\"}]},{\"@type\":\"WebSite\",\"@id\":\"https:\/\/combustionregulator.com\/#website\",\"url\":\"https:\/\/combustionregulator.com\/\",\"name\":\"Combustion Regulator\",\"description\":\"What you need to know about combustion regulators\",\"potentialAction\":[{\"@type\":\"SearchAction\",\"target\":{\"@type\":\"EntryPoint\",\"urlTemplate\":\"https:\/\/combustionregulator.com\/?s={search_term_string}\"},\"query-input\":{\"@type\":\"PropertyValueSpecification\",\"valueRequired\":true,\"valueName\":\"search_term_string\"}}],\"inLanguage\":\"es-MX\"}]}<\/script>\n<!-- \/ Yoast SEO plugin. -->","yoast_head_json":{"title":"PF Norval - Combustion Regulator","description":"The Pietro Fiorentini NORVAL is a downstream pressure regulator, self actuated, spring loaded for medium and low pressure applications. It is suitable for gaseous, non-corrosive, previously filtered fluids.It's balanced valve design gives quick response to varying operating conditions, which make it particularly suitable for use when serving ON-OFF burners and in any industrial process where you have a quick change of the flow rate.","robots":{"index":"index","follow":"follow","max-snippet":"max-snippet:-1","max-image-preview":"max-image-preview:large","max-video-preview":"max-video-preview:-1"},"canonical":"https:\/\/combustionregulator.com\/es\/producto\/pf-norval\/","og_locale":"es_MX","og_type":"article","og_title":"PF Norval - Combustion Regulator","og_description":"The Pietro Fiorentini NORVAL is a downstream pressure regulator, self actuated, spring loaded for medium and low pressure applications. It is suitable for gaseous, non-corrosive, previously filtered fluids.It's balanced valve design gives quick response to varying operating conditions, which make it particularly suitable for use when serving ON-OFF burners and in any industrial process where you have a quick change of the flow rate.","og_url":"https:\/\/combustionregulator.com\/es\/producto\/pf-norval\/","og_site_name":"Combustion Regulator","article_modified_time":"2023-08-30T17:00:36+00:00","og_image":[{"width":860,"height":860,"url":"https:\/\/combustionregulator.com\/wp-content\/uploads\/2022\/06\/PF20Norval.jpg","type":"image\/jpeg"}],"twitter_card":"summary_large_image","twitter_misc":{"Tiempo de lectura":"2 minutes"},"schema":{"@context":"https:\/\/schema.org","@graph":[{"@type":"WebPage","@id":"https:\/\/combustionregulator.com\/product\/pf-norval\/","url":"https:\/\/combustionregulator.com\/product\/pf-norval\/","name":"PF Norval - Combustion Regulator","isPartOf":{"@id":"https:\/\/combustionregulator.com\/#website"},"primaryImageOfPage":{"@id":"https:\/\/combustionregulator.com\/product\/pf-norval\/#primaryimage"},"image":{"@id":"https:\/\/combustionregulator.com\/product\/pf-norval\/#primaryimage"},"thumbnailUrl":"https:\/\/combustionregulator.com\/wp-content\/uploads\/2022\/06\/PF20Norval.jpg","datePublished":"2022-06-06T16:29:10+00:00","dateModified":"2023-08-30T17:00:36+00:00","description":"The Pietro Fiorentini NORVAL is a downstream pressure regulator, self actuated, spring loaded for medium and low pressure applications. It is suitable for gaseous, non-corrosive, previously filtered fluids.It's balanced valve design gives quick response to varying operating conditions, which make it particularly suitable for use when serving ON-OFF burners and in any industrial process where you have a quick change of the flow rate.","breadcrumb":{"@id":"https:\/\/combustionregulator.com\/product\/pf-norval\/#breadcrumb"},"inLanguage":"es-MX","potentialAction":[{"@type":"ReadAction","target":["https:\/\/combustionregulator.com\/product\/pf-norval\/"]}]},{"@type":"ImageObject","inLanguage":"es-MX","@id":"https:\/\/combustionregulator.com\/product\/pf-norval\/#primaryimage","url":"https:\/\/combustionregulator.com\/wp-content\/uploads\/2022\/06\/PF20Norval.jpg","contentUrl":"https:\/\/combustionregulator.com\/wp-content\/uploads\/2022\/06\/PF20Norval.jpg","width":860,"height":860,"caption":"Pietro Fiorentini 20Norval"},{"@type":"BreadcrumbList","@id":"https:\/\/combustionregulator.com\/product\/pf-norval\/#breadcrumb","itemListElement":[{"@type":"ListItem","position":1,"name":"Home","item":"https:\/\/combustionregulator.com\/"},{"@type":"ListItem","position":2,"name":"Shop","item":"https:\/\/combustionregulator.com\/shop\/"},{"@type":"ListItem","position":3,"name":"PF Norval"}]},{"@type":"WebSite","@id":"https:\/\/combustionregulator.com\/#website","url":"https:\/\/combustionregulator.com\/","name":"Regulador de combusti\u00f3n","description":"Lo que necesita saber sobre los reguladores de combusti\u00f3n","potentialAction":[{"@type":"SearchAction","target":{"@type":"EntryPoint","urlTemplate":"https:\/\/combustionregulator.com\/?s={search_term_string}"},"query-input":{"@type":"PropertyValueSpecification","valueRequired":true,"valueName":"search_term_string"}}],"inLanguage":"es-MX"}]}},"_links":{"self":[{"href":"https:\/\/combustionregulator.com\/es\/wp-json\/wp\/v2\/product\/249","targetHints":{"allow":["GET"]}}],"collection":[{"href":"https:\/\/combustionregulator.com\/es\/wp-json\/wp\/v2\/product"}],"about":[{"href":"https:\/\/combustionregulator.com\/es\/wp-json\/wp\/v2\/types\/product"}],"replies":[{"embeddable":true,"href":"https:\/\/combustionregulator.com\/es\/wp-json\/wp\/v2\/comments?post=249"}],"wp:featuredmedia":[{"embeddable":true,"href":"https:\/\/combustionregulator.com\/es\/wp-json\/wp\/v2\/media\/254"}],"wp:attachment":[{"href":"https:\/\/combustionregulator.com\/es\/wp-json\/wp\/v2\/media?parent=249"}],"wp:term":[{"taxonomy":"product_brand","embeddable":true,"href":"https:\/\/combustionregulator.com\/es\/wp-json\/wp\/v2\/product_brand?post=249"},{"taxonomy":"product_cat","embeddable":true,"href":"https:\/\/combustionregulator.com\/es\/wp-json\/wp\/v2\/product_cat?post=249"},{"taxonomy":"product_tag","embeddable":true,"href":"https:\/\/combustionregulator.com\/es\/wp-json\/wp\/v2\/product_tag?post=249"}],"curies":[{"name":"wp","href":"https:\/\/api.w.org\/{rel}","templated":true}]}}