{"id":250,"date":"2022-06-06T16:30:02","date_gmt":"2022-06-06T16:30:02","guid":{"rendered":"http:\/\/combustion.stagemysite.com\/?post_type=product&#038;p=250"},"modified":"2023-11-30T02:13:25","modified_gmt":"2023-11-30T02:13:25","slug":"pf-reval-182","status":"publish","type":"product","link":"https:\/\/combustionregulator.com\/es\/producto\/pf-reval-182\/","title":{"rendered":"PF Reval 182"},"content":{"rendered":"<p><strong>Reval 182<\/strong><br \/>\n<strong>Reguladores de presi\u00f3n de gas operados por piloto<\/strong><\/p>\n<p>El Reval 182 de Pietro Fiorentini es un regulador de presi\u00f3n controlado por piloto para aplicaciones de media y baja presi\u00f3n.<br \/>\nEl Reval 182 normalmente es un regulador que falla al cerrar y se cerrar\u00e1 en las siguientes condiciones:<br \/>\n\u2022 Rotura del diafragma principal<br \/>\n\u2022 Falta de alimentaci\u00f3n de gas al circuito piloto<\/p>\n<p>Este regulador es adecuado para su uso con gases no corrosivos previamente filtrados.<\/p>\n<p><strong>Caracter\u00edsticas principales del cierre de golpe:<\/strong><br \/>\n\u2022 Presi\u00f3n de entrada m\u00e1xima hasta: 275 PSIG para cuerpo de acero y 246 PSIG para hierro d\u00factil<br \/>\n\u2022 Rango de presi\u00f3n aguas abajo: 2.8\u201d WC a 174 PSIG dependiendo del piloto instalado<br \/>\n\u2022 Temperatura ambiente m\u00ednima: Ejecuci\u00f3n hasta -40\u00b0 F (a especificar en la solicitud)<br \/>\n\u2022 Temperatura ambiente m\u00e1xima: +140\u00b0 F<br \/>\n\u2022 Temperatura del gas que fluye: hasta -4 \u00b0F + 140 \u00b0F<br \/>\n\u2022 Clase de precisi\u00f3n AC: hasta 5<br \/>\n\u2022 Clase de presi\u00f3n de bloqueo SG: hasta 10 dependiendo de la presi\u00f3n de salida<br \/>\n\u2022 Rango de presi\u00f3n de salida: Wh: 2.8\u2033 WC a 174 PSIG dependiendo del piloto instalado1\u201d<br \/>\n\u2022 Dimensiones nominales DN: 2\u2033, 2\u00bd\u201d, 3\u2033, 4\u2033, 6\u2033, 8\u2033, 10\u2033<\/p>\n<p><strong>Materiales:<\/strong><br \/>\n\u2022 Cuerpo: Acero fundido ASTM A216 WCB para todos los tama\u00f1os Hierro d\u00factil GS 400-18 ISO 1083 para tama\u00f1o \u2264 8\u201d<br \/>\n\u2022 Tapas de cabeza: acero al carbono troquelado<br \/>\n\u2022 V\u00e1stago: Acero inoxidable AISI 416<br \/>\n\u2022 V\u00e1lvula: ASTM A 350 LF2 Revestimiento de n\u00edquel en las superficies de sellado<br \/>\n\u2022 Asiento de v\u00e1lvula: Acero + caucho vulcanizado<br \/>\n\u2022 Diafragma: Lona cauchutada<br \/>\n\u2022 Juntas: caucho de nitrilo<br \/>\n\u2022 Racores de compresi\u00f3n: Seg\u00fan DIN 2353 en acero inoxidable cincado<\/p>\n<p><strong>Descargas:<\/strong><br \/>\n<a href=\"https:\/\/combustionregulator.com\/wp-content\/uploads\/2022\/06\/143_400_reval_182_pts503_november_10.pdf\">P\u00f3ster<\/a><br \/>\n<a href=\"https:\/\/combustionregulator.com\/wp-content\/uploads\/2022\/06\/PF-Reval-182-Brochure-ECCO-04.26.22.pdf\">Folleto del producto PF Reval 182<\/a><\/p>","protected":false},"excerpt":{"rendered":"<p>Reval 182 Pilot-Operated Gas Pressure Regulators Pietro Fiorentini&#8217;s Reval 182 is a pilot-controlled pressure regulator for medium and low pressure applications. The Reval 182 is normally a fail to close regulator that will close under the following conditions: \u2022 Breakage of main diaphragm \u2022 Lack of gas feeding to the pilot loop This regulator is [&hellip;]<\/p>\n","protected":false},"featured_media":267,"comment_status":"open","ping_status":"closed","template":"","meta":[],"product_brand":[],"product_cat":[29],"product_tag":[],"class_list":{"0":"post-250","1":"product","2":"type-product","3":"status-publish","4":"has-post-thumbnail","6":"product_cat-over-75-psig-inlet","8":"first","9":"instock","10":"shipping-taxable","11":"product-type-simple"},"yoast_head":"<!-- This site is optimized with the Yoast SEO plugin v27.2 - https:\/\/yoast.com\/product\/yoast-seo-wordpress\/ -->\n<title>PF Reval 182 - Combustion Regulator<\/title>\n<meta name=\"description\" content=\"Pietro Fiorentini&#039;s Reval 182 is a pilot-controlled pressure regulator for medium and low pressure applications. The Reval 182 is normally a fail to close regulator that will close under the following conditions: Breakage of main diaphragm or Lack of gas feeding to the pilot loop. This regulator is suitable for use with previously filtered, non-corrosive gases.\" \/>\n<meta name=\"robots\" content=\"index, follow, max-snippet:-1, max-image-preview:large, max-video-preview:-1\" \/>\n<link rel=\"canonical\" href=\"https:\/\/combustionregulator.com\/es\/producto\/pf-reval-182\/\" \/>\n<meta property=\"og:locale\" content=\"es_MX\" \/>\n<meta property=\"og:type\" content=\"article\" \/>\n<meta property=\"og:title\" content=\"PF Reval 182 - Combustion Regulator\" \/>\n<meta property=\"og:description\" content=\"Pietro Fiorentini&#039;s Reval 182 is a pilot-controlled pressure regulator for medium and low pressure applications. The Reval 182 is normally a fail to close regulator that will close under the following conditions: Breakage of main diaphragm or Lack of gas feeding to the pilot loop. This regulator is suitable for use with previously filtered, non-corrosive gases.\" \/>\n<meta property=\"og:url\" content=\"https:\/\/combustionregulator.com\/es\/producto\/pf-reval-182\/\" \/>\n<meta property=\"og:site_name\" content=\"Combustion Regulator\" \/>\n<meta property=\"article:modified_time\" content=\"2023-11-30T02:13:25+00:00\" \/>\n<meta property=\"og:image\" content=\"https:\/\/combustionregulator.com\/wp-content\/uploads\/2022\/06\/PF20Reval20182.jpg\" \/>\n\t<meta property=\"og:image:width\" content=\"860\" \/>\n\t<meta property=\"og:image:height\" content=\"860\" \/>\n\t<meta property=\"og:image:type\" content=\"image\/jpeg\" \/>\n<meta name=\"twitter:card\" content=\"summary_large_image\" \/>\n<meta name=\"twitter:label1\" content=\"Tiempo de lectura\" \/>\n\t<meta name=\"twitter:data1\" content=\"2 minutes\" \/>\n<script type=\"application\/ld+json\" class=\"yoast-schema-graph\">{\"@context\":\"https:\/\/schema.org\",\"@graph\":[{\"@type\":\"WebPage\",\"@id\":\"https:\/\/combustionregulator.com\/product\/pf-reval-182\/\",\"url\":\"https:\/\/combustionregulator.com\/product\/pf-reval-182\/\",\"name\":\"PF Reval 182 - Combustion Regulator\",\"isPartOf\":{\"@id\":\"https:\/\/combustionregulator.com\/#website\"},\"primaryImageOfPage\":{\"@id\":\"https:\/\/combustionregulator.com\/product\/pf-reval-182\/#primaryimage\"},\"image\":{\"@id\":\"https:\/\/combustionregulator.com\/product\/pf-reval-182\/#primaryimage\"},\"thumbnailUrl\":\"https:\/\/combustionregulator.com\/wp-content\/uploads\/2022\/06\/PF20Reval20182.jpg\",\"datePublished\":\"2022-06-06T16:30:02+00:00\",\"dateModified\":\"2023-11-30T02:13:25+00:00\",\"description\":\"Pietro Fiorentini's Reval 182 is a pilot-controlled pressure regulator for medium and low pressure applications. The Reval 182 is normally a fail to close regulator that will close under the following conditions: Breakage of main diaphragm or Lack of gas feeding to the pilot loop. This regulator is suitable for use with previously filtered, non-corrosive gases.\",\"breadcrumb\":{\"@id\":\"https:\/\/combustionregulator.com\/product\/pf-reval-182\/#breadcrumb\"},\"inLanguage\":\"es-MX\",\"potentialAction\":[{\"@type\":\"ReadAction\",\"target\":[\"https:\/\/combustionregulator.com\/product\/pf-reval-182\/\"]}]},{\"@type\":\"ImageObject\",\"inLanguage\":\"es-MX\",\"@id\":\"https:\/\/combustionregulator.com\/product\/pf-reval-182\/#primaryimage\",\"url\":\"https:\/\/combustionregulator.com\/wp-content\/uploads\/2022\/06\/PF20Reval20182.jpg\",\"contentUrl\":\"https:\/\/combustionregulator.com\/wp-content\/uploads\/2022\/06\/PF20Reval20182.jpg\",\"width\":860,\"height\":860,\"caption\":\"PF Reval 182\"},{\"@type\":\"BreadcrumbList\",\"@id\":\"https:\/\/combustionregulator.com\/product\/pf-reval-182\/#breadcrumb\",\"itemListElement\":[{\"@type\":\"ListItem\",\"position\":1,\"name\":\"Home\",\"item\":\"https:\/\/combustionregulator.com\/\"},{\"@type\":\"ListItem\",\"position\":2,\"name\":\"Shop\",\"item\":\"https:\/\/combustionregulator.com\/shop\/\"},{\"@type\":\"ListItem\",\"position\":3,\"name\":\"PF Reval 182\"}]},{\"@type\":\"WebSite\",\"@id\":\"https:\/\/combustionregulator.com\/#website\",\"url\":\"https:\/\/combustionregulator.com\/\",\"name\":\"Combustion Regulator\",\"description\":\"What you need to know about combustion regulators\",\"potentialAction\":[{\"@type\":\"SearchAction\",\"target\":{\"@type\":\"EntryPoint\",\"urlTemplate\":\"https:\/\/combustionregulator.com\/?s={search_term_string}\"},\"query-input\":{\"@type\":\"PropertyValueSpecification\",\"valueRequired\":true,\"valueName\":\"search_term_string\"}}],\"inLanguage\":\"es-MX\"}]}<\/script>\n<!-- \/ Yoast SEO plugin. -->","yoast_head_json":{"title":"PF Reval 182 - Combustion Regulator","description":"Pietro Fiorentini's Reval 182 is a pilot-controlled pressure regulator for medium and low pressure applications. The Reval 182 is normally a fail to close regulator that will close under the following conditions: Breakage of main diaphragm or Lack of gas feeding to the pilot loop. This regulator is suitable for use with previously filtered, non-corrosive gases.","robots":{"index":"index","follow":"follow","max-snippet":"max-snippet:-1","max-image-preview":"max-image-preview:large","max-video-preview":"max-video-preview:-1"},"canonical":"https:\/\/combustionregulator.com\/es\/producto\/pf-reval-182\/","og_locale":"es_MX","og_type":"article","og_title":"PF Reval 182 - Combustion Regulator","og_description":"Pietro Fiorentini's Reval 182 is a pilot-controlled pressure regulator for medium and low pressure applications. The Reval 182 is normally a fail to close regulator that will close under the following conditions: Breakage of main diaphragm or Lack of gas feeding to the pilot loop. This regulator is suitable for use with previously filtered, non-corrosive gases.","og_url":"https:\/\/combustionregulator.com\/es\/producto\/pf-reval-182\/","og_site_name":"Combustion Regulator","article_modified_time":"2023-11-30T02:13:25+00:00","og_image":[{"width":860,"height":860,"url":"https:\/\/combustionregulator.com\/wp-content\/uploads\/2022\/06\/PF20Reval20182.jpg","type":"image\/jpeg"}],"twitter_card":"summary_large_image","twitter_misc":{"Tiempo de lectura":"2 minutes"},"schema":{"@context":"https:\/\/schema.org","@graph":[{"@type":"WebPage","@id":"https:\/\/combustionregulator.com\/product\/pf-reval-182\/","url":"https:\/\/combustionregulator.com\/product\/pf-reval-182\/","name":"PF Reval 182 - Combustion Regulator","isPartOf":{"@id":"https:\/\/combustionregulator.com\/#website"},"primaryImageOfPage":{"@id":"https:\/\/combustionregulator.com\/product\/pf-reval-182\/#primaryimage"},"image":{"@id":"https:\/\/combustionregulator.com\/product\/pf-reval-182\/#primaryimage"},"thumbnailUrl":"https:\/\/combustionregulator.com\/wp-content\/uploads\/2022\/06\/PF20Reval20182.jpg","datePublished":"2022-06-06T16:30:02+00:00","dateModified":"2023-11-30T02:13:25+00:00","description":"Pietro Fiorentini's Reval 182 is a pilot-controlled pressure regulator for medium and low pressure applications. The Reval 182 is normally a fail to close regulator that will close under the following conditions: Breakage of main diaphragm or Lack of gas feeding to the pilot loop. This regulator is suitable for use with previously filtered, non-corrosive gases.","breadcrumb":{"@id":"https:\/\/combustionregulator.com\/product\/pf-reval-182\/#breadcrumb"},"inLanguage":"es-MX","potentialAction":[{"@type":"ReadAction","target":["https:\/\/combustionregulator.com\/product\/pf-reval-182\/"]}]},{"@type":"ImageObject","inLanguage":"es-MX","@id":"https:\/\/combustionregulator.com\/product\/pf-reval-182\/#primaryimage","url":"https:\/\/combustionregulator.com\/wp-content\/uploads\/2022\/06\/PF20Reval20182.jpg","contentUrl":"https:\/\/combustionregulator.com\/wp-content\/uploads\/2022\/06\/PF20Reval20182.jpg","width":860,"height":860,"caption":"PF Reval 182"},{"@type":"BreadcrumbList","@id":"https:\/\/combustionregulator.com\/product\/pf-reval-182\/#breadcrumb","itemListElement":[{"@type":"ListItem","position":1,"name":"Home","item":"https:\/\/combustionregulator.com\/"},{"@type":"ListItem","position":2,"name":"Shop","item":"https:\/\/combustionregulator.com\/shop\/"},{"@type":"ListItem","position":3,"name":"PF Reval 182"}]},{"@type":"WebSite","@id":"https:\/\/combustionregulator.com\/#website","url":"https:\/\/combustionregulator.com\/","name":"Regulador de combusti\u00f3n","description":"Lo que necesita saber sobre los reguladores de combusti\u00f3n","potentialAction":[{"@type":"SearchAction","target":{"@type":"EntryPoint","urlTemplate":"https:\/\/combustionregulator.com\/?s={search_term_string}"},"query-input":{"@type":"PropertyValueSpecification","valueRequired":true,"valueName":"search_term_string"}}],"inLanguage":"es-MX"}]}},"_links":{"self":[{"href":"https:\/\/combustionregulator.com\/es\/wp-json\/wp\/v2\/product\/250","targetHints":{"allow":["GET"]}}],"collection":[{"href":"https:\/\/combustionregulator.com\/es\/wp-json\/wp\/v2\/product"}],"about":[{"href":"https:\/\/combustionregulator.com\/es\/wp-json\/wp\/v2\/types\/product"}],"replies":[{"embeddable":true,"href":"https:\/\/combustionregulator.com\/es\/wp-json\/wp\/v2\/comments?post=250"}],"wp:featuredmedia":[{"embeddable":true,"href":"https:\/\/combustionregulator.com\/es\/wp-json\/wp\/v2\/media\/267"}],"wp:attachment":[{"href":"https:\/\/combustionregulator.com\/es\/wp-json\/wp\/v2\/media?parent=250"}],"wp:term":[{"taxonomy":"product_brand","embeddable":true,"href":"https:\/\/combustionregulator.com\/es\/wp-json\/wp\/v2\/product_brand?post=250"},{"taxonomy":"product_cat","embeddable":true,"href":"https:\/\/combustionregulator.com\/es\/wp-json\/wp\/v2\/product_cat?post=250"},{"taxonomy":"product_tag","embeddable":true,"href":"https:\/\/combustionregulator.com\/es\/wp-json\/wp\/v2\/product_tag?post=250"}],"curies":[{"name":"wp","href":"https:\/\/api.w.org\/{rel}","templated":true}]}}