{"id":632,"date":"2022-10-28T02:37:16","date_gmt":"2022-10-28T02:37:16","guid":{"rendered":"https:\/\/combustionregu.wpenginepowered.com\/?post_type=product&#038;p=632"},"modified":"2023-11-30T02:11:16","modified_gmt":"2023-11-30T02:11:16","slug":"pf-mod-fe","status":"publish","type":"product","link":"https:\/\/combustionregulator.com\/es\/producto\/pf-mod-fe\/","title":{"rendered":"Mod. FP. FE"},"content":{"rendered":"<p><strong>Mod. FP. FE<\/strong><br \/>\n<strong>Reguladores de presi\u00f3n de gas residencial<\/strong><\/p>\n<p>FE es un regulador de presi\u00f3n autooperado de dos etapas para aplicaciones civiles e industriales y es adecuado para su uso con fluidos gaseosos como gas natural, GLP y gases no corrosivos.<\/p>\n<p>Estos reguladores est\u00e1n dise\u00f1ados para instalarse directamente en medidores de servicios p\u00fablicos o en tuber\u00edas verticales para uso civil.<\/p>\n<p>Se pueden instalar en cualquier posici\u00f3n y en ambientes o espacios protegidos de la intemperie. La descarga de la v\u00e1lvula de alivio interna se puede conducir al exterior en caso de instalaci\u00f3n en habitaciones cerradas o instalaciones subterr\u00e1neas. Los reguladores se fabrican seg\u00fan la norma UNI 8827 y el Decreto Ministerial italiano del 16 de abril de 2008; para la clasificaci\u00f3n de las prestaciones funcionales, se har\u00e1 referencia a las normas EN 16129 y EN 334.<\/p>\n<p><strong>Principales caracter\u00edsticas:<\/strong><br \/>\n\u2022 Rango de presi\u00f3n de entrada bpu: 4,3 \u2013 125 PSIG<br \/>\n\u2022 Presi\u00f3n m\u00e1xima permitida: PS: 125 PSIG<br \/>\n\u2022 Rango de presi\u00f3n de salida BP: 5 \u2013 72.3\u201d WC<\/p>\n<p>\u2022 TR: 2,6 \u2013 7,2 PSIG<br \/>\n\u2022 Rango de cierre por sobrepresi\u00f3n: OPSO BP 14 \u2013 120.5\u201d WC<br \/>\nOPSO TR 4.3 \u2013 11.6 PSIG<br \/>\n\u2022 Clase de precisi\u00f3n AC: hasta 5%<br \/>\n\u2022 Clase de presi\u00f3n de bloqueo: hasta 10%<br \/>\n\u2022 Temperatura: temperatura del gas -4 \u00b0F +140 \u00b0F y temperatura ambiente -40 a +140 \u00b0F<br \/>\n\u2022 Modelos y capacidad: FE10 : 350 SCFH, FE25 : 875 SCFH, FE75 : 1765 SCFH<\/p>\n<p>NOTA: El FE es un regulador de 2 etapas y la capacidad se fija de 4,3 a 125 PSIG Presi\u00f3n de entrada<\/p>\n<p><strong>Dispositivos de seguridad y accesorios:<\/strong><br \/>\n\u2022 Filtro de entrada: \u00e1rea 0,775 in2 (500 mm2) 300 \u03bcm de eficiencia (limpiable)<br \/>\n\u2022 Dispositivo de cierre por sobrepresi\u00f3n (OPSO);<br \/>\n\u2022 V\u00e1lvula de exceso de flujo<br \/>\n\u2022 Solo restablecimiento manual del dispositivo de apagado de seguridad<br \/>\n\u2022 V\u00e1lvula de alivio de token<br \/>\n\u2022 Cierre de seguridad por falla del diafragma de la segunda etapa<br \/>\n\u2022 Versi\u00f3n subterr\u00e1nea\/subacu\u00e1tica con molduras anticorrosivas<br \/>\n\u2022 Versi\u00f3n Univent para ventilaci\u00f3n de instalaciones interiores<br \/>\n\u2022 ANSI Z21.80 versi\u00f3n 10 PSIG m\u00e1x. de entrada y clasificaci\u00f3n de presi\u00f3n de salida clase II<\/p>\n<p><strong>Materiales:<\/strong><br \/>\n\u2022 Cuerpo: Aluminio<br \/>\n\u2022 Cubierta: Aluminio<br \/>\n\u2022 Pintura exterior: Pintura en polvo polim\u00e9rico epoxi<\/p>\n<p><strong>Descargas:<\/strong><br \/>\n<a href=\"https:\/\/combustionregulator.com\/wp-content\/uploads\/2022\/10\/PF-FE-Brochure-ECCO-01.26.22.pdf\">Folleto del regulador de servicios residenciales PF FE<\/a><\/p>","protected":false},"excerpt":{"rendered":"<p>PF Mod. FE Residential Gas Pressure Regulators FE is a double-stage self-operated pressure regulator for civil and industrial applications and it is suitable for use with gaseous fluids such as natural gas, LPG and non-corrosive gases. These regulators are designed to be installed directly on utility meters or on riser mains for civil uses. They [&hellip;]<\/p>\n","protected":false},"featured_media":633,"comment_status":"open","ping_status":"closed","template":"","meta":[],"product_brand":[],"product_cat":[30],"product_tag":[],"class_list":{"0":"post-632","1":"product","2":"type-product","3":"status-publish","4":"has-post-thumbnail","6":"product_cat-up-to-125-psig-inlet","8":"first","9":"instock","10":"shipping-taxable","11":"product-type-simple"},"yoast_head":"<!-- This site is optimized with the Yoast SEO plugin v27.2 - https:\/\/yoast.com\/product\/yoast-seo-wordpress\/ -->\n<title>PF Mod. FE - Combustion Regulator<\/title>\n<meta name=\"description\" content=\"PF Mod FE is a double-stage self-operated pressure regulator for civil and industrial applications and it is suitable for use with gaseous fluids such as natural gas, LPG and non-corrosive gases.These regulators are designed to be installed directly on utility meters or on riser mains for civil uses.\" \/>\n<meta name=\"robots\" content=\"index, follow, max-snippet:-1, max-image-preview:large, max-video-preview:-1\" \/>\n<link rel=\"canonical\" href=\"https:\/\/combustionregulator.com\/es\/producto\/pf-mod-fe\/\" \/>\n<meta property=\"og:locale\" content=\"es_MX\" \/>\n<meta property=\"og:type\" content=\"article\" \/>\n<meta property=\"og:title\" content=\"PF Mod. FE - Combustion Regulator\" \/>\n<meta property=\"og:description\" content=\"PF Mod FE is a double-stage self-operated pressure regulator for civil and industrial applications and it is suitable for use with gaseous fluids such as natural gas, LPG and non-corrosive gases.These regulators are designed to be installed directly on utility meters or on riser mains for civil uses.\" \/>\n<meta property=\"og:url\" content=\"https:\/\/combustionregulator.com\/es\/producto\/pf-mod-fe\/\" \/>\n<meta property=\"og:site_name\" content=\"Combustion Regulator\" \/>\n<meta property=\"article:modified_time\" content=\"2023-11-30T02:11:16+00:00\" \/>\n<meta property=\"og:image\" content=\"https:\/\/combustionregulator.com\/wp-content\/uploads\/2022\/10\/PF-FE-photo-10.2022.jpeg\" \/>\n\t<meta property=\"og:image:width\" content=\"860\" \/>\n\t<meta property=\"og:image:height\" content=\"860\" \/>\n\t<meta property=\"og:image:type\" content=\"image\/jpeg\" \/>\n<meta name=\"twitter:card\" content=\"summary_large_image\" \/>\n<meta name=\"twitter:label1\" content=\"Tiempo de lectura\" \/>\n\t<meta name=\"twitter:data1\" content=\"2 minutes\" \/>\n<script type=\"application\/ld+json\" class=\"yoast-schema-graph\">{\"@context\":\"https:\/\/schema.org\",\"@graph\":[{\"@type\":\"WebPage\",\"@id\":\"https:\/\/combustionregulator.com\/product\/pf-mod-fe\/\",\"url\":\"https:\/\/combustionregulator.com\/product\/pf-mod-fe\/\",\"name\":\"PF Mod. FE - Combustion Regulator\",\"isPartOf\":{\"@id\":\"https:\/\/combustionregulator.com\/#website\"},\"primaryImageOfPage\":{\"@id\":\"https:\/\/combustionregulator.com\/product\/pf-mod-fe\/#primaryimage\"},\"image\":{\"@id\":\"https:\/\/combustionregulator.com\/product\/pf-mod-fe\/#primaryimage\"},\"thumbnailUrl\":\"https:\/\/combustionregulator.com\/wp-content\/uploads\/2022\/10\/PF-FE-photo-10.2022.jpeg\",\"datePublished\":\"2022-10-28T02:37:16+00:00\",\"dateModified\":\"2023-11-30T02:11:16+00:00\",\"description\":\"PF Mod FE is a double-stage self-operated pressure regulator for civil and industrial applications and it is suitable for use with gaseous fluids such as natural gas, LPG and non-corrosive gases.These regulators are designed to be installed directly on utility meters or on riser mains for civil uses.\",\"breadcrumb\":{\"@id\":\"https:\/\/combustionregulator.com\/product\/pf-mod-fe\/#breadcrumb\"},\"inLanguage\":\"es-MX\",\"potentialAction\":[{\"@type\":\"ReadAction\",\"target\":[\"https:\/\/combustionregulator.com\/product\/pf-mod-fe\/\"]}]},{\"@type\":\"ImageObject\",\"inLanguage\":\"es-MX\",\"@id\":\"https:\/\/combustionregulator.com\/product\/pf-mod-fe\/#primaryimage\",\"url\":\"https:\/\/combustionregulator.com\/wp-content\/uploads\/2022\/10\/PF-FE-photo-10.2022.jpeg\",\"contentUrl\":\"https:\/\/combustionregulator.com\/wp-content\/uploads\/2022\/10\/PF-FE-photo-10.2022.jpeg\",\"width\":860,\"height\":860,\"caption\":\"PF Mod FE\"},{\"@type\":\"BreadcrumbList\",\"@id\":\"https:\/\/combustionregulator.com\/product\/pf-mod-fe\/#breadcrumb\",\"itemListElement\":[{\"@type\":\"ListItem\",\"position\":1,\"name\":\"Home\",\"item\":\"https:\/\/combustionregulator.com\/\"},{\"@type\":\"ListItem\",\"position\":2,\"name\":\"Shop\",\"item\":\"https:\/\/combustionregulator.com\/shop\/\"},{\"@type\":\"ListItem\",\"position\":3,\"name\":\"PF Mod. FE\"}]},{\"@type\":\"WebSite\",\"@id\":\"https:\/\/combustionregulator.com\/#website\",\"url\":\"https:\/\/combustionregulator.com\/\",\"name\":\"Combustion Regulator\",\"description\":\"What you need to know about combustion regulators\",\"potentialAction\":[{\"@type\":\"SearchAction\",\"target\":{\"@type\":\"EntryPoint\",\"urlTemplate\":\"https:\/\/combustionregulator.com\/?s={search_term_string}\"},\"query-input\":{\"@type\":\"PropertyValueSpecification\",\"valueRequired\":true,\"valueName\":\"search_term_string\"}}],\"inLanguage\":\"es-MX\"}]}<\/script>\n<!-- \/ Yoast SEO plugin. -->","yoast_head_json":{"title":"PF Mod. FE - Combustion Regulator","description":"PF Mod FE is a double-stage self-operated pressure regulator for civil and industrial applications and it is suitable for use with gaseous fluids such as natural gas, LPG and non-corrosive gases.These regulators are designed to be installed directly on utility meters or on riser mains for civil uses.","robots":{"index":"index","follow":"follow","max-snippet":"max-snippet:-1","max-image-preview":"max-image-preview:large","max-video-preview":"max-video-preview:-1"},"canonical":"https:\/\/combustionregulator.com\/es\/producto\/pf-mod-fe\/","og_locale":"es_MX","og_type":"article","og_title":"PF Mod. FE - Combustion Regulator","og_description":"PF Mod FE is a double-stage self-operated pressure regulator for civil and industrial applications and it is suitable for use with gaseous fluids such as natural gas, LPG and non-corrosive gases.These regulators are designed to be installed directly on utility meters or on riser mains for civil uses.","og_url":"https:\/\/combustionregulator.com\/es\/producto\/pf-mod-fe\/","og_site_name":"Combustion Regulator","article_modified_time":"2023-11-30T02:11:16+00:00","og_image":[{"width":860,"height":860,"url":"https:\/\/combustionregulator.com\/wp-content\/uploads\/2022\/10\/PF-FE-photo-10.2022.jpeg","type":"image\/jpeg"}],"twitter_card":"summary_large_image","twitter_misc":{"Tiempo de lectura":"2 minutes"},"schema":{"@context":"https:\/\/schema.org","@graph":[{"@type":"WebPage","@id":"https:\/\/combustionregulator.com\/product\/pf-mod-fe\/","url":"https:\/\/combustionregulator.com\/product\/pf-mod-fe\/","name":"PF Mod. FE - Combustion Regulator","isPartOf":{"@id":"https:\/\/combustionregulator.com\/#website"},"primaryImageOfPage":{"@id":"https:\/\/combustionregulator.com\/product\/pf-mod-fe\/#primaryimage"},"image":{"@id":"https:\/\/combustionregulator.com\/product\/pf-mod-fe\/#primaryimage"},"thumbnailUrl":"https:\/\/combustionregulator.com\/wp-content\/uploads\/2022\/10\/PF-FE-photo-10.2022.jpeg","datePublished":"2022-10-28T02:37:16+00:00","dateModified":"2023-11-30T02:11:16+00:00","description":"PF Mod FE is a double-stage self-operated pressure regulator for civil and industrial applications and it is suitable for use with gaseous fluids such as natural gas, LPG and non-corrosive gases.These regulators are designed to be installed directly on utility meters or on riser mains for civil uses.","breadcrumb":{"@id":"https:\/\/combustionregulator.com\/product\/pf-mod-fe\/#breadcrumb"},"inLanguage":"es-MX","potentialAction":[{"@type":"ReadAction","target":["https:\/\/combustionregulator.com\/product\/pf-mod-fe\/"]}]},{"@type":"ImageObject","inLanguage":"es-MX","@id":"https:\/\/combustionregulator.com\/product\/pf-mod-fe\/#primaryimage","url":"https:\/\/combustionregulator.com\/wp-content\/uploads\/2022\/10\/PF-FE-photo-10.2022.jpeg","contentUrl":"https:\/\/combustionregulator.com\/wp-content\/uploads\/2022\/10\/PF-FE-photo-10.2022.jpeg","width":860,"height":860,"caption":"PF Mod FE"},{"@type":"BreadcrumbList","@id":"https:\/\/combustionregulator.com\/product\/pf-mod-fe\/#breadcrumb","itemListElement":[{"@type":"ListItem","position":1,"name":"Home","item":"https:\/\/combustionregulator.com\/"},{"@type":"ListItem","position":2,"name":"Shop","item":"https:\/\/combustionregulator.com\/shop\/"},{"@type":"ListItem","position":3,"name":"PF Mod. FE"}]},{"@type":"WebSite","@id":"https:\/\/combustionregulator.com\/#website","url":"https:\/\/combustionregulator.com\/","name":"Regulador de combusti\u00f3n","description":"Lo que necesita saber sobre los reguladores de combusti\u00f3n","potentialAction":[{"@type":"SearchAction","target":{"@type":"EntryPoint","urlTemplate":"https:\/\/combustionregulator.com\/?s={search_term_string}"},"query-input":{"@type":"PropertyValueSpecification","valueRequired":true,"valueName":"search_term_string"}}],"inLanguage":"es-MX"}]}},"_links":{"self":[{"href":"https:\/\/combustionregulator.com\/es\/wp-json\/wp\/v2\/product\/632","targetHints":{"allow":["GET"]}}],"collection":[{"href":"https:\/\/combustionregulator.com\/es\/wp-json\/wp\/v2\/product"}],"about":[{"href":"https:\/\/combustionregulator.com\/es\/wp-json\/wp\/v2\/types\/product"}],"replies":[{"embeddable":true,"href":"https:\/\/combustionregulator.com\/es\/wp-json\/wp\/v2\/comments?post=632"}],"wp:featuredmedia":[{"embeddable":true,"href":"https:\/\/combustionregulator.com\/es\/wp-json\/wp\/v2\/media\/633"}],"wp:attachment":[{"href":"https:\/\/combustionregulator.com\/es\/wp-json\/wp\/v2\/media?parent=632"}],"wp:term":[{"taxonomy":"product_brand","embeddable":true,"href":"https:\/\/combustionregulator.com\/es\/wp-json\/wp\/v2\/product_brand?post=632"},{"taxonomy":"product_cat","embeddable":true,"href":"https:\/\/combustionregulator.com\/es\/wp-json\/wp\/v2\/product_cat?post=632"},{"taxonomy":"product_tag","embeddable":true,"href":"https:\/\/combustionregulator.com\/es\/wp-json\/wp\/v2\/product_tag?post=632"}],"curies":[{"name":"wp","href":"https:\/\/api.w.org\/{rel}","templated":true}]}}