{"id":637,"date":"2022-10-28T02:48:29","date_gmt":"2022-10-28T02:48:29","guid":{"rendered":"https:\/\/combustionregu.wpenginepowered.com\/?post_type=product&#038;p=637"},"modified":"2023-11-30T02:10:34","modified_gmt":"2023-11-30T02:10:34","slug":"pf-mod-fex","status":"publish","type":"product","link":"https:\/\/combustionregulator.com\/es\/producto\/pf-mod-fex\/","title":{"rendered":"Mod. FP. FEX"},"content":{"rendered":"<p><strong>Regulador de servicio comercial PF Mod FEX<\/strong><\/p>\n<p>La serie FEX de reguladores accionados por resorte autoaccionados de dos etapas se usa ampliamente en instalaciones comerciales e industriales que utilizan gas natural, GLP y otros gases no corrosivos.<\/p>\n<p>Est\u00e1n dise\u00f1ados para instalaci\u00f3n directa a un medidor de gas y para uso en trabajos generales de tuber\u00edas. Se pueden montar en cualquier posici\u00f3n siempre que la ventilaci\u00f3n est\u00e9 protegida de la intemperie. Cuando la instalaci\u00f3n se encuentra en un \u00e1rea cerrada, la ventilaci\u00f3n de alivio interna se puede canalizar hacia el exterior.<\/p>\n<p>Un regulador balanceado de dos etapas da como resultado una regulaci\u00f3n precisa y una alta confiabilidad operativa.<\/p>\n<p>Los reguladores son fabricados seg\u00fan las normas UNI 8827 y ANSI B109.<\/p>\n<p><strong>Principales caracter\u00edsticas:<\/strong><br \/>\n\u2022 Rango de presi\u00f3n de entrada: bpu: 4,35 -125 PSIG<br \/>\n\u2022 Presi\u00f3n m\u00e1xima permitida: PS: 125 PSIG<br \/>\n\u2022 Rango de presi\u00f3n de salida Wd:<br \/>\nPA: 5.2 \u2013 40.1\u201d CA<br \/>\nMP: 40.1\u2033 CA \u2013 5 PSIG<br \/>\n\u2022 Rango de ajuste de cierre por sobrepresi\u00f3n:<br \/>\nWd OPSO BP 12.8 \u2013 64.3\u201d WC<br \/>\nWd OPSO MP 62.2 \u2013 180.8\u201d WC<br \/>\n\u2022 Rango de ajuste de cierre por baja presi\u00f3n:<br \/>\nWd UPSO 2.4 \u2013 32.1\u201d CA<br \/>\nWd UPSO MP 32.1 \u2013 80.3\u201d WC<br \/>\n\u2022 Clase de precisi\u00f3n: CA 5\/10%<br \/>\n\u2022 Clase de presi\u00f3n de bloqueo: SG 30% Max<br \/>\n\u2022 Clase de temperatura: 2: -68\u00b0F+140\u00b0F<\/p>\n<p><strong>Dispositivos de seguridad y accesorios:<\/strong><br \/>\n\u2022 Filtro de entrada integrado de 100 \u03bcm con un \u00e1rea de 1,55 pulgadas<br \/>\n\u2022 Dispositivo de cierre de sobrepresi\u00f3n (OPSO)<br \/>\n\u2022 Dispositivo de cierre por baja presi\u00f3n (UPSO)<br \/>\n\u2022 V\u00e1lvula de exceso de flujo<br \/>\n\u2022 V\u00e1lvula de alivio interna de ficha interna (IRV)<br \/>\n\u2022 Dispositivo de corte de seguridad por falta de alimentaci\u00f3n (UPSO)<br \/>\n\u2022 Solo restablecimiento manual del dispositivo de apagado de seguridad<\/p>\n<p><strong>Materiales:<\/strong><br \/>\n\u2022 Cuerpo \u2013 Aluminio Al GD-AlSi12 \u2013 EN AB 46100<br \/>\n\u2022 Tapa \u2013 Aluminio Al GD-AlSi12 \u2013 EN AB 46100<br \/>\n\u2022 Tratamientos exteriores: 2\u00aa fase arenado de carrocer\u00eda y tapa + fosfatado + pintura en polvo epoxi poliuretano al horno. Recubrimiento tapa 1\u00aa etapa y dispositivo de cierre<\/p>\n<p><strong>Descargas:<\/strong><br \/>\n<a href=\"https:\/\/combustionregulator.com\/wp-content\/uploads\/2022\/10\/PF-FEX-Brochure-ECCO-01.26.22.pdf\">Folleto del producto PF Mod FEX<\/a><\/p>","protected":false},"excerpt":{"rendered":"<p>PF Mod FEX Commercial Service Regulator The FEX series of two-stage self-driven spring loaded regulators are widely used in both commercial and industrial installations using natural gas, LPG and other non-corrosive gases. They are designed for direct installation to a gas meter and for use in general pipeline work. They can be mounted in any [&hellip;]<\/p>\n","protected":false},"featured_media":634,"comment_status":"open","ping_status":"closed","template":"","meta":[],"product_brand":[],"product_cat":[30],"product_tag":[],"class_list":{"0":"post-637","1":"product","2":"type-product","3":"status-publish","4":"has-post-thumbnail","6":"product_cat-up-to-125-psig-inlet","8":"first","9":"instock","10":"shipping-taxable","11":"product-type-simple"},"yoast_head":"<!-- This site is optimized with the Yoast SEO plugin v27.2 - https:\/\/yoast.com\/product\/yoast-seo-wordpress\/ -->\n<title>PF Mod. FEX - Combustion Regulator<\/title>\n<meta name=\"description\" content=\"PF Mod FE is a double-stage self-operated pressure regulator for civil and industrial applications and it is suitable for use with gaseous fluids such as natural gas, LPG and non-corrosive gases.These regulators are designed to be installed directly on utility meters or on riser mains for civil uses.PF Mod FEX Commercial Service Regulator series of two-stage self-driven spring loaded regulators are widely used in both commercial and industrial installations using natural gas, LPG and other non-corrosive gases.They are designed for direct installation to a gas meter and for use in general pipeline work. They can be mounted in any position provided the vent is protected from weather. When the installation is in an enclosed area, the internal relief vent can be piped outside.\" \/>\n<meta name=\"robots\" content=\"index, follow, max-snippet:-1, max-image-preview:large, max-video-preview:-1\" \/>\n<link rel=\"canonical\" href=\"https:\/\/combustionregulator.com\/es\/producto\/pf-mod-fex\/\" \/>\n<meta property=\"og:locale\" content=\"es_MX\" \/>\n<meta property=\"og:type\" content=\"article\" \/>\n<meta property=\"og:title\" content=\"PF Mod. FEX - Combustion Regulator\" \/>\n<meta property=\"og:description\" content=\"PF Mod FE is a double-stage self-operated pressure regulator for civil and industrial applications and it is suitable for use with gaseous fluids such as natural gas, LPG and non-corrosive gases.These regulators are designed to be installed directly on utility meters or on riser mains for civil uses.PF Mod FEX Commercial Service Regulator series of two-stage self-driven spring loaded regulators are widely used in both commercial and industrial installations using natural gas, LPG and other non-corrosive gases.They are designed for direct installation to a gas meter and for use in general pipeline work. They can be mounted in any position provided the vent is protected from weather. When the installation is in an enclosed area, the internal relief vent can be piped outside.\" \/>\n<meta property=\"og:url\" content=\"https:\/\/combustionregulator.com\/es\/producto\/pf-mod-fex\/\" \/>\n<meta property=\"og:site_name\" content=\"Combustion Regulator\" \/>\n<meta property=\"article:modified_time\" content=\"2023-11-30T02:10:34+00:00\" \/>\n<meta property=\"og:image\" content=\"https:\/\/combustionregulator.com\/wp-content\/uploads\/2022\/10\/PF-FEX-photo-10.2022.jpeg\" \/>\n\t<meta property=\"og:image:width\" content=\"860\" \/>\n\t<meta property=\"og:image:height\" content=\"860\" \/>\n\t<meta property=\"og:image:type\" content=\"image\/jpeg\" \/>\n<meta name=\"twitter:card\" content=\"summary_large_image\" \/>\n<meta name=\"twitter:label1\" content=\"Tiempo de lectura\" \/>\n\t<meta name=\"twitter:data1\" content=\"2 minutes\" \/>\n<script type=\"application\/ld+json\" class=\"yoast-schema-graph\">{\"@context\":\"https:\/\/schema.org\",\"@graph\":[{\"@type\":\"WebPage\",\"@id\":\"https:\/\/combustionregulator.com\/product\/pf-mod-fex\/\",\"url\":\"https:\/\/combustionregulator.com\/product\/pf-mod-fex\/\",\"name\":\"PF Mod. FEX - Combustion Regulator\",\"isPartOf\":{\"@id\":\"https:\/\/combustionregulator.com\/#website\"},\"primaryImageOfPage\":{\"@id\":\"https:\/\/combustionregulator.com\/product\/pf-mod-fex\/#primaryimage\"},\"image\":{\"@id\":\"https:\/\/combustionregulator.com\/product\/pf-mod-fex\/#primaryimage\"},\"thumbnailUrl\":\"https:\/\/combustionregulator.com\/wp-content\/uploads\/2022\/10\/PF-FEX-photo-10.2022.jpeg\",\"datePublished\":\"2022-10-28T02:48:29+00:00\",\"dateModified\":\"2023-11-30T02:10:34+00:00\",\"description\":\"PF Mod FE is a double-stage self-operated pressure regulator for civil and industrial applications and it is suitable for use with gaseous fluids such as natural gas, LPG and non-corrosive gases.These regulators are designed to be installed directly on utility meters or on riser mains for civil uses.PF Mod FEX Commercial Service Regulator series of two-stage self-driven spring loaded regulators are widely used in both commercial and industrial installations using natural gas, LPG and other non-corrosive gases.They are designed for direct installation to a gas meter and for use in general pipeline work. They can be mounted in any position provided the vent is protected from weather. When the installation is in an enclosed area, the internal relief vent can be piped outside.\",\"breadcrumb\":{\"@id\":\"https:\/\/combustionregulator.com\/product\/pf-mod-fex\/#breadcrumb\"},\"inLanguage\":\"es-MX\",\"potentialAction\":[{\"@type\":\"ReadAction\",\"target\":[\"https:\/\/combustionregulator.com\/product\/pf-mod-fex\/\"]}]},{\"@type\":\"ImageObject\",\"inLanguage\":\"es-MX\",\"@id\":\"https:\/\/combustionregulator.com\/product\/pf-mod-fex\/#primaryimage\",\"url\":\"https:\/\/combustionregulator.com\/wp-content\/uploads\/2022\/10\/PF-FEX-photo-10.2022.jpeg\",\"contentUrl\":\"https:\/\/combustionregulator.com\/wp-content\/uploads\/2022\/10\/PF-FEX-photo-10.2022.jpeg\",\"width\":860,\"height\":860,\"caption\":\"PF FEX\"},{\"@type\":\"BreadcrumbList\",\"@id\":\"https:\/\/combustionregulator.com\/product\/pf-mod-fex\/#breadcrumb\",\"itemListElement\":[{\"@type\":\"ListItem\",\"position\":1,\"name\":\"Home\",\"item\":\"https:\/\/combustionregulator.com\/\"},{\"@type\":\"ListItem\",\"position\":2,\"name\":\"Shop\",\"item\":\"https:\/\/combustionregulator.com\/shop\/\"},{\"@type\":\"ListItem\",\"position\":3,\"name\":\"PF Mod. FEX\"}]},{\"@type\":\"WebSite\",\"@id\":\"https:\/\/combustionregulator.com\/#website\",\"url\":\"https:\/\/combustionregulator.com\/\",\"name\":\"Combustion Regulator\",\"description\":\"What you need to know about combustion regulators\",\"potentialAction\":[{\"@type\":\"SearchAction\",\"target\":{\"@type\":\"EntryPoint\",\"urlTemplate\":\"https:\/\/combustionregulator.com\/?s={search_term_string}\"},\"query-input\":{\"@type\":\"PropertyValueSpecification\",\"valueRequired\":true,\"valueName\":\"search_term_string\"}}],\"inLanguage\":\"es-MX\"}]}<\/script>\n<!-- \/ Yoast SEO plugin. -->","yoast_head_json":{"title":"PF Mod. FEX - Combustion Regulator","description":"PF Mod FE is a double-stage self-operated pressure regulator for civil and industrial applications and it is suitable for use with gaseous fluids such as natural gas, LPG and non-corrosive gases.These regulators are designed to be installed directly on utility meters or on riser mains for civil uses.PF Mod FEX Commercial Service Regulator series of two-stage self-driven spring loaded regulators are widely used in both commercial and industrial installations using natural gas, LPG and other non-corrosive gases.They are designed for direct installation to a gas meter and for use in general pipeline work. They can be mounted in any position provided the vent is protected from weather. When the installation is in an enclosed area, the internal relief vent can be piped outside.","robots":{"index":"index","follow":"follow","max-snippet":"max-snippet:-1","max-image-preview":"max-image-preview:large","max-video-preview":"max-video-preview:-1"},"canonical":"https:\/\/combustionregulator.com\/es\/producto\/pf-mod-fex\/","og_locale":"es_MX","og_type":"article","og_title":"PF Mod. FEX - Combustion Regulator","og_description":"PF Mod FE is a double-stage self-operated pressure regulator for civil and industrial applications and it is suitable for use with gaseous fluids such as natural gas, LPG and non-corrosive gases.These regulators are designed to be installed directly on utility meters or on riser mains for civil uses.PF Mod FEX Commercial Service Regulator series of two-stage self-driven spring loaded regulators are widely used in both commercial and industrial installations using natural gas, LPG and other non-corrosive gases.They are designed for direct installation to a gas meter and for use in general pipeline work. They can be mounted in any position provided the vent is protected from weather. When the installation is in an enclosed area, the internal relief vent can be piped outside.","og_url":"https:\/\/combustionregulator.com\/es\/producto\/pf-mod-fex\/","og_site_name":"Combustion Regulator","article_modified_time":"2023-11-30T02:10:34+00:00","og_image":[{"width":860,"height":860,"url":"https:\/\/combustionregulator.com\/wp-content\/uploads\/2022\/10\/PF-FEX-photo-10.2022.jpeg","type":"image\/jpeg"}],"twitter_card":"summary_large_image","twitter_misc":{"Tiempo de lectura":"2 minutes"},"schema":{"@context":"https:\/\/schema.org","@graph":[{"@type":"WebPage","@id":"https:\/\/combustionregulator.com\/product\/pf-mod-fex\/","url":"https:\/\/combustionregulator.com\/product\/pf-mod-fex\/","name":"PF Mod. FEX - Combustion Regulator","isPartOf":{"@id":"https:\/\/combustionregulator.com\/#website"},"primaryImageOfPage":{"@id":"https:\/\/combustionregulator.com\/product\/pf-mod-fex\/#primaryimage"},"image":{"@id":"https:\/\/combustionregulator.com\/product\/pf-mod-fex\/#primaryimage"},"thumbnailUrl":"https:\/\/combustionregulator.com\/wp-content\/uploads\/2022\/10\/PF-FEX-photo-10.2022.jpeg","datePublished":"2022-10-28T02:48:29+00:00","dateModified":"2023-11-30T02:10:34+00:00","description":"PF Mod FE is a double-stage self-operated pressure regulator for civil and industrial applications and it is suitable for use with gaseous fluids such as natural gas, LPG and non-corrosive gases.These regulators are designed to be installed directly on utility meters or on riser mains for civil uses.PF Mod FEX Commercial Service Regulator series of two-stage self-driven spring loaded regulators are widely used in both commercial and industrial installations using natural gas, LPG and other non-corrosive gases.They are designed for direct installation to a gas meter and for use in general pipeline work. They can be mounted in any position provided the vent is protected from weather. When the installation is in an enclosed area, the internal relief vent can be piped outside.","breadcrumb":{"@id":"https:\/\/combustionregulator.com\/product\/pf-mod-fex\/#breadcrumb"},"inLanguage":"es-MX","potentialAction":[{"@type":"ReadAction","target":["https:\/\/combustionregulator.com\/product\/pf-mod-fex\/"]}]},{"@type":"ImageObject","inLanguage":"es-MX","@id":"https:\/\/combustionregulator.com\/product\/pf-mod-fex\/#primaryimage","url":"https:\/\/combustionregulator.com\/wp-content\/uploads\/2022\/10\/PF-FEX-photo-10.2022.jpeg","contentUrl":"https:\/\/combustionregulator.com\/wp-content\/uploads\/2022\/10\/PF-FEX-photo-10.2022.jpeg","width":860,"height":860,"caption":"PF FEX"},{"@type":"BreadcrumbList","@id":"https:\/\/combustionregulator.com\/product\/pf-mod-fex\/#breadcrumb","itemListElement":[{"@type":"ListItem","position":1,"name":"Home","item":"https:\/\/combustionregulator.com\/"},{"@type":"ListItem","position":2,"name":"Shop","item":"https:\/\/combustionregulator.com\/shop\/"},{"@type":"ListItem","position":3,"name":"PF Mod. FEX"}]},{"@type":"WebSite","@id":"https:\/\/combustionregulator.com\/#website","url":"https:\/\/combustionregulator.com\/","name":"Regulador de combusti\u00f3n","description":"Lo que necesita saber sobre los reguladores de combusti\u00f3n","potentialAction":[{"@type":"SearchAction","target":{"@type":"EntryPoint","urlTemplate":"https:\/\/combustionregulator.com\/?s={search_term_string}"},"query-input":{"@type":"PropertyValueSpecification","valueRequired":true,"valueName":"search_term_string"}}],"inLanguage":"es-MX"}]}},"_links":{"self":[{"href":"https:\/\/combustionregulator.com\/es\/wp-json\/wp\/v2\/product\/637","targetHints":{"allow":["GET"]}}],"collection":[{"href":"https:\/\/combustionregulator.com\/es\/wp-json\/wp\/v2\/product"}],"about":[{"href":"https:\/\/combustionregulator.com\/es\/wp-json\/wp\/v2\/types\/product"}],"replies":[{"embeddable":true,"href":"https:\/\/combustionregulator.com\/es\/wp-json\/wp\/v2\/comments?post=637"}],"wp:featuredmedia":[{"embeddable":true,"href":"https:\/\/combustionregulator.com\/es\/wp-json\/wp\/v2\/media\/634"}],"wp:attachment":[{"href":"https:\/\/combustionregulator.com\/es\/wp-json\/wp\/v2\/media?parent=637"}],"wp:term":[{"taxonomy":"product_brand","embeddable":true,"href":"https:\/\/combustionregulator.com\/es\/wp-json\/wp\/v2\/product_brand?post=637"},{"taxonomy":"product_cat","embeddable":true,"href":"https:\/\/combustionregulator.com\/es\/wp-json\/wp\/v2\/product_cat?post=637"},{"taxonomy":"product_tag","embeddable":true,"href":"https:\/\/combustionregulator.com\/es\/wp-json\/wp\/v2\/product_tag?post=637"}],"curies":[{"name":"wp","href":"https:\/\/api.w.org\/{rel}","templated":true}]}}